{"id":17054,"date":"2023-04-24T09:44:15","date_gmt":"2023-04-24T07:44:15","guid":{"rendered":"https:\/\/www.plasnor.com\/railway\/"},"modified":"2024-02-05T17:21:01","modified_gmt":"2024-02-05T16:21:01","slug":"ferroviaire","status":"publish","type":"page","link":"https:\/\/www.plasnor.com\/fr\/thermoformage\/secteurs-et-applications\/ferroviaire\/","title":{"rendered":"Ferroviaire"},"content":{"rendered":"<p>Nous disposons de mat\u00e9riaux sp\u00e9cifiques pour l\u2019industrie ferroviaire, conformes \u00e0 la r\u00e9glementation de r\u00e9sistance au feu applicable dans chaque pays. Possibilit\u00e9 de fabriquer des petits composants de sous-ensembles en fibre jusqu\u2019\u00e0 des pi\u00e8ces d\u2019int\u00e9rieur de plus grandes dimensions.<\/p>\n<p><img loading=\"lazy\" decoding=\"async\" class=\"alignnone wp-image-14958 size-full\" src=\"https:\/\/www.plasnor.com\/wp-content\/uploads\/2023\/04\/02-plasnor-sector-railway.jpg\" alt=\"\" width=\"449\" height=\"300\" title=\"\" srcset=\"https:\/\/www.plasnor.com\/wp-content\/uploads\/2023\/04\/02-plasnor-sector-railway.jpg 449w, https:\/\/www.plasnor.com\/wp-content\/uploads\/2023\/04\/02-plasnor-sector-railway-300x200.jpg 300w\" sizes=\"auto, (max-width: 449px) 100vw, 449px\" \/><\/p>\n","protected":false},"excerpt":{"rendered":"<p>Nous disposons de mat\u00e9riaux sp\u00e9cifiques pour l\u2019industrie ferroviaire, conformes \u00e0 la r\u00e9glementation de r\u00e9sistance au feu applicable dans &#8230; <a title=\"Ferroviaire\" class=\"read-more\" href=\"https:\/\/www.plasnor.com\/fr\/thermoformage\/secteurs-et-applications\/ferroviaire\/\" aria-label=\"En savoir plus sur Ferroviaire\">[ + info ]<\/a><\/p>\n","protected":false},"author":1,"featured_media":0,"parent":17058,"menu_order":0,"comment_status":"closed","ping_status":"closed","template":"","meta":{"footnotes":""},"categories":[468],"tags":[],"class_list":{"0":"post-17054","1":"page","2":"type-page","3":"status-publish","5":"category-page-termonconformado-fr"},"_links":{"self":[{"href":"https:\/\/www.plasnor.com\/fr\/wp-json\/wp\/v2\/pages\/17054","targetHints":{"allow":["GET"]}}],"collection":[{"href":"https:\/\/www.plasnor.com\/fr\/wp-json\/wp\/v2\/pages"}],"about":[{"href":"https:\/\/www.plasnor.com\/fr\/wp-json\/wp\/v2\/types\/page"}],"author":[{"embeddable":true,"href":"https:\/\/www.plasnor.com\/fr\/wp-json\/wp\/v2\/users\/1"}],"replies":[{"embeddable":true,"href":"https:\/\/www.plasnor.com\/fr\/wp-json\/wp\/v2\/comments?post=17054"}],"version-history":[{"count":0,"href":"https:\/\/www.plasnor.com\/fr\/wp-json\/wp\/v2\/pages\/17054\/revisions"}],"up":[{"embeddable":true,"href":"https:\/\/www.plasnor.com\/fr\/wp-json\/wp\/v2\/pages\/17058"}],"wp:attachment":[{"href":"https:\/\/www.plasnor.com\/fr\/wp-json\/wp\/v2\/media?parent=17054"}],"wp:term":[{"taxonomy":"category","embeddable":true,"href":"https:\/\/www.plasnor.com\/fr\/wp-json\/wp\/v2\/categories?post=17054"},{"taxonomy":"post_tag","embeddable":true,"href":"https:\/\/www.plasnor.com\/fr\/wp-json\/wp\/v2\/tags?post=17054"}],"curies":[{"name":"wp","href":"https:\/\/api.w.org\/{rel}","templated":true}]}}