{"id":17056,"date":"2023-04-24T09:43:52","date_gmt":"2023-04-24T07:43:52","guid":{"rendered":"https:\/\/www.plasnor.com\/automotive\/"},"modified":"2024-02-05T17:17:57","modified_gmt":"2024-02-05T16:17:57","slug":"automobile","status":"publish","type":"page","link":"https:\/\/www.plasnor.com\/fr\/thermoformage\/secteurs-et-applications\/automobile\/","title":{"rendered":"Automobile"},"content":{"rendered":"<p>Tous les types de pi\u00e8ces thermoform\u00e9es pour l\u2019industrie automobile, tels que les car\u00e9nages ou ensembles assembl\u00e9s, pr\u00eats \u00e0 \u00eatre assembl\u00e9s. Pi\u00e8ces sur mesure, avec tailles, mat\u00e9riaux et finitions qui r\u00e9pondent aux besoins de nos clients.<\/p>\n<p><img loading=\"lazy\" decoding=\"async\" class=\"alignnone wp-image-14954\" src=\"https:\/\/www.plasnor.com\/wp-content\/uploads\/2023\/04\/01-plasnor-automotion01.jpg\" alt=\"\" width=\"600\" height=\"399\" title=\"\" srcset=\"https:\/\/www.plasnor.com\/wp-content\/uploads\/2023\/04\/01-plasnor-automotion01.jpg 800w, https:\/\/www.plasnor.com\/wp-content\/uploads\/2023\/04\/01-plasnor-automotion01-300x200.jpg 300w, https:\/\/www.plasnor.com\/wp-content\/uploads\/2023\/04\/01-plasnor-automotion01-768x511.jpg 768w, https:\/\/www.plasnor.com\/wp-content\/uploads\/2023\/04\/01-plasnor-automotion01-720x480.jpg 720w\" sizes=\"auto, (max-width: 600px) 100vw, 600px\" \/><\/p>\n","protected":false},"excerpt":{"rendered":"<p>Tous les types de pi\u00e8ces thermoform\u00e9es pour l\u2019industrie automobile, tels que les car\u00e9nages ou ensembles assembl\u00e9s, pr\u00eats \u00e0 &#8230; <a title=\"Automobile\" class=\"read-more\" href=\"https:\/\/www.plasnor.com\/fr\/thermoformage\/secteurs-et-applications\/automobile\/\" aria-label=\"En savoir plus sur Automobile\">[ + info ]<\/a><\/p>\n","protected":false},"author":1,"featured_media":0,"parent":17058,"menu_order":0,"comment_status":"closed","ping_status":"closed","template":"","meta":{"footnotes":""},"categories":[468],"tags":[],"class_list":{"0":"post-17056","1":"page","2":"type-page","3":"status-publish","5":"category-page-termonconformado-fr"},"_links":{"self":[{"href":"https:\/\/www.plasnor.com\/fr\/wp-json\/wp\/v2\/pages\/17056","targetHints":{"allow":["GET"]}}],"collection":[{"href":"https:\/\/www.plasnor.com\/fr\/wp-json\/wp\/v2\/pages"}],"about":[{"href":"https:\/\/www.plasnor.com\/fr\/wp-json\/wp\/v2\/types\/page"}],"author":[{"embeddable":true,"href":"https:\/\/www.plasnor.com\/fr\/wp-json\/wp\/v2\/users\/1"}],"replies":[{"embeddable":true,"href":"https:\/\/www.plasnor.com\/fr\/wp-json\/wp\/v2\/comments?post=17056"}],"version-history":[{"count":0,"href":"https:\/\/www.plasnor.com\/fr\/wp-json\/wp\/v2\/pages\/17056\/revisions"}],"up":[{"embeddable":true,"href":"https:\/\/www.plasnor.com\/fr\/wp-json\/wp\/v2\/pages\/17058"}],"wp:attachment":[{"href":"https:\/\/www.plasnor.com\/fr\/wp-json\/wp\/v2\/media?parent=17056"}],"wp:term":[{"taxonomy":"category","embeddable":true,"href":"https:\/\/www.plasnor.com\/fr\/wp-json\/wp\/v2\/categories?post=17056"},{"taxonomy":"post_tag","embeddable":true,"href":"https:\/\/www.plasnor.com\/fr\/wp-json\/wp\/v2\/tags?post=17056"}],"curies":[{"name":"wp","href":"https:\/\/api.w.org\/{rel}","templated":true}]}}