{"id":17066,"date":"2023-04-20T22:42:25","date_gmt":"2023-04-20T20:42:25","guid":{"rendered":"https:\/\/www.plasnor.com\/the-10-trending-colours\/"},"modified":"2024-02-05T16:49:01","modified_gmt":"2024-02-05T15:49:01","slug":"les-10-couleurs-tendance","status":"publish","type":"page","link":"https:\/\/www.plasnor.com\/fr\/meubles-norsan-high-gloss\/les-10-couleurs-tendance\/","title":{"rendered":"Les 10 couleurs tendance"},"content":{"rendered":"<div id=\"pl-17066\"  class=\"panel-layout\" ><div id=\"pg-17066-0\"  class=\"panel-grid panel-no-style\" ><div id=\"pgc-17066-0-0\"  class=\"panel-grid-cell\" ><div id=\"panel-17066-0-0-0\" class=\"so-panel widget widget_sow-editor panel-first-child panel-last-child\" data-index=\"0\" ><div\n\t\t\t\n\t\t\tclass=\"so-widget-sow-editor so-widget-sow-editor-base\"\n\t\t\t\n\t\t>\n<div class=\"siteorigin-widget-tinymce textwidget\">\n\t<p>Plasnor pr\u00e9sente les 10 couleurs qui seront tendance dans l\u2019industrie du meuble au cours des prochaines ann\u00e9es. Les couleurs blanches, brunes ou grises ne disparaissent pas, mais l\u2019utilisation d\u2019une gamme plus large de couleurs a gagn\u00e9 du terrain ces derni\u00e8res ann\u00e9es. Ce qui a fait appara\u00eetre de nouvelles couleurs et leurs combinaisons pour cr\u00e9er des cuisines modernes et contemporaines.<\/p>\n<p>Toutes ces couleurs sont \u00e9galement disponibles dans la qualit\u00e9 Premium Acrylic, qui offre la r\u00e9sistance maximale aux rayures des surfaces acryliques non laqu\u00e9es, doublant la r\u00e9sistance aux rayures de la Qualit\u00e9 standard du march\u00e9.<\/p>\n<p><img loading=\"lazy\" decoding=\"async\" class=\"aligncenter wp-image-15098 size-large\" src=\"https:\/\/www.plasnor.com\/wp-content\/uploads\/2023\/04\/cocina-nuevos-colores-3-1024x724.jpg\" alt=\"\" width=\"1024\" height=\"724\" srcset=\"https:\/\/www.plasnor.com\/wp-content\/uploads\/2023\/04\/cocina-nuevos-colores-3-1024x724.jpg 1024w, https:\/\/www.plasnor.com\/wp-content\/uploads\/2023\/04\/cocina-nuevos-colores-3-300x212.jpg 300w, https:\/\/www.plasnor.com\/wp-content\/uploads\/2023\/04\/cocina-nuevos-colores-3-768x543.jpg 768w, https:\/\/www.plasnor.com\/wp-content\/uploads\/2023\/04\/cocina-nuevos-colores-3.jpg 1200w\" sizes=\"auto, (max-width: 1024px) 100vw, 1024px\" title=\"\"><\/p>\n<\/div>\n<\/div><\/div><\/div><\/div><div id=\"pg-17066-1\"  class=\"panel-grid panel-no-style\" ><div id=\"pgc-17066-1-0\"  class=\"panel-grid-cell\" ><div id=\"panel-17066-1-0-0\" class=\"so-panel widget widget_sow-editor panel-first-child\" data-index=\"1\" ><div\n\t\t\t\n\t\t\tclass=\"so-widget-sow-editor so-widget-sow-editor-base\"\n\t\t\t\n\t\t>\n<div class=\"siteorigin-widget-tinymce textwidget\">\n\t<p><strong>Suivant la tendance des principaux march\u00e9s et fabricants internationaux, voici les couleurs qui feront la diff\u00e9rence dans les ann\u00e9es \u00e0 venir:<\/strong><\/p>\n<\/div>\n<\/div><\/div><div id=\"panel-17066-1-0-1\" class=\"widget_text so-panel widget widget_custom_html panel-last-child\" data-index=\"2\" ><div class=\"textwidget custom-html-widget\"><ul class=\"colores\">\n<li><span class=\"cuadro\" style=\"background-color: #2a292a;\"> <\/span>GRAPHITE<\/li>\n<li><span class=\"cuadro\" style=\"background-color: #868685;\"> <\/span>ONYX GREY<\/li>\n<li><span class=\"cuadro\" style=\"background-color: #6c6c6c;\"> <\/span>DUST GREY<\/li>\n<li><span class=\"cuadro\" style=\"background-color: #b9b8b6;\"> <\/span>LIGHT GREY<\/li>\n<li><span class=\"cuadro\" style=\"background-color: #b4aba3;\"> <\/span>CASHMERE<\/li>\n<li><span class=\"cuadro\" style=\"background-color: #9d978e;\"> <\/span>PEBBLE<\/li>\n<li><span class=\"cuadro\" style=\"background-color: #d5d6d7;\"> <\/span>ALPINE WHITE<\/li>\n<li><span class=\"cuadro\" style=\"background-color: #080d14;\"> <\/span>\u00cdNDIGO<\/li>\n<li><span class=\"cuadro\" style=\"background-color: #92a6b7;\"> <\/span>DENIM<\/li>\n<li><span class=\"cuadro\" style=\"background-color: #748889;\"> <\/span>FJORD<\/li>\n<\/ul><\/div><\/div><\/div><\/div><div id=\"pg-17066-2\"  class=\"panel-grid panel-no-style\" ><div id=\"pgc-17066-2-0\"  class=\"panel-grid-cell\" ><div id=\"panel-17066-2-0-0\" class=\"so-panel widget widget_sow-editor panel-first-child\" data-index=\"3\" ><div\n\t\t\t\n\t\t\tclass=\"so-widget-sow-editor so-widget-sow-editor-base\"\n\t\t\t\n\t\t>\n<div class=\"siteorigin-widget-tinymce textwidget\">\n\t<p>Apr\u00e8s le monopole du blanc dans la cuisine, la couleur trouve sa place ann\u00e9e apr\u00e8s ann\u00e9e. Les couleurs bleu\u00e2tres ou verd\u00e2tres telles que le Denim ou le Fjord font leur chemin parmi les couleurs de terre, ou les d\u00e9riv\u00e9es du gris ou du noir, qui continuent de conserver leur rang parmi les couleurs les plus utilis\u00e9es dans les meubles de cuisine. Les combinaisons avec des \u00e9l\u00e9ments naturels tels que le bois, sont la touche finale d\u2019une cuisine id\u00e9ale.<\/p>\n<p>La couleur noire et ses nuances telles que <strong>l\u2019Indigo, le Graphite, le Grey Dust ou le Grey Onix <\/strong>sont toujours associ\u00e9es \u00e0 une esth\u00e9tique cosmopolite et \u00e0 une \u00e9l\u00e9gance \u00e0 toute \u00e9preuve.<\/p>\n<p><img loading=\"lazy\" decoding=\"async\" class=\"aligncenter wp-image-15106 size-full\" src=\"https:\/\/www.plasnor.com\/wp-content\/uploads\/2023\/04\/10-colors-tendencia-coches.jpg\" alt=\"\" width=\"885\" height=\"394\" srcset=\"https:\/\/www.plasnor.com\/wp-content\/uploads\/2023\/04\/10-colors-tendencia-coches.jpg 885w, https:\/\/www.plasnor.com\/wp-content\/uploads\/2023\/04\/10-colors-tendencia-coches-300x134.jpg 300w, https:\/\/www.plasnor.com\/wp-content\/uploads\/2023\/04\/10-colors-tendencia-coches-768x342.jpg 768w\" sizes=\"auto, (max-width: 885px) 100vw, 885px\" title=\"\"><\/p>\n<\/div>\n<\/div><\/div><div id=\"panel-17066-2-0-1\" class=\"so-panel widget widget_sow-editor panel-last-child\" data-index=\"4\" ><div\n\t\t\t\n\t\t\tclass=\"so-widget-sow-editor so-widget-sow-editor-base\"\n\t\t\t\n\t\t><h3 class=\"widget-title\">GALERIE DE PHOTOS<\/h3>\n<div class=\"siteorigin-widget-tinymce textwidget\">\n\t<div class=\"siteorigin-widget-tinymce textwidget\">\n<div id='gallery-1' class='gallery galleryid-17066 gallery-columns-3 gallery-size-full'><figure class='gallery-item'>\n\t\t\t<div class='gallery-icon landscape'>\n\t\t\t\t<a href='https:\/\/www.plasnor.com\/wp-content\/uploads\/2019\/09\/cocina-nuevos-colores-1.jpg'><img loading=\"lazy\" decoding=\"async\" width=\"1200\" height=\"849\" src=\"https:\/\/www.plasnor.com\/wp-content\/uploads\/2019\/09\/cocina-nuevos-colores-1.jpg\" class=\"attachment-full size-full\" alt=\"\" srcset=\"https:\/\/www.plasnor.com\/wp-content\/uploads\/2019\/09\/cocina-nuevos-colores-1.jpg 1200w, https:\/\/www.plasnor.com\/wp-content\/uploads\/2019\/09\/cocina-nuevos-colores-1-300x212.jpg 300w, https:\/\/www.plasnor.com\/wp-content\/uploads\/2019\/09\/cocina-nuevos-colores-1-1024x724.jpg 1024w, https:\/\/www.plasnor.com\/wp-content\/uploads\/2019\/09\/cocina-nuevos-colores-1-768x543.jpg 768w\" sizes=\"auto, (max-width: 1200px) 100vw, 1200px\" title=\"\"><\/a>\n\t\t\t<\/div><\/figure><figure class='gallery-item'>\n\t\t\t<div class='gallery-icon landscape'>\n\t\t\t\t<a href='https:\/\/www.plasnor.com\/wp-content\/uploads\/2023\/04\/cocina-nuevos-colores-2.jpg'><img loading=\"lazy\" decoding=\"async\" width=\"1200\" height=\"849\" src=\"https:\/\/www.plasnor.com\/wp-content\/uploads\/2023\/04\/cocina-nuevos-colores-2.jpg\" class=\"attachment-full size-full\" alt=\"\" srcset=\"https:\/\/www.plasnor.com\/wp-content\/uploads\/2023\/04\/cocina-nuevos-colores-2.jpg 1200w, https:\/\/www.plasnor.com\/wp-content\/uploads\/2023\/04\/cocina-nuevos-colores-2-300x212.jpg 300w, https:\/\/www.plasnor.com\/wp-content\/uploads\/2023\/04\/cocina-nuevos-colores-2-1024x724.jpg 1024w, https:\/\/www.plasnor.com\/wp-content\/uploads\/2023\/04\/cocina-nuevos-colores-2-768x543.jpg 768w\" sizes=\"auto, (max-width: 1200px) 100vw, 1200px\" title=\"\"><\/a>\n\t\t\t<\/div><\/figure><figure class='gallery-item'>\n\t\t\t<div class='gallery-icon landscape'>\n\t\t\t\t<a href='https:\/\/www.plasnor.com\/wp-content\/uploads\/2023\/04\/cocina-nuevos-colores-3.jpg'><img loading=\"lazy\" decoding=\"async\" width=\"1200\" height=\"849\" src=\"https:\/\/www.plasnor.com\/wp-content\/uploads\/2023\/04\/cocina-nuevos-colores-3.jpg\" class=\"attachment-full size-full\" alt=\"\" srcset=\"https:\/\/www.plasnor.com\/wp-content\/uploads\/2023\/04\/cocina-nuevos-colores-3.jpg 1200w, https:\/\/www.plasnor.com\/wp-content\/uploads\/2023\/04\/cocina-nuevos-colores-3-300x212.jpg 300w, https:\/\/www.plasnor.com\/wp-content\/uploads\/2023\/04\/cocina-nuevos-colores-3-1024x724.jpg 1024w, https:\/\/www.plasnor.com\/wp-content\/uploads\/2023\/04\/cocina-nuevos-colores-3-768x543.jpg 768w\" sizes=\"auto, (max-width: 1200px) 100vw, 1200px\" title=\"\"><\/a>\n\t\t\t<\/div><\/figure><figure class='gallery-item'>\n\t\t\t<div class='gallery-icon landscape'>\n\t\t\t\t<a href='https:\/\/www.plasnor.com\/wp-content\/uploads\/2023\/04\/cocina-nuevos-colores-4.jpg'><img loading=\"lazy\" decoding=\"async\" width=\"1200\" height=\"849\" src=\"https:\/\/www.plasnor.com\/wp-content\/uploads\/2023\/04\/cocina-nuevos-colores-4.jpg\" class=\"attachment-full size-full\" alt=\"\" srcset=\"https:\/\/www.plasnor.com\/wp-content\/uploads\/2023\/04\/cocina-nuevos-colores-4.jpg 1200w, https:\/\/www.plasnor.com\/wp-content\/uploads\/2023\/04\/cocina-nuevos-colores-4-300x212.jpg 300w, https:\/\/www.plasnor.com\/wp-content\/uploads\/2023\/04\/cocina-nuevos-colores-4-1024x724.jpg 1024w, https:\/\/www.plasnor.com\/wp-content\/uploads\/2023\/04\/cocina-nuevos-colores-4-768x543.jpg 768w\" sizes=\"auto, (max-width: 1200px) 100vw, 1200px\" title=\"\"><\/a>\n\t\t\t<\/div><\/figure>\n\t\t<\/div>\n\n<\/div>\n<\/div>\n<\/div><\/div><\/div><\/div><\/div>","protected":false},"excerpt":{"rendered":"<p>Plasnor pr\u00e9sente les 10 couleurs qui seront tendance dans l\u2019industrie du meuble au cours des prochaines ann\u00e9es. Les &#8230; <a title=\"Les 10 couleurs tendance\" class=\"read-more\" href=\"https:\/\/www.plasnor.com\/fr\/meubles-norsan-high-gloss\/les-10-couleurs-tendance\/\" aria-label=\"En savoir plus sur Les 10 couleurs tendance\">[ + info ]<\/a><\/p>\n","protected":false},"author":1,"featured_media":0,"parent":17102,"menu_order":0,"comment_status":"closed","ping_status":"closed","template":"","meta":{"footnotes":""},"categories":[60],"tags":[],"class_list":{"0":"post-17066","1":"page","2":"type-page","3":"status-publish","5":"category-page-mueble-fr"},"_links":{"self":[{"href":"https:\/\/www.plasnor.com\/fr\/wp-json\/wp\/v2\/pages\/17066","targetHints":{"allow":["GET"]}}],"collection":[{"href":"https:\/\/www.plasnor.com\/fr\/wp-json\/wp\/v2\/pages"}],"about":[{"href":"https:\/\/www.plasnor.com\/fr\/wp-json\/wp\/v2\/types\/page"}],"author":[{"embeddable":true,"href":"https:\/\/www.plasnor.com\/fr\/wp-json\/wp\/v2\/users\/1"}],"replies":[{"embeddable":true,"href":"https:\/\/www.plasnor.com\/fr\/wp-json\/wp\/v2\/comments?post=17066"}],"version-history":[{"count":0,"href":"https:\/\/www.plasnor.com\/fr\/wp-json\/wp\/v2\/pages\/17066\/revisions"}],"up":[{"embeddable":true,"href":"https:\/\/www.plasnor.com\/fr\/wp-json\/wp\/v2\/pages\/17102"}],"wp:attachment":[{"href":"https:\/\/www.plasnor.com\/fr\/wp-json\/wp\/v2\/media?parent=17066"}],"wp:term":[{"taxonomy":"category","embeddable":true,"href":"https:\/\/www.plasnor.com\/fr\/wp-json\/wp\/v2\/categories?post=17066"},{"taxonomy":"post_tag","embeddable":true,"href":"https:\/\/www.plasnor.com\/fr\/wp-json\/wp\/v2\/tags?post=17066"}],"curies":[{"name":"wp","href":"https:\/\/api.w.org\/{rel}","templated":true}]}}