{"id":17068,"date":"2023-04-20T22:41:12","date_gmt":"2023-04-20T20:41:12","guid":{"rendered":"https:\/\/www.plasnor.com\/crystal-acrylic\/"},"modified":"2024-02-05T16:41:12","modified_gmt":"2024-02-05T15:41:12","slug":"crystal-acrylic","status":"publish","type":"page","link":"https:\/\/www.plasnor.com\/fr\/meubles-norsan-high-gloss\/crystal-acrylic\/","title":{"rendered":"Crystal acrylic"},"content":{"rendered":"<div id=\"pl-17068\"  class=\"panel-layout\" ><div id=\"pg-17068-0\"  class=\"panel-grid panel-no-style\" ><div id=\"pgc-17068-0-0\"  class=\"panel-grid-cell\" ><div id=\"panel-17068-0-0-0\" class=\"so-panel widget widget_sow-editor panel-first-child panel-last-child\" data-index=\"0\" ><div\n\t\t\t\n\t\t\tclass=\"so-widget-sow-editor so-widget-sow-editor-base\"\n\t\t\t\n\t\t>\n<div class=\"siteorigin-widget-tinymce textwidget\">\n\t<p>Nos plaques Crystal Acrylic offrent la r\u00e9sistance maximale \u00e0 la rayure des surfaces acryliques non laqu\u00e9es, doublant la r\u00e9sistance du standard du march\u00e9. En plus de l\u2019effet de miroir d\u00e9j\u00e0 excellent de nos plaques Premium Acrylic, PLASNOR ajoute \u00e0 son catalogue le produit Crystal Acrylic de 2 mm, en inversant les proportions d\u2019ABS et de PMMA, ce qui conf\u00e9re une plus grande profondeur \u00e0 nos plaques et produit un effet cristallin.<\/p>\n<p><strong>L\u2019esth\u00e9tique du verre avec les propri\u00e9t\u00e9s et les avantages de l\u2019Acrylique haute brillance:<\/strong><\/p>\n<ul>\n<li>50 % plus l\u00e9ger<\/li>\n<li>Meilleure r\u00e9sistance aux impacts. Moins de cassures<\/li>\n<li>Traitement facile avec des outils conventionnels<\/li>\n<li>Moins de gaspillage dans la fabrication<\/li>\n<li>Nettoyage facile<\/li>\n<\/ul>\n<p>De plus, sa surface est parfaitement r\u00e9parable en cas de rayures.<br \/>\nL\u2019excellent niveau de stabilit\u00e9 de la couleur des feuilles Crystal Acrylic face aux rayons UV et sa r\u00e9sistance aux agents chimiques garantissent une qualit\u00e9 optimale du produit tout au long de sa vie.<br \/>\nCe sont des mat\u00e9riaux sans PVC, non toxiques et recyclables, ce qui favorise la durabilit\u00e9 et le respect de l\u2019environnement.<br \/>\nLe service et la flexibilit\u00e9 sont des \u00e9l\u00e9ments cl\u00e9s de notre offre de valeur. Nos d\u00e9lais de livraison plus courts et notre flexibilit\u00e9 sur notre quantit\u00e9 minimale de commande aident nos clients \u00e0 \u00eatre plus comp\u00e9titifs.<br \/>\nTout cela en fait le choix id\u00e9al de Designers, Fabricants de Meubles ou Laminateurs de tout le monde pour le rev\u00eatement de panneaux pour tous types d\u2019applications dans l\u2019industrie du meuble: cuisines, salles de bains, chambres \u00e0 coucher, salons, etc.<\/p>\n<p><img loading=\"lazy\" decoding=\"async\" class=\"aligncenter wp-image-15093 size-large\" src=\"https:\/\/www.plasnor.com\/wp-content\/uploads\/2023\/04\/cocina-cristal-1-1024x707.jpg\" alt=\"\" width=\"1024\" height=\"707\" srcset=\"https:\/\/www.plasnor.com\/wp-content\/uploads\/2023\/04\/cocina-cristal-1-1024x707.jpg 1024w, https:\/\/www.plasnor.com\/wp-content\/uploads\/2023\/04\/cocina-cristal-1-300x207.jpg 300w, https:\/\/www.plasnor.com\/wp-content\/uploads\/2023\/04\/cocina-cristal-1-768x531.jpg 768w, https:\/\/www.plasnor.com\/wp-content\/uploads\/2023\/04\/cocina-cristal-1.jpg 1200w\" sizes=\"auto, (max-width: 1024px) 100vw, 1024px\" title=\"\"><\/p>\n<\/div>\n<\/div><\/div><\/div><\/div><div id=\"pg-17068-1\"  class=\"panel-grid panel-has-style\" ><div class=\"diferencia panel-row-style panel-row-style-for-17068-1\" ><div id=\"pgc-17068-1-0\"  class=\"panel-grid-cell\" ><div id=\"panel-17068-1-0-0\" class=\"so-panel widget widget_sow-headline panel-first-child\" data-index=\"1\" ><div\n\t\t\t\n\t\t\tclass=\"so-widget-sow-headline so-widget-sow-headline-default-24e17eaabc56-17068 so-widget-fittext-wrapper\"\n\t\t\t data-fit-text-compressor=\"0.85\"\n\t\t><div class=\"sow-headline-container \">\n\t\t\t\t\t\t\t<h2 class=\"sow-headline\">\n\t\t\t\t\t\tQU\u2019EST-CE QUI NOUS DISTINGUE?\t\t\t\t\t\t<\/h2>\n\t\t\t\t\t\t\t\t\t\t\t\t<p class=\"sow-sub-headline\">\n\t\t\t\t\t\t<em>Nouveau Premium Acrylic<\/em>\t\t\t\t\t\t<\/p>\n\t\t\t\t\t\t\t\t\t\t\t<div class=\"decoration\">\n\t\t\t\t\t\t<div class=\"decoration-inside\"><\/div>\n\t\t\t\t\t<\/div>\n\t\t\t\t\t<\/div>\n<\/div><\/div><div id=\"panel-17068-1-0-1\" class=\"so-panel widget widget_sow-button\" data-index=\"2\" ><div\n\t\t\t\n\t\t\tclass=\"so-widget-sow-button so-widget-sow-button-flat-58f1d956ab9d-17068\"\n\t\t\t\n\t\t><div class=\"ow-button-base ow-button-align-center\"\n>\n\t\t\t<a\n\t\t\t\t\thref=\"https:\/\/www.plasnor.com\/en\/furniture-norsan-high-gloss\/what-makes-us-different\/\"\n\t\t\t\t\tclass=\"sowb-button ow-icon-placement-left ow-button-hover\" \t>\n\t\t<span>\n\t\t\t\n\t\t\t+ info\t\t<\/span>\n\t\t\t<\/a>\n\t<\/div>\n<\/div><\/div><div id=\"panel-17068-1-0-2\" class=\"so-panel widget widget_sow-features panel-last-child\" data-index=\"3\" ><div\n\t\t\t\n\t\t\tclass=\"so-widget-sow-features so-widget-sow-features-default-577654788aed-17068\"\n\t\t\t\n\t\t><ul\n\tclass=\"sow-features-list\n\tsow-features-responsive\">\n\n\t\t\t<li\n\t\t\tclass=\"sow-features-feature sow-icon-container-position-top\"\n\t\t\tstyle=\"display: flex; flex-direction: column; width: calc(25% - 25px);\"\n\t\t>\n\t\t\t\n\t\t\t\t\t\t<div\t\t\t\tclass=\"sow-icon-container sow-container-none\"\n\t\t\t\tstyle=\"color: #ffffff; \"\n\t\t\t\ttitle=\"R\u00c9SISTANCE MAXIMALE AUX RAYURES\"\n\t\t\t\t\t\t\t>\n\t\t\t\t\t\t\t\t\t\t<div class=\"sow-icon-image\" style=\"background-image: url(https:\/\/www.plasnor.com\/wp-content\/uploads\/2023\/04\/1-diferencia.png); font-size: 70px\"><\/div>\n\t\t\t\t\t\t\t\t\t<\/div>\n\n\t\t\t<div class=\"textwidget\">\n\t\t\t\t\n\t\t\t\t\t\t\t\t\t<h4 class=\"sow-features-feature-title\">\n\t\t\t\t\t\tR\u00c9SISTANCE MAXIMALE AUX RAYURES\t\t\t\t\t<\/h4>\n\t\t\t\t\n\t\t\t\t\t\t\t<\/div>\n\t\t\t\t\t\t\t\t<\/li>\n\n\t\t\t<li\n\t\t\tclass=\"sow-features-feature sow-icon-container-position-top\"\n\t\t\tstyle=\"display: flex; flex-direction: column; width: calc(25% - 25px);\"\n\t\t>\n\t\t\t\n\t\t\t\t\t\t<div\t\t\t\tclass=\"sow-icon-container sow-container-none\"\n\t\t\t\tstyle=\"color: #ffffff; \"\n\t\t\t\ttitle=\"LA MEILLEURE FINITION BRILLANTE ET EFFET DE MIROIR\"\n\t\t\t\t\t\t\t>\n\t\t\t\t\t\t\t\t\t\t<div class=\"sow-icon-image\" style=\"background-image: url(https:\/\/www.plasnor.com\/wp-content\/uploads\/2023\/04\/2-diferencia2.png); font-size: 70px\"><\/div>\n\t\t\t\t\t\t\t\t\t<\/div>\n\n\t\t\t<div class=\"textwidget\">\n\t\t\t\t\n\t\t\t\t\t\t\t\t\t<h4 class=\"sow-features-feature-title\">\n\t\t\t\t\t\tLA MEILLEURE FINITION BRILLANTE ET EFFET DE MIROIR\t\t\t\t\t<\/h4>\n\t\t\t\t\n\t\t\t\t\t\t\t<\/div>\n\t\t\t\t\t\t\t\t<\/li>\n\n\t\t\t<li\n\t\t\tclass=\"sow-features-feature sow-icon-container-position-top\"\n\t\t\tstyle=\"display: flex; flex-direction: column; width: calc(25% - 25px);\"\n\t\t>\n\t\t\t\n\t\t\t\t\t\t<div\t\t\t\tclass=\"sow-icon-container sow-container-none\"\n\t\t\t\tstyle=\"color: #ffffff; \"\n\t\t\t\ttitle=\"LA PLUS GRANDE OFFRE DE COULEURS\"\n\t\t\t\t\t\t\t>\n\t\t\t\t\t\t\t\t\t\t<div class=\"sow-icon-image\" style=\"background-image: url(https:\/\/www.plasnor.com\/wp-content\/uploads\/2023\/04\/3-diferencia.png); font-size: 70px\"><\/div>\n\t\t\t\t\t\t\t\t\t<\/div>\n\n\t\t\t<div class=\"textwidget\">\n\t\t\t\t\n\t\t\t\t\t\t\t\t\t<h4 class=\"sow-features-feature-title\">\n\t\t\t\t\t\tLA PLUS GRANDE OFFRE DE COULEURS\t\t\t\t\t<\/h4>\n\t\t\t\t\n\t\t\t\t\t\t\t<\/div>\n\t\t\t\t\t\t\t\t<\/li>\n\n\t\t\t<li\n\t\t\tclass=\"sow-features-feature sow-icon-container-position-top\"\n\t\t\tstyle=\"display: flex; flex-direction: column; width: calc(25% - 25px);\"\n\t\t>\n\t\t\t\n\t\t\t\t\t\t<div\t\t\t\tclass=\"sow-icon-container sow-container-none\"\n\t\t\t\tstyle=\"color: #ffffff; \"\n\t\t\t\ttitle=\"FINITION OPTIMALES DES CHANTS\"\n\t\t\t\t\t\t\t>\n\t\t\t\t\t\t\t\t\t\t<div class=\"sow-icon-image\" style=\"background-image: url(https:\/\/www.plasnor.com\/wp-content\/uploads\/2023\/04\/4-diferencia2.png); font-size: 70px\"><\/div>\n\t\t\t\t\t\t\t\t\t<\/div>\n\n\t\t\t<div class=\"textwidget\">\n\t\t\t\t\n\t\t\t\t\t\t\t\t\t<h4 class=\"sow-features-feature-title\">\n\t\t\t\t\t\tFINITION OPTIMALES DES CHANTS\t\t\t\t\t<\/h4>\n\t\t\t\t\n\t\t\t\t\t\t\t<\/div>\n\t\t\t\t\t\t\t\t<\/li>\n\n\t\t\t<li\n\t\t\tclass=\"sow-features-feature sow-icon-container-position-top\"\n\t\t\tstyle=\"display: flex; flex-direction: column; width: calc(25% - 25px);\"\n\t\t>\n\t\t\t\n\t\t\t\t\t\t<div\t\t\t\tclass=\"sow-icon-container sow-container-none\"\n\t\t\t\tstyle=\"color: #ffffff; \"\n\t\t\t\ttitle=\"SERVICE ET FLEXIBILIT\u00c9\"\n\t\t\t\t\t\t\t>\n\t\t\t\t\t\t\t\t\t\t<div class=\"sow-icon-image\" style=\"background-image: url(https:\/\/www.plasnor.com\/wp-content\/uploads\/2023\/04\/5-diferencia.png); font-size: 70px\"><\/div>\n\t\t\t\t\t\t\t\t\t<\/div>\n\n\t\t\t<div class=\"textwidget\">\n\t\t\t\t\n\t\t\t\t\t\t\t\t\t<h4 class=\"sow-features-feature-title\">\n\t\t\t\t\t\tSERVICE ET FLEXIBILIT\u00c9\t\t\t\t\t<\/h4>\n\t\t\t\t\n\t\t\t\t\t\t\t<\/div>\n\t\t\t\t\t\t\t\t<\/li>\n\n\t\t\t<li\n\t\t\tclass=\"sow-features-feature sow-icon-container-position-top\"\n\t\t\tstyle=\"display: flex; flex-direction: column; width: calc(25% - 25px);\"\n\t\t>\n\t\t\t\n\t\t\t\t\t\t<div\t\t\t\tclass=\"sow-icon-container sow-container-none\"\n\t\t\t\tstyle=\"color: #ffffff; \"\n\t\t\t\ttitle=\"RESPECT DE L\u2019ENVIRONNEMENT\"\n\t\t\t\t\t\t\t>\n\t\t\t\t\t\t\t\t\t\t<div class=\"sow-icon-image\" style=\"background-image: url(https:\/\/www.plasnor.com\/wp-content\/uploads\/2023\/04\/6-diferencia.png); font-size: 70px\"><\/div>\n\t\t\t\t\t\t\t\t\t<\/div>\n\n\t\t\t<div class=\"textwidget\">\n\t\t\t\t\n\t\t\t\t\t\t\t\t\t<h4 class=\"sow-features-feature-title\">\n\t\t\t\t\t\tRESPECT DE L\u2019ENVIRONNEMENT\t\t\t\t\t<\/h4>\n\t\t\t\t\n\t\t\t\t\t\t\t<\/div>\n\t\t\t\t\t\t\t\t<\/li>\n\n\t\t\t<li\n\t\t\tclass=\"sow-features-feature sow-icon-container-position-top\"\n\t\t\tstyle=\"display: flex; flex-direction: column; width: calc(25% - 25px);\"\n\t\t>\n\t\t\t\n\t\t\t\t\t\t<div\t\t\t\tclass=\"sow-icon-container sow-container-none\"\n\t\t\t\tstyle=\"color: #ffffff; \"\n\t\t\t\ttitle=\"RESISTANCE OPTIMALE UV et CHIMIQUE\"\n\t\t\t\t\t\t\t>\n\t\t\t\t\t\t\t\t\t\t<div class=\"sow-icon-image\" style=\"background-image: url(https:\/\/www.plasnor.com\/wp-content\/uploads\/2023\/04\/7-diferencia2.png); font-size: 70px\"><\/div>\n\t\t\t\t\t\t\t\t\t<\/div>\n\n\t\t\t<div class=\"textwidget\">\n\t\t\t\t\n\t\t\t\t\t\t\t\t\t<h4 class=\"sow-features-feature-title\">\n\t\t\t\t\t\tRESISTANCE OPTIMALE UV et CHIMIQUE\t\t\t\t\t<\/h4>\n\t\t\t\t\n\t\t\t\t\t\t\t<\/div>\n\t\t\t\t\t\t\t\t<\/li>\n\n\t\t\t<li\n\t\t\tclass=\"sow-features-feature sow-icon-container-position-top\"\n\t\t\tstyle=\"display: flex; flex-direction: column; width: calc(25% - 25px);\"\n\t\t>\n\t\t\t\n\t\t\t\t\t\t<div\t\t\t\tclass=\"sow-icon-container sow-container-none\"\n\t\t\t\tstyle=\"color: #ffffff; \"\n\t\t\t\ttitle=\"FACILEMENT TRANSFORMABLE\"\n\t\t\t\t\t\t\t>\n\t\t\t\t\t\t\t\t\t\t<div class=\"sow-icon-image\" style=\"background-image: url(https:\/\/www.plasnor.com\/wp-content\/uploads\/2023\/04\/8-diferencia2.png); font-size: 70px\"><\/div>\n\t\t\t\t\t\t\t\t\t<\/div>\n\n\t\t\t<div class=\"textwidget\">\n\t\t\t\t\n\t\t\t\t\t\t\t\t\t<h4 class=\"sow-features-feature-title\">\n\t\t\t\t\t\tFACILEMENT TRANSFORMABLE\t\t\t\t\t<\/h4>\n\t\t\t\t\n\t\t\t\t\t\t\t<\/div>\n\t\t\t\t\t\t\t\t<\/li>\n\n\t<\/ul>\n<\/div><\/div><\/div><\/div><\/div><div id=\"pg-17068-2\"  class=\"panel-grid panel-no-style\" ><div id=\"pgc-17068-2-0\"  class=\"panel-grid-cell\" ><div id=\"panel-17068-2-0-0\" class=\"so-panel widget widget_sow-editor panel-first-child\" data-index=\"4\" ><div\n\t\t\t\n\t\t\tclass=\"so-widget-sow-editor so-widget-sow-editor-base\"\n\t\t\t\n\t\t><h3 class=\"widget-title\">FORMATS<\/h3>\n<div class=\"siteorigin-widget-tinymce textwidget\">\n\t<h4>DIMENSIONS<\/h4>\n<ul>\n<li><strong>\u00c9paisseur:<\/strong> 2mm<\/li>\n<li><strong>Largeur:<\/strong> 1.220mm (Hasta 1.300mm)<\/li>\n<li><strong>Longueur:<\/strong> 2.440\/2.800\/3.050\/3.660mm<\/li>\n<\/ul>\n<h4>PR\u00c9SENTATION<\/h4>\n<p>Les plaques Crystal Acrylic sont fournies avec un traitement Corona sur la face inf\u00e9rieure pour favoriser leur adh\u00e9sion \u00e0 la colle PUR. Une manipulation et un stockage corrects des plaques sont recommand\u00e9s afin qu\u2019elles ne perdent pas leurs propri\u00e9t\u00e9s.<br \/>\nLa face sup\u00e9rieure est fournie avec un film de protection en PE (Poly\u00e9thyl\u00e8ne) pour prot\u00e9ger le mat\u00e9riau, qui sera retir\u00e9 une fois le meuble install\u00e9.<br \/>\nLes plaques Crystal Acrylic sont fournies avec un emballage sp\u00e9cial qui prot\u00e8ge contre les chocs et la salet\u00e9 lors du transport et de la manutention.<\/p>\n<\/div>\n<\/div><\/div><div id=\"panel-17068-2-0-1\" class=\"so-panel widget widget_sow-editor\" data-index=\"5\" ><div\n\t\t\t\n\t\t\tclass=\"so-widget-sow-editor so-widget-sow-editor-base\"\n\t\t\t\n\t\t><h3 class=\"widget-title\">CORRESPONDANCE DE COULEURS<\/h3>\n<div class=\"siteorigin-widget-tinymce textwidget\">\n\t<p>Nous disposons \u00e9galement de notre propre laboratoire et nous fabriquons nos concentr\u00e9s de couleur ou Masterbach.<br \/>\nC\u2019est pourquoi nous pouvons proposer une correspondance exacte bas\u00e9e sur un RAL \/ PANTONE ou un \u00e9chantillon de r\u00e9f\u00e9rence.<\/p>\n<\/div>\n<\/div><\/div><div id=\"panel-17068-2-0-2\" class=\"so-panel widget widget_sow-editor\" data-index=\"6\" ><div\n\t\t\t\n\t\t\tclass=\"so-widget-sow-editor so-widget-sow-editor-base\"\n\t\t\t\n\t\t><h3 class=\"widget-title\">CONTRE-PAREMENT (BACKING)<\/h3>\n<div class=\"siteorigin-widget-tinymce textwidget\">\n\t<p>Pour chacune des couleurs du catalogue de nos feuilles Crystal Acrylic, nous proposons \u00e0 nos clients la m\u00eame couleur en HIPS (High Impact Polystyrrene, Polystyr\u00e8ne choc) de 2 mm d\u2019\u00e9paisseur, \u00e0 utiliser comme contre-parement ou backing. Une alternative \u00e9conomique, efficace et \u00e9l\u00e9gante pour \u00e9viter le cintrage (bending) des panneaux.<\/p>\n<\/div>\n<\/div><\/div><div id=\"panel-17068-2-0-3\" class=\"so-panel widget widget_sow-editor\" data-index=\"7\" ><div\n\t\t\t\n\t\t\tclass=\"so-widget-sow-editor so-widget-sow-editor-base\"\n\t\t\t\n\t\t><h3 class=\"widget-title\">COMMENT TRAITER LE MATERIAU?<\/h3>\n<div class=\"siteorigin-widget-tinymce textwidget\">\n\t<p>Pour un laminage correct des feuilles Crystal Acrylic sur panneau, il est n\u00e9cessaire d\u2019utiliser une machine (Flatlam) et une colle (PUR) appropri\u00e9es, en plus d\u2019avoir un espace r\u00e9pondant aux caract\u00e9ristiques appropri\u00e9es pour obtenir une qualit\u00e9 optimale. Si n\u00e9cessaire, nous pouvons conseiller \u00e0 nos clients des fournisseurs potentiels.<\/p>\n<p><strong><a href=\"https:\/\/www.plasnor.com\/en\/furniture-norsan-high-gloss\/faq\/\" target=\"_blank\" rel=\"noopener\"><img loading=\"lazy\" decoding=\"async\" class=\"alignnone size-full wp-image-166\" src=\"https:\/\/www.plasnor.com\/wp-content\/uploads\/2023\/04\/icono-link2.gif\" alt=\"\" width=\"22\" height=\"16\" title=\"\">\u00a0En savoir plus<\/a><\/strong><\/p>\n<p>Une fois lamin\u00e9s, les panneaux sont trait\u00e9s (usinage, per\u00e7age, etc.) avec des machines de menuiserie conventionnelles.<\/p>\n<\/div>\n<\/div><\/div><div id=\"panel-17068-2-0-4\" class=\"so-panel widget widget_sow-editor panel-last-child\" data-index=\"8\" ><div\n\t\t\t\n\t\t\tclass=\"so-widget-sow-editor so-widget-sow-editor-base\"\n\t\t\t\n\t\t><h3 class=\"widget-title\">GALERIE DE PHOTOS<\/h3>\n<div class=\"siteorigin-widget-tinymce textwidget\">\n\t<div class=\"siteorigin-widget-tinymce textwidget\">\n<div id='gallery-1' class='gallery galleryid-17068 gallery-columns-3 gallery-size-full'><figure class='gallery-item'>\n\t\t\t<div class='gallery-icon landscape'>\n\t\t\t\t<a href='https:\/\/www.plasnor.com\/wp-content\/uploads\/2023\/04\/cocina-cristal-1-1.jpg'><img loading=\"lazy\" decoding=\"async\" width=\"1200\" height=\"829\" src=\"https:\/\/www.plasnor.com\/wp-content\/uploads\/2023\/04\/cocina-cristal-1-1.jpg\" class=\"attachment-full size-full\" alt=\"Cristal acrylic en cocina\" srcset=\"https:\/\/www.plasnor.com\/wp-content\/uploads\/2023\/04\/cocina-cristal-1-1.jpg 1200w, https:\/\/www.plasnor.com\/wp-content\/uploads\/2023\/04\/cocina-cristal-1-1-300x207.jpg 300w, https:\/\/www.plasnor.com\/wp-content\/uploads\/2023\/04\/cocina-cristal-1-1-1024x707.jpg 1024w, https:\/\/www.plasnor.com\/wp-content\/uploads\/2023\/04\/cocina-cristal-1-1-768x531.jpg 768w\" sizes=\"auto, (max-width: 1200px) 100vw, 1200px\" title=\"\"><\/a>\n\t\t\t<\/div><\/figure><figure class='gallery-item'>\n\t\t\t<div class='gallery-icon landscape'>\n\t\t\t\t<a href='https:\/\/www.plasnor.com\/wp-content\/uploads\/2023\/04\/oficina-cristal-1.jpg'><img loading=\"lazy\" decoding=\"async\" width=\"1200\" height=\"829\" src=\"https:\/\/www.plasnor.com\/wp-content\/uploads\/2023\/04\/oficina-cristal-1.jpg\" class=\"attachment-full size-full\" alt=\"Cristal Acrylic en oficina\" srcset=\"https:\/\/www.plasnor.com\/wp-content\/uploads\/2023\/04\/oficina-cristal-1.jpg 1200w, https:\/\/www.plasnor.com\/wp-content\/uploads\/2023\/04\/oficina-cristal-1-300x207.jpg 300w, https:\/\/www.plasnor.com\/wp-content\/uploads\/2023\/04\/oficina-cristal-1-1024x707.jpg 1024w, https:\/\/www.plasnor.com\/wp-content\/uploads\/2023\/04\/oficina-cristal-1-768x531.jpg 768w\" sizes=\"auto, (max-width: 1200px) 100vw, 1200px\" title=\"\"><\/a>\n\t\t\t<\/div><\/figure>\n\t\t<\/div>\n\n<\/div>\n<\/div>\n<\/div><\/div><\/div><\/div><\/div>","protected":false},"excerpt":{"rendered":"<p>Nos plaques Crystal Acrylic offrent la r\u00e9sistance maximale \u00e0 la rayure des surfaces acryliques non laqu\u00e9es, doublant la &#8230; <a title=\"Crystal acrylic\" class=\"read-more\" href=\"https:\/\/www.plasnor.com\/fr\/meubles-norsan-high-gloss\/crystal-acrylic\/\" aria-label=\"En savoir plus sur Crystal acrylic\">[ + info ]<\/a><\/p>\n","protected":false},"author":1,"featured_media":0,"parent":17102,"menu_order":0,"comment_status":"closed","ping_status":"closed","template":"","meta":{"footnotes":""},"categories":[60],"tags":[],"class_list":{"0":"post-17068","1":"page","2":"type-page","3":"status-publish","5":"category-page-mueble-fr"},"_links":{"self":[{"href":"https:\/\/www.plasnor.com\/fr\/wp-json\/wp\/v2\/pages\/17068","targetHints":{"allow":["GET"]}}],"collection":[{"href":"https:\/\/www.plasnor.com\/fr\/wp-json\/wp\/v2\/pages"}],"about":[{"href":"https:\/\/www.plasnor.com\/fr\/wp-json\/wp\/v2\/types\/page"}],"author":[{"embeddable":true,"href":"https:\/\/www.plasnor.com\/fr\/wp-json\/wp\/v2\/users\/1"}],"replies":[{"embeddable":true,"href":"https:\/\/www.plasnor.com\/fr\/wp-json\/wp\/v2\/comments?post=17068"}],"version-history":[{"count":0,"href":"https:\/\/www.plasnor.com\/fr\/wp-json\/wp\/v2\/pages\/17068\/revisions"}],"up":[{"embeddable":true,"href":"https:\/\/www.plasnor.com\/fr\/wp-json\/wp\/v2\/pages\/17102"}],"wp:attachment":[{"href":"https:\/\/www.plasnor.com\/fr\/wp-json\/wp\/v2\/media?parent=17068"}],"wp:term":[{"taxonomy":"category","embeddable":true,"href":"https:\/\/www.plasnor.com\/fr\/wp-json\/wp\/v2\/categories?post=17068"},{"taxonomy":"post_tag","embeddable":true,"href":"https:\/\/www.plasnor.com\/fr\/wp-json\/wp\/v2\/tags?post=17068"}],"curies":[{"name":"wp","href":"https:\/\/api.w.org\/{rel}","templated":true}]}}