{"id":17078,"date":"2023-04-20T20:29:36","date_gmt":"2023-04-20T18:29:36","guid":{"rendered":"https:\/\/www.plasnor.com\/equipment-and-facilities\/"},"modified":"2024-02-05T16:08:08","modified_gmt":"2024-02-05T15:08:08","slug":"equipements-et-installations","status":"publish","type":"page","link":"https:\/\/www.plasnor.com\/fr\/extrusion\/equipements-et-installations\/","title":{"rendered":"\u00c9quipements et installations"},"content":{"rendered":"<div id=\"pl-17078\"  class=\"panel-layout\" ><div id=\"pg-17078-0\"  class=\"panel-grid panel-no-style\" ><div id=\"pgc-17078-0-0\"  class=\"panel-grid-cell\" ><div id=\"panel-17078-0-0-0\" class=\"so-panel widget widget_sow-image panel-first-child panel-last-child\" data-index=\"0\" ><div\n\t\t\t\n\t\t\tclass=\"so-widget-sow-image so-widget-sow-image-default-113ccd71f3e6-17078\"\n\t\t\t\n\t\t>\n<div class=\"sow-image-container\">\n\t\t<img \n\tsrc=\"https:\/\/www.plasnor.com\/wp-content\/uploads\/2023\/04\/plasnor-extrusion-044.jpg\" width=\"1000\" height=\"654\" srcset=\"https:\/\/www.plasnor.com\/wp-content\/uploads\/2023\/04\/plasnor-extrusion-044.jpg 1000w, https:\/\/www.plasnor.com\/wp-content\/uploads\/2023\/04\/plasnor-extrusion-044-300x196.jpg 300w, https:\/\/www.plasnor.com\/wp-content\/uploads\/2023\/04\/plasnor-extrusion-044-768x502.jpg 768w\" sizes=\"(max-width: 1000px) 100vw, 1000px\" title=\"Extrudeuses\" alt=\"Extrudeuses\" \t\tclass=\"so-widget-image\"\/>\n\t<\/div>\n\n<\/div><\/div><\/div><div id=\"pgc-17078-0-1\"  class=\"panel-grid-cell\" ><div id=\"panel-17078-0-1-0\" class=\"so-panel widget widget_sow-editor panel-first-child panel-last-child\" data-index=\"1\" ><div\n\t\t\t\n\t\t\tclass=\"so-widget-sow-editor so-widget-sow-editor-base\"\n\t\t\t\n\t\t><h3 class=\"widget-title\">Extrudeuses<\/h3>\n<div class=\"siteorigin-widget-tinymce textwidget\">\n\t<p>Nous disposons des machines les plus modernes pour la coextrusion multicouche. Nos lignes d\u2019extrusion nous permettent de transformer toute une s\u00e9rie de mati\u00e8res thermoplastiques en diff\u00e9rents types de plaques et de bobines. Dans ce but, nos op\u00e9rateurs sont parfaitement qualifi\u00e9s et exp\u00e9riment\u00e9s dans le m\u00e9tier de l\u2019extrusion.<\/p>\n<\/div>\n<\/div><\/div><\/div><\/div><div id=\"pg-17078-1\"  class=\"panel-grid panel-no-style\" ><div id=\"pgc-17078-1-0\"  class=\"panel-grid-cell\" ><div id=\"panel-17078-1-0-0\" class=\"so-panel widget widget_sow-image panel-first-child panel-last-child\" data-index=\"2\" ><div\n\t\t\t\n\t\t\tclass=\"so-widget-sow-image so-widget-sow-image-default-113ccd71f3e6-17078\"\n\t\t\t\n\t\t>\n<div class=\"sow-image-container\">\n\t\t<img \n\tsrc=\"https:\/\/www.plasnor.com\/wp-content\/uploads\/2023\/04\/plasnor-extrusion-021.jpg\" width=\"1000\" height=\"667\" srcset=\"https:\/\/www.plasnor.com\/wp-content\/uploads\/2023\/04\/plasnor-extrusion-021.jpg 1000w, https:\/\/www.plasnor.com\/wp-content\/uploads\/2023\/04\/plasnor-extrusion-021-300x200.jpg 300w, https:\/\/www.plasnor.com\/wp-content\/uploads\/2023\/04\/plasnor-extrusion-021-768x512.jpg 768w, https:\/\/www.plasnor.com\/wp-content\/uploads\/2023\/04\/plasnor-extrusion-021-720x480.jpg 720w\" sizes=\"(max-width: 1000px) 100vw, 1000px\" title=\"Installations\" alt=\"Installations\" \t\tclass=\"so-widget-image\"\/>\n\t<\/div>\n\n<\/div><\/div><\/div><div id=\"pgc-17078-1-1\"  class=\"panel-grid-cell\" ><div id=\"panel-17078-1-1-0\" class=\"so-panel widget widget_sow-editor panel-first-child panel-last-child\" data-index=\"3\" ><div\n\t\t\t\n\t\t\tclass=\"so-widget-sow-editor so-widget-sow-editor-base\"\n\t\t\t\n\t\t><h3 class=\"widget-title\">Installations<\/h3>\n<div class=\"siteorigin-widget-tinymce textwidget\">\n\t<p>Nos installations couvrent une superficie de 11.000 m\u00b2 r\u00e9partis entre le si\u00e8ge social (o\u00f9 se trouve le plus gros de la fabrication), dans la localit\u00e9 de Legazpi, et un autre centre de production \u00e0 5 km d\u2019Urretxu.<br \/>\nElles se composent de bureaux, machines, laboratoire, silos et entrep\u00f4t. Nous disposons ainsi d\u2019un espace de grandes dimensions, suffisant pour l\u2019exercice de notre principale activit\u00e9 : la transformation de plastiques.<\/p>\n<\/div>\n<\/div><\/div><\/div><\/div><div id=\"pg-17078-2\"  class=\"panel-grid panel-no-style\" ><div id=\"pgc-17078-2-0\"  class=\"panel-grid-cell\" ><div id=\"panel-17078-2-0-0\" class=\"so-panel widget widget_sow-editor panel-first-child panel-last-child\" data-index=\"4\" ><div\n\t\t\t\n\t\t\tclass=\"so-widget-sow-editor so-widget-sow-editor-base\"\n\t\t\t\n\t\t><h3 class=\"widget-title\">Silos, Entrep\u00f4t<\/h3>\n<div class=\"siteorigin-widget-tinymce textwidget\">\n\t<p>Nous avons d\u2019\u00e9quipements compl\u00e8tement adapt\u00e9s et am\u00e9nag\u00e9s, que nous maintenons dans de parfaites conditions de propret\u00e9, d\u2019ordre et de s\u00e9curit\u00e9. \u2028Nos moyens de production comme nos produits sont dispos\u00e9s et\/ou stock\u00e9s de mani\u00e8re \u00e0 garantir la meilleure qualit\u00e9 du produit que nous livrons \u00e0 notre client. De plus, nous optimisons et d\u00e9limitons les espaces de travail et de stockage afin d\u2019assurer la s\u00e9curit\u00e9 des conditions de travail, un objectif que nous ne perdons jamais de vue dans notre organisation interne.<\/p>\n<p><img loading=\"lazy\" decoding=\"async\" class=\"alignnone wp-image-16566\" src=\"https:\/\/www.plasnor.com\/wp-content\/uploads\/2023\/04\/plasnor-edificio-300x200.jpg\" alt=\"\" width=\"348\" height=\"232\" srcset=\"https:\/\/www.plasnor.com\/wp-content\/uploads\/2023\/04\/plasnor-edificio-300x200.jpg 300w, https:\/\/www.plasnor.com\/wp-content\/uploads\/2023\/04\/plasnor-edificio-768x513.jpg 768w, https:\/\/www.plasnor.com\/wp-content\/uploads\/2023\/04\/plasnor-edificio-720x480.jpg 720w, https:\/\/www.plasnor.com\/wp-content\/uploads\/2023\/04\/plasnor-edificio.jpg 800w\" sizes=\"auto, (max-width: 348px) 100vw, 348px\" title=\"\">\u00a0 <img loading=\"lazy\" decoding=\"async\" class=\"alignnone wp-image-16569\" src=\"https:\/\/www.plasnor.com\/wp-content\/uploads\/2023\/04\/edificio-plasnor-02-300x200.jpg\" alt=\"\" width=\"348\" height=\"232\" srcset=\"https:\/\/www.plasnor.com\/wp-content\/uploads\/2023\/04\/edificio-plasnor-02-300x200.jpg 300w, https:\/\/www.plasnor.com\/wp-content\/uploads\/2023\/04\/edificio-plasnor-02-768x512.jpg 768w, https:\/\/www.plasnor.com\/wp-content\/uploads\/2023\/04\/edificio-plasnor-02-720x480.jpg 720w, https:\/\/www.plasnor.com\/wp-content\/uploads\/2023\/04\/edificio-plasnor-02-950x630.jpg 950w, https:\/\/www.plasnor.com\/wp-content\/uploads\/2023\/04\/edificio-plasnor-02.jpg 1000w\" sizes=\"auto, (max-width: 348px) 100vw, 348px\" title=\"\"><\/p>\n<\/div>\n<\/div><\/div><\/div><\/div><\/div>","protected":false},"excerpt":{"rendered":"<p>Nous disposons des machines les plus modernes pour la coextrusion multicouche. Nos lignes d\u2019extrusion nous permettent de transformer &#8230; <a title=\"\u00c9quipements et installations\" class=\"read-more\" href=\"https:\/\/www.plasnor.com\/fr\/extrusion\/equipements-et-installations\/\" aria-label=\"En savoir plus sur \u00c9quipements et installations\">[ + info ]<\/a><\/p>\n","protected":false},"author":1,"featured_media":0,"parent":17104,"menu_order":0,"comment_status":"closed","ping_status":"closed","template":"","meta":{"footnotes":""},"categories":[57],"tags":[],"class_list":{"0":"post-17078","1":"page","2":"type-page","3":"status-publish","5":"category-page-extrusion-fr"},"_links":{"self":[{"href":"https:\/\/www.plasnor.com\/fr\/wp-json\/wp\/v2\/pages\/17078","targetHints":{"allow":["GET"]}}],"collection":[{"href":"https:\/\/www.plasnor.com\/fr\/wp-json\/wp\/v2\/pages"}],"about":[{"href":"https:\/\/www.plasnor.com\/fr\/wp-json\/wp\/v2\/types\/page"}],"author":[{"embeddable":true,"href":"https:\/\/www.plasnor.com\/fr\/wp-json\/wp\/v2\/users\/1"}],"replies":[{"embeddable":true,"href":"https:\/\/www.plasnor.com\/fr\/wp-json\/wp\/v2\/comments?post=17078"}],"version-history":[{"count":0,"href":"https:\/\/www.plasnor.com\/fr\/wp-json\/wp\/v2\/pages\/17078\/revisions"}],"up":[{"embeddable":true,"href":"https:\/\/www.plasnor.com\/fr\/wp-json\/wp\/v2\/pages\/17104"}],"wp:attachment":[{"href":"https:\/\/www.plasnor.com\/fr\/wp-json\/wp\/v2\/media?parent=17078"}],"wp:term":[{"taxonomy":"category","embeddable":true,"href":"https:\/\/www.plasnor.com\/fr\/wp-json\/wp\/v2\/categories?post=17078"},{"taxonomy":"post_tag","embeddable":true,"href":"https:\/\/www.plasnor.com\/fr\/wp-json\/wp\/v2\/tags?post=17078"}],"curies":[{"name":"wp","href":"https:\/\/api.w.org\/{rel}","templated":true}]}}