{"id":17082,"date":"2023-04-20T20:21:40","date_gmt":"2023-04-20T18:21:40","guid":{"rendered":"https:\/\/www.plasnor.com\/own-laboratory\/"},"modified":"2024-02-05T16:12:29","modified_gmt":"2024-02-05T15:12:29","slug":"laboratoire-propre","status":"publish","type":"page","link":"https:\/\/www.plasnor.com\/fr\/extrusion\/laboratoire-propre\/","title":{"rendered":"Laboratoire propre"},"content":{"rendered":"<p>Nous disposons de notre propre laboratoire interne dirig\u00e9 par une \u00e9quipe de chimistes experts et dot\u00e9 des \u00e9quipements techniques suffisants et ad\u00e9quats (bascules, colorim\u00e8tres, spectrophotom\u00e8tre et instruments d\u2019analyses divers). Nous disposons aussi de toutes les mati\u00e8res plastiques, colorants, pigments et additifs n\u00e9cessaires \u00e0 l\u2019analyse, \u00e9tude et d\u00e9veloppement des couleurs que nous fournissons \u00e0 nos clients.<\/p>\n<p>Le fait d\u2019avoir notre propre laboratoire nous permet de r\u00e9aliser des contretypages de couleur de mani\u00e8re rapide et pr\u00e9cise pour d\u00e9velopper de nouvelles couleurs et contretyper n\u2019importe quelle couleur demand\u00e9e. De cette mani\u00e8re, nous garantissons la fiabilit\u00e9 des tonalit\u00e9s de couleur pour les fabrications successives et leur maintien dans la dur\u00e9e.<\/p>\n<div id='gallery-1' class='gallery galleryid-17082 gallery-columns-2 gallery-size-full'><figure class='gallery-item'>\n\t\t\t<div class='gallery-icon landscape'>\n\t\t\t\t<a href='https:\/\/www.plasnor.com\/wp-content\/uploads\/2023\/04\/plasnor-masterbach-01.jpg'><img loading=\"lazy\" decoding=\"async\" width=\"800\" height=\"566\" src=\"https:\/\/www.plasnor.com\/wp-content\/uploads\/2023\/04\/plasnor-masterbach-01.jpg\" class=\"attachment-full size-full\" alt=\"Nuestro laboratorio\" srcset=\"https:\/\/www.plasnor.com\/wp-content\/uploads\/2023\/04\/plasnor-masterbach-01.jpg 800w, https:\/\/www.plasnor.com\/wp-content\/uploads\/2023\/04\/plasnor-masterbach-01-300x212.jpg 300w, https:\/\/www.plasnor.com\/wp-content\/uploads\/2023\/04\/plasnor-masterbach-01-768x543.jpg 768w\" sizes=\"auto, (max-width: 800px) 100vw, 800px\" title=\"\"><\/a>\n\t\t\t<\/div><\/figure><figure class='gallery-item'>\n\t\t\t<div class='gallery-icon landscape'>\n\t\t\t\t<a href='https:\/\/www.plasnor.com\/wp-content\/uploads\/2023\/04\/plasnor-masterbach-03.jpg'><img loading=\"lazy\" decoding=\"async\" width=\"800\" height=\"566\" src=\"https:\/\/www.plasnor.com\/wp-content\/uploads\/2023\/04\/plasnor-masterbach-03.jpg\" class=\"attachment-full size-full\" alt=\"\" srcset=\"https:\/\/www.plasnor.com\/wp-content\/uploads\/2023\/04\/plasnor-masterbach-03.jpg 800w, https:\/\/www.plasnor.com\/wp-content\/uploads\/2023\/04\/plasnor-masterbach-03-300x212.jpg 300w, https:\/\/www.plasnor.com\/wp-content\/uploads\/2023\/04\/plasnor-masterbach-03-768x543.jpg 768w\" sizes=\"auto, (max-width: 800px) 100vw, 800px\" title=\"\"><\/a>\n\t\t\t<\/div><\/figure>\n\t\t<\/div>\n\n","protected":false},"excerpt":{"rendered":"<p>Nous disposons de notre propre laboratoire interne dirig\u00e9 par une \u00e9quipe de chimistes experts et dot\u00e9 des \u00e9quipements &#8230; <a title=\"Laboratoire propre\" class=\"read-more\" href=\"https:\/\/www.plasnor.com\/fr\/extrusion\/laboratoire-propre\/\" aria-label=\"En savoir plus sur Laboratoire propre\">[ + info ]<\/a><\/p>\n","protected":false},"author":1,"featured_media":0,"parent":17104,"menu_order":0,"comment_status":"closed","ping_status":"closed","template":"","meta":{"footnotes":""},"categories":[57],"tags":[],"class_list":{"0":"post-17082","1":"page","2":"type-page","3":"status-publish","5":"category-page-extrusion-fr"},"_links":{"self":[{"href":"https:\/\/www.plasnor.com\/fr\/wp-json\/wp\/v2\/pages\/17082","targetHints":{"allow":["GET"]}}],"collection":[{"href":"https:\/\/www.plasnor.com\/fr\/wp-json\/wp\/v2\/pages"}],"about":[{"href":"https:\/\/www.plasnor.com\/fr\/wp-json\/wp\/v2\/types\/page"}],"author":[{"embeddable":true,"href":"https:\/\/www.plasnor.com\/fr\/wp-json\/wp\/v2\/users\/1"}],"replies":[{"embeddable":true,"href":"https:\/\/www.plasnor.com\/fr\/wp-json\/wp\/v2\/comments?post=17082"}],"version-history":[{"count":0,"href":"https:\/\/www.plasnor.com\/fr\/wp-json\/wp\/v2\/pages\/17082\/revisions"}],"up":[{"embeddable":true,"href":"https:\/\/www.plasnor.com\/fr\/wp-json\/wp\/v2\/pages\/17104"}],"wp:attachment":[{"href":"https:\/\/www.plasnor.com\/fr\/wp-json\/wp\/v2\/media?parent=17082"}],"wp:term":[{"taxonomy":"category","embeddable":true,"href":"https:\/\/www.plasnor.com\/fr\/wp-json\/wp\/v2\/categories?post=17082"},{"taxonomy":"post_tag","embeddable":true,"href":"https:\/\/www.plasnor.com\/fr\/wp-json\/wp\/v2\/tags?post=17082"}],"curies":[{"name":"wp","href":"https:\/\/api.w.org\/{rel}","templated":true}]}}