{"id":17084,"date":"2023-04-20T20:18:54","date_gmt":"2023-04-20T18:18:54","guid":{"rendered":"https:\/\/www.plasnor.com\/industries-and-applications-2\/"},"modified":"2024-02-05T16:21:19","modified_gmt":"2024-02-05T15:21:19","slug":"secteurs-et-applications","status":"publish","type":"page","link":"https:\/\/www.plasnor.com\/fr\/extrusion\/secteurs-et-applications\/","title":{"rendered":"Secteurs et applications"},"content":{"rendered":"<div id=\"pl-17084\"  class=\"panel-layout\" ><div id=\"pg-17084-0\"  class=\"panel-grid panel-no-style\" ><div id=\"pgc-17084-0-0\"  class=\"panel-grid-cell\" ><div id=\"panel-17084-0-0-0\" class=\"so-panel widget widget_sow-headline panel-first-child panel-last-child\" data-index=\"0\" ><div\n\t\t\t\n\t\t\tclass=\"so-widget-sow-headline so-widget-sow-headline-default-57294de3285c-17084 so-widget-fittext-wrapper\"\n\t\t\t data-fit-text-compressor=\"0.85\"\n\t\t><div class=\"sow-headline-container \">\n\t\t\t\t\t\t\t<h2 class=\"sow-headline\">\n\t\t\t\t\t\tSecteurs et applications EXTRUSION\t\t\t\t\t\t<\/h2>\n\t\t\t\t\t\t\t\t\t\t\t<div class=\"decoration\">\n\t\t\t\t\t\t<div class=\"decoration-inside\"><\/div>\n\t\t\t\t\t<\/div>\n\t\t\t\t\t\t\t\t\t\t\t<p class=\"sow-sub-headline\">\n\t\t\t\t\t\tNous transformons des plaques et des bobines pour des pi\u00e8ces destin\u00e9es \u00e0 des clients des secteurs les plus divers:\t\t\t\t\t\t<\/p>\n\t\t\t\t\t\t<\/div>\n<\/div><\/div><\/div><\/div><div id=\"pg-17084-1\"  class=\"panel-grid panel-has-style\" ><div class=\"extrusion-sectores panel-row-style panel-row-style-for-17084-1\" ><div id=\"pgc-17084-1-0\"  class=\"panel-grid-cell\" ><div id=\"panel-17084-1-0-0\" class=\"so-panel widget widget_sow-image panel-first-child panel-last-child\" data-index=\"1\" ><div\n\t\t\t\n\t\t\tclass=\"so-widget-sow-image so-widget-sow-image-default-113ccd71f3e6-17084\"\n\t\t\t\n\t\t>\n<div class=\"sow-image-container\">\n\t\t\t<a href=\"#Thermoforming\"\n\t\t\t\t\t>\n\t\t\t<img \n\tsrc=\"https:\/\/www.plasnor.com\/wp-content\/uploads\/2023\/04\/1.svg\" title=\"Thermoformage\" alt=\"Thermoformage\" \t\tclass=\"so-widget-image\"\/>\n\t\t\t<\/a><\/div>\n\n<h3 class=\"widget-title\">\t\t<a href=\"#Thermoforming\"\n\t\t\t\t\t>\n\t\tThermoformage<\/a><\/h3><\/div><\/div><\/div><div id=\"pgc-17084-1-1\"  class=\"panel-grid-cell\" ><div id=\"panel-17084-1-1-0\" class=\"so-panel widget widget_sow-image panel-first-child panel-last-child\" data-index=\"2\" ><div\n\t\t\t\n\t\t\tclass=\"so-widget-sow-image so-widget-sow-image-default-113ccd71f3e6-17084\"\n\t\t\t\n\t\t>\n<div class=\"sow-image-container\">\n\t\t\t<a href=\"#Sanitary\"\n\t\t\t\t\t>\n\t\t\t<img \n\tsrc=\"https:\/\/www.plasnor.com\/wp-content\/uploads\/2023\/04\/2.svg\" title=\"Mobilier de salles de bains et sanitaires\" alt=\"Mobilier de salles de bains et sanitaires\" \t\tclass=\"so-widget-image\"\/>\n\t\t\t<\/a><\/div>\n\n<h3 class=\"widget-title\">\t\t<a href=\"#Sanitary\"\n\t\t\t\t\t>\n\t\tMobilier de salles de bains et sanitaires<\/a><\/h3><\/div><\/div><\/div><div id=\"pgc-17084-1-2\"  class=\"panel-grid-cell\" ><div id=\"panel-17084-1-2-0\" class=\"so-panel widget widget_sow-image panel-first-child panel-last-child\" data-index=\"3\" ><div\n\t\t\t\n\t\t\tclass=\"so-widget-sow-image so-widget-sow-image-default-113ccd71f3e6-17084\"\n\t\t\t\n\t\t>\n<div class=\"sow-image-container\">\n\t\t\t<a href=\"#Refrigeration\"\n\t\t\t\t\t>\n\t\t\t<img \n\tsrc=\"https:\/\/www.plasnor.com\/wp-content\/uploads\/2023\/04\/3.svg\" title=\"Froid \" alt=\"Froid \" \t\tclass=\"so-widget-image\"\/>\n\t\t\t<\/a><\/div>\n\n<h3 class=\"widget-title\">\t\t<a href=\"#Refrigeration\"\n\t\t\t\t\t>\n\t\tFroid <\/a><\/h3><\/div><\/div><\/div><div id=\"pgc-17084-1-3\"  class=\"panel-grid-cell\" ><div id=\"panel-17084-1-3-0\" class=\"so-panel widget widget_sow-image panel-first-child panel-last-child\" data-index=\"4\" ><div\n\t\t\t\n\t\t\tclass=\"so-widget-sow-image so-widget-sow-image-default-113ccd71f3e6-17084\"\n\t\t\t\n\t\t>\n<div class=\"sow-image-container\">\n\t\t\t<a href=\"#plv\"\n\t\t\t\t\t>\n\t\t\t<img \n\tsrc=\"https:\/\/www.plasnor.com\/wp-content\/uploads\/2023\/04\/4.svg\" title=\"PLV\" alt=\"PLV\" \t\tclass=\"so-widget-image\"\/>\n\t\t\t<\/a><\/div>\n\n<h3 class=\"widget-title\">\t\t<a href=\"#plv\"\n\t\t\t\t\t>\n\t\tPLV<\/a><\/h3><\/div><\/div><\/div><div id=\"pgc-17084-1-4\"  class=\"panel-grid-cell\" ><div id=\"panel-17084-1-4-0\" class=\"so-panel widget widget_sow-image panel-first-child panel-last-child\" data-index=\"5\" ><div\n\t\t\t\n\t\t\tclass=\"so-widget-sow-image so-widget-sow-image-default-113ccd71f3e6-17084\"\n\t\t\t\n\t\t>\n<div class=\"sow-image-container\">\n\t\t\t<a href=\"#Furniture\"\n\t\t\t\t\t>\n\t\t\t<img \n\tsrc=\"https:\/\/www.plasnor.com\/wp-content\/uploads\/2023\/04\/5.svg\" title=\"Ameublement \" alt=\"Ameublement \" \t\tclass=\"so-widget-image\"\/>\n\t\t\t<\/a><\/div>\n\n<h3 class=\"widget-title\">\t\t<a href=\"#Furniture\"\n\t\t\t\t\t>\n\t\tAmeublement <\/a><\/h3><\/div><\/div><\/div><\/div><\/div><div id=\"pg-17084-2\"  class=\"panel-grid panel-has-style\" ><div class=\"extrusion-sectores panel-row-style panel-row-style-for-17084-2\" ><div id=\"pgc-17084-2-0\"  class=\"panel-grid-cell\" ><div id=\"panel-17084-2-0-0\" class=\"so-panel widget widget_sow-image panel-first-child panel-last-child\" data-index=\"6\" ><div\n\t\t\t\n\t\t\tclass=\"so-widget-sow-image so-widget-sow-image-default-113ccd71f3e6-17084\"\n\t\t\t\n\t\t>\n<div class=\"sow-image-container\">\n\t\t\t<a href=\"#Packaging\"\n\t\t\t\t\t>\n\t\t\t<img \n\tsrc=\"https:\/\/www.plasnor.com\/wp-content\/uploads\/2023\/04\/6.svg\" title=\"Packaging\" alt=\"Packaging\" \t\tclass=\"so-widget-image\"\/>\n\t\t\t<\/a><\/div>\n\n<h3 class=\"widget-title\">\t\t<a href=\"#Packaging\"\n\t\t\t\t\t>\n\t\tPackaging<\/a><\/h3><\/div><\/div><\/div><div id=\"pgc-17084-2-1\"  class=\"panel-grid-cell\" ><div id=\"panel-17084-2-1-0\" class=\"so-panel widget widget_sow-image panel-first-child panel-last-child\" data-index=\"7\" ><div\n\t\t\t\n\t\t\tclass=\"so-widget-sow-image so-widget-sow-image-default-113ccd71f3e6-17084\"\n\t\t\t\n\t\t>\n<div class=\"sow-image-container\">\n\t\t\t<a href=\"#Automotive\"\n\t\t\t\t\t>\n\t\t\t<img \n\tsrc=\"https:\/\/www.plasnor.com\/wp-content\/uploads\/2023\/04\/7.svg\" title=\"Automobile \" alt=\"Automobile \" \t\tclass=\"so-widget-image\"\/>\n\t\t\t<\/a><\/div>\n\n<h3 class=\"widget-title\">\t\t<a href=\"#Automotive\"\n\t\t\t\t\t>\n\t\tAutomobile <\/a><\/h3><\/div><\/div><\/div><div id=\"pgc-17084-2-2\"  class=\"panel-grid-cell\" ><div id=\"panel-17084-2-2-0\" class=\"so-panel widget widget_sow-image panel-first-child panel-last-child\" data-index=\"8\" ><div\n\t\t\t\n\t\t\tclass=\"so-widget-sow-image so-widget-sow-image-default-113ccd71f3e6-17084\"\n\t\t\t\n\t\t>\n<div class=\"sow-image-container\">\n\t\t\t<a href=\"#Medical\"\n\t\t\t\t\t>\n\t\t\t<img \n\tsrc=\"https:\/\/www.plasnor.com\/wp-content\/uploads\/2023\/04\/8.svg\" title=\"Secteur m\u00e9dical\" alt=\"Secteur m\u00e9dical\" \t\tclass=\"so-widget-image\"\/>\n\t\t\t<\/a><\/div>\n\n<h3 class=\"widget-title\">\t\t<a href=\"#Medical\"\n\t\t\t\t\t>\n\t\tSecteur m\u00e9dical<\/a><\/h3><\/div><\/div><\/div><div id=\"pgc-17084-2-3\"  class=\"panel-grid-cell panel-grid-cell-mobile-last\" ><div id=\"panel-17084-2-3-0\" class=\"so-panel widget widget_sow-image panel-first-child panel-last-child\" data-index=\"9\" ><div\n\t\t\t\n\t\t\tclass=\"so-widget-sow-image so-widget-sow-image-default-113ccd71f3e6-17084\"\n\t\t\t\n\t\t>\n<div class=\"sow-image-container\">\n\t\t\t<a href=\"#Renewable-energies\"\n\t\t\t\t\t>\n\t\t\t<img \n\tsrc=\"https:\/\/www.plasnor.com\/wp-content\/uploads\/2023\/04\/9.svg\" title=\"Renewable energies\" alt=\"\u00c9nergies renouvelables\" \t\tclass=\"so-widget-image\"\/>\n\t\t\t<\/a><\/div>\n\n<h3 class=\"widget-title\">\t\t<a href=\"#Renewable-energies\"\n\t\t\t\t\t>\n\t\tRenewable energies<\/a><\/h3><\/div><\/div><\/div><div id=\"pgc-17084-2-4\"  class=\"panel-grid-cell panel-grid-cell-empty\" ><\/div><\/div><\/div><div id=\"pg-17084-3\"  class=\"panel-grid panel-has-style\" ><div id=\"Thermoforming\" class=\"panel-row-style panel-row-style-for-17084-3\" ><div id=\"pgc-17084-3-0\"  class=\"panel-grid-cell\" ><div id=\"panel-17084-3-0-0\" class=\"so-panel widget widget_sow-editor panel-first-child panel-last-child\" data-index=\"10\" ><div\n\t\t\t\n\t\t\tclass=\"so-widget-sow-editor so-widget-sow-editor-base\"\n\t\t\t\n\t\t><h3 class=\"widget-title\">Thermoformage<\/h3>\n<div class=\"siteorigin-widget-tinymce textwidget\">\n\t<p><img loading=\"lazy\" decoding=\"async\" class=\"alignleft wp-image-15330 size-full\" src=\"https:\/\/www.plasnor.com\/wp-content\/uploads\/2023\/04\/01-plasnor-termoconformado.jpg\" alt=\"Thermoformage\" width=\"424\" height=\"251\" srcset=\"https:\/\/www.plasnor.com\/wp-content\/uploads\/2023\/04\/01-plasnor-termoconformado.jpg 424w, https:\/\/www.plasnor.com\/wp-content\/uploads\/2023\/04\/01-plasnor-termoconformado-300x178.jpg 300w\" sizes=\"auto, (max-width: 424px) 100vw, 424px\" title=\"\"> Pour ce secteur, nous fournissons des plaques et\/ou bobines fabriqu\u00e9es dans les mati\u00e8res thermoplastiques les plus diverses (PS, ABS, ABS\/PMMA, autoextinguibles, ABS\/PC, PS\/PE, etc.) en fonction des exigences r\u00e9glementaires, de la fonction des pi\u00e8ces et du lieu o\u00f9 elles seront plac\u00e9es, au gr\u00e9 des thermoformeurs qui pourront les transformer en carters, carcasses, protecteurs, enjoliveurs, plateaux, pr\u00e9sentoirs, etc.<\/p>\n<\/div>\n<\/div><\/div><\/div><\/div><\/div><div id=\"pg-17084-4\"  class=\"panel-grid panel-has-style\" ><div id=\"Sanitary\" class=\"panel-row-style panel-row-style-for-17084-4\" ><div id=\"pgc-17084-4-0\"  class=\"panel-grid-cell\" ><div id=\"panel-17084-4-0-0\" class=\"so-panel widget widget_sow-editor panel-first-child panel-last-child\" data-index=\"11\" ><div\n\t\t\t\n\t\t\tclass=\"so-widget-sow-editor so-widget-sow-editor-base\"\n\t\t\t\n\t\t><h3 class=\"widget-title\">Mobilier de salles de bains et sanitaires<\/h3>\n<div class=\"siteorigin-widget-tinymce textwidget\">\n\t<p><img loading=\"lazy\" decoding=\"async\" class=\"alignleft wp-image-15334 size-full\" src=\"https:\/\/www.plasnor.com\/wp-content\/uploads\/2023\/04\/02-plasnor-sanitary.jpg\" alt=\"Mobilier de salles de bains et sanitaires\" width=\"424\" height=\"251\" srcset=\"https:\/\/www.plasnor.com\/wp-content\/uploads\/2023\/04\/02-plasnor-sanitary.jpg 424w, https:\/\/www.plasnor.com\/wp-content\/uploads\/2023\/04\/02-plasnor-sanitary-300x178.jpg 300w\" sizes=\"auto, (max-width: 424px) 100vw, 424px\" title=\"\"> Pour les fabricants de salles de bains, nous fournissons surtout des plaques en ABS\/PMMA qui sont \u00e0 leur tour transform\u00e9es en pi\u00e8ces de baignoires, cabines, colonnes, plateaux de douche et m\u00eame de spa. Nous les fournissons aussi, bien que moins souvent, dans des mat\u00e9riaux comme notre NORSAN SUPERMAT, imitations bois, marbre, carrelage, etc.<\/p>\n<\/div>\n<\/div><\/div><\/div><\/div><\/div><div id=\"pg-17084-5\"  class=\"panel-grid panel-has-style\" ><div id=\"Refrigeration\" class=\"panel-row-style panel-row-style-for-17084-5\" ><div id=\"pgc-17084-5-0\"  class=\"panel-grid-cell\" ><div id=\"panel-17084-5-0-0\" class=\"so-panel widget widget_sow-editor panel-first-child panel-last-child\" data-index=\"12\" ><div\n\t\t\t\n\t\t\tclass=\"so-widget-sow-editor so-widget-sow-editor-base\"\n\t\t\t\n\t\t><h3 class=\"widget-title\">Froid<\/h3>\n<div class=\"siteorigin-widget-tinymce textwidget\">\n\t<p><img loading=\"lazy\" decoding=\"async\" class=\"alignleft wp-image-15342 size-full\" src=\"https:\/\/www.plasnor.com\/wp-content\/uploads\/2023\/04\/03-plasnor-frio2.jpg\" alt=\"Froid\" width=\"424\" height=\"251\" srcset=\"https:\/\/www.plasnor.com\/wp-content\/uploads\/2023\/04\/03-plasnor-frio2.jpg 424w, https:\/\/www.plasnor.com\/wp-content\/uploads\/2023\/04\/03-plasnor-frio2-300x178.jpg 300w\" sizes=\"auto, (max-width: 424px) 100vw, 424px\" title=\"\"> Nous fournissons au secteur du froid des plaques et des bobines en PS, aptes aux int\u00e9rieurs et parois lat\u00e9rales de chambres froides et r\u00e9frig\u00e9rateurs. Ce PS r\u00e9siste au processus post\u00e9rieur d\u2019injection de PU auquel est fr\u00e9quemment soumis ce type de pi\u00e8ces.<\/p>\n<\/div>\n<\/div><\/div><\/div><\/div><\/div><div id=\"pg-17084-6\"  class=\"panel-grid panel-has-style\" ><div id=\"plv\" class=\"panel-row-style panel-row-style-for-17084-6\" ><div id=\"pgc-17084-6-0\"  class=\"panel-grid-cell\" ><div id=\"panel-17084-6-0-0\" class=\"so-panel widget widget_sow-editor panel-first-child panel-last-child\" data-index=\"13\" ><div\n\t\t\t\n\t\t\tclass=\"so-widget-sow-editor so-widget-sow-editor-base\"\n\t\t\t\n\t\t><h3 class=\"widget-title\">PLV<\/h3>\n<div class=\"siteorigin-widget-tinymce textwidget\">\n\t<p><img loading=\"lazy\" decoding=\"async\" class=\"alignleft wp-image-15346 size-full\" src=\"https:\/\/www.plasnor.com\/wp-content\/uploads\/2023\/04\/04-plasnor-advertising.jpg\" alt=\"PLV\" width=\"424\" height=\"251\" srcset=\"https:\/\/www.plasnor.com\/wp-content\/uploads\/2023\/04\/04-plasnor-advertising.jpg 424w, https:\/\/www.plasnor.com\/wp-content\/uploads\/2023\/04\/04-plasnor-advertising-300x178.jpg 300w\" sizes=\"auto, (max-width: 424px) 100vw, 424px\" title=\"\"> Le secteur de la publicit\u00e9 sur le lieu de vente fait souvent appel \u00e0 notre PS pour \u00e9laborer des pr\u00e9sentoirs et\/ou panneaux publicitaires \u00e0 travers diff\u00e9rents processus comme le thermoformage, l\u2019usinage, le pliage \u00e0 chaud, l\u2019impression, l\u2019impression offset, etc. Dans ce secteur, la capacit\u00e9 \u00e0 d\u00e9velopper tr\u00e8s rapidement des couleurs est fondamentale.<\/p>\n<\/div>\n<\/div><\/div><\/div><\/div><\/div><div id=\"pg-17084-7\"  class=\"panel-grid panel-has-style\" ><div id=\"Furniture\" class=\"panel-row-style panel-row-style-for-17084-7\" ><div id=\"pgc-17084-7-0\"  class=\"panel-grid-cell\" ><div id=\"panel-17084-7-0-0\" class=\"so-panel widget widget_sow-editor panel-first-child panel-last-child\" data-index=\"14\" ><div\n\t\t\t\n\t\t\tclass=\"so-widget-sow-editor so-widget-sow-editor-base\"\n\t\t\t\n\t\t><h3 class=\"widget-title\">Ameublement<\/h3>\n<div class=\"siteorigin-widget-tinymce textwidget\">\n\t<p><img loading=\"lazy\" decoding=\"async\" class=\"alignleft wp-image-15352 size-full\" src=\"https:\/\/www.plasnor.com\/wp-content\/uploads\/2023\/04\/05-plasnor-furniture.jpg\" alt=\"Ameublement\" width=\"424\" height=\"251\" srcset=\"https:\/\/www.plasnor.com\/wp-content\/uploads\/2023\/04\/05-plasnor-furniture.jpg 424w, https:\/\/www.plasnor.com\/wp-content\/uploads\/2023\/04\/05-plasnor-furniture-300x178.jpg 300w\" sizes=\"auto, (max-width: 424px) 100vw, 424px\" title=\"\"> Pour le secteur de l\u2019ameublement, nous \u00e9laborons des plaques avec une surface acrylique haute brillance, hautement appr\u00e9ci\u00e9es sur ce march\u00e9, sous notre marque NORSAN HIGH GLOSS. Nos clients les utilisent pour rev\u00eatir des panneaux en bois par collage. Ceux-ci sont ensuite d\u00e9coup\u00e9s pour fabriquer des portes d\u2019armoires de cuisine.\u2028L\u2019effet miroir de nos plaques est particuli\u00e8rement estim\u00e9 de nos clients. Notre offre se compl\u00e8te d\u2019une gamme tr\u00e8s \u00e9tendue de couleurs et de multiples designs d\u00e9coratifs qui \u00e0 ce jour, ont permis \u00e0 notre produit phare d\u2019\u00eatre export\u00e9 dans 3 continents.<\/p>\n<\/div>\n<\/div><\/div><\/div><\/div><\/div><div id=\"pg-17084-8\"  class=\"panel-grid panel-has-style\" ><div id=\"Packaging\" class=\"panel-row-style panel-row-style-for-17084-8\" ><div id=\"pgc-17084-8-0\"  class=\"panel-grid-cell\" ><div id=\"panel-17084-8-0-0\" class=\"so-panel widget widget_sow-editor panel-first-child panel-last-child\" data-index=\"15\" ><div\n\t\t\t\n\t\t\tclass=\"so-widget-sow-editor so-widget-sow-editor-base\"\n\t\t\t\n\t\t><h3 class=\"widget-title\">Packaging<\/h3>\n<div class=\"siteorigin-widget-tinymce textwidget\">\n\t<p><img loading=\"lazy\" decoding=\"async\" class=\"alignleft wp-image-15358 size-full\" src=\"https:\/\/www.plasnor.com\/wp-content\/uploads\/2023\/04\/06-plasnor-packaging.jpg\" alt=\"Packaging\" width=\"424\" height=\"251\" srcset=\"https:\/\/www.plasnor.com\/wp-content\/uploads\/2023\/04\/06-plasnor-packaging.jpg 424w, https:\/\/www.plasnor.com\/wp-content\/uploads\/2023\/04\/06-plasnor-packaging-300x178.jpg 300w\" sizes=\"auto, (max-width: 424px) 100vw, 424px\" title=\"\"> Nous fournissons des plaques pour la confection d\u2019emballages dans diff\u00e9rents mat\u00e9riaux, parfois standards, parfois tr\u00e8s techniques, comme dans le cas des emballages anti-copeaux. Nous fournissons ainsi aux entreprises fabricantes d\u2019emballages des plaques sur mesure, en fonction de leurs exigences techniques. Nos mat\u00e9riaux sont thermoform\u00e9s pour obtenir leurs plateaux qui seront ensuite destin\u00e9s au transport ou au stockage de pi\u00e8ces dans des conditions optimales, qui assurent la protection du produit en m\u00eame temps qu\u2019un gain de temps et d\u2019espace.<\/p>\n<\/div>\n<\/div><\/div><\/div><\/div><\/div><div id=\"pg-17084-9\"  class=\"panel-grid panel-has-style\" ><div id=\"Automotive\" class=\"panel-row-style panel-row-style-for-17084-9\" ><div id=\"pgc-17084-9-0\"  class=\"panel-grid-cell\" ><div id=\"panel-17084-9-0-0\" class=\"so-panel widget widget_sow-editor panel-first-child panel-last-child\" data-index=\"16\" ><div\n\t\t\t\n\t\t\tclass=\"so-widget-sow-editor so-widget-sow-editor-base\"\n\t\t\t\n\t\t><h3 class=\"widget-title\">Automobile<\/h3>\n<div class=\"siteorigin-widget-tinymce textwidget\">\n\t<p><img loading=\"lazy\" decoding=\"async\" class=\"alignleft wp-image-15366 size-full\" src=\"https:\/\/www.plasnor.com\/wp-content\/uploads\/2023\/04\/07-plasnor-automotion.jpg\" alt=\"Automobile\" width=\"424\" height=\"251\" srcset=\"https:\/\/www.plasnor.com\/wp-content\/uploads\/2023\/04\/07-plasnor-automotion.jpg 424w, https:\/\/www.plasnor.com\/wp-content\/uploads\/2023\/04\/07-plasnor-automotion-300x178.jpg 300w\" sizes=\"auto, (max-width: 424px) 100vw, 424px\" title=\"\"> Nous fournissons des plaques en ABS, en PS\/PE et en ABS\/PMMA avec diff\u00e9rents types aspects de surface pour des pi\u00e8ces int\u00e9rieures (plages arri\u00e8re, si\u00e8ges, tableaux de bord, garde-boues, plafonds, carrosseries, protections) et ext\u00e9rieures (toits, capots, phares, etc. ) d\u2019autocars, voitures sans permis, tracteurs, trains, etc.<\/p>\n<\/div>\n<\/div><\/div><\/div><\/div><\/div><div id=\"pg-17084-10\"  class=\"panel-grid panel-has-style\" ><div id=\"Medical\" class=\"panel-row-style panel-row-style-for-17084-10\" ><div id=\"pgc-17084-10-0\"  class=\"panel-grid-cell\" ><div id=\"panel-17084-10-0-0\" class=\"so-panel widget widget_sow-editor panel-first-child panel-last-child\" data-index=\"17\" ><div\n\t\t\t\n\t\t\tclass=\"so-widget-sow-editor so-widget-sow-editor-base\"\n\t\t\t\n\t\t><h3 class=\"widget-title\">Secteur m\u00e9dical<\/h3>\n<div class=\"siteorigin-widget-tinymce textwidget\">\n\t<p><img loading=\"lazy\" decoding=\"async\" class=\"alignleft wp-image-15372 size-full\" src=\"https:\/\/www.plasnor.com\/wp-content\/uploads\/2023\/04\/08-plasnor-hospital-furniture.jpg\" alt=\"Secteur m\u00e9dical\" width=\"424\" height=\"251\" srcset=\"https:\/\/www.plasnor.com\/wp-content\/uploads\/2023\/04\/08-plasnor-hospital-furniture.jpg 424w, https:\/\/www.plasnor.com\/wp-content\/uploads\/2023\/04\/08-plasnor-hospital-furniture-300x178.jpg 300w\" sizes=\"auto, (max-width: 424px) 100vw, 424px\" title=\"\"> Nous fournissons \u00e9galement des plaques dans des mat\u00e9riaux adapt\u00e9s (PS, ABS, ignifuges) pour les applications au secteur pharmaceutique, hospitalier et m\u00e9dical. Ces plaques servent \u00e0 fabriquer des pi\u00e8ces comme les barquettes pharmaceutiques, les pi\u00e8ces de lit ou parties de chariots, ainsi que diff\u00e9rents composants d\u2019appareils et dispositifs utilis\u00e9s dans les h\u00f4pitaux. Parfois, et de plus en plus fr\u00e9quemment, nous sommes amen\u00e9s \u00e0 fournir des plaques conformes \u00e0 certaines normes pharmaceutiques, de m\u00eame que des mat\u00e9riaux ignifuges qui respectent les exigences des nouvelles r\u00e9glementations de r\u00e9sistance au feu.<\/p>\n<\/div>\n<\/div><\/div><\/div><\/div><\/div><div id=\"pg-17084-11\"  class=\"panel-grid panel-has-style\" ><div id=\"Renewable-energies\" class=\"panel-row-style panel-row-style-for-17084-11\" ><div id=\"pgc-17084-11-0\"  class=\"panel-grid-cell\" ><div id=\"panel-17084-11-0-0\" class=\"so-panel widget widget_sow-editor panel-first-child panel-last-child\" data-index=\"18\" ><div\n\t\t\t\n\t\t\tclass=\"so-widget-sow-editor so-widget-sow-editor-base\"\n\t\t\t\n\t\t><h3 class=\"widget-title\">\u00c9nergies renouvelables<\/h3>\n<div class=\"siteorigin-widget-tinymce textwidget\">\n\t<p><img loading=\"lazy\" decoding=\"async\" class=\"wp-image-15380 size-full alignleft\" src=\"https:\/\/www.plasnor.com\/wp-content\/uploads\/2023\/04\/09-plasnor-Eolico.jpg\" alt=\"\u00c9nergies renouvelables\" width=\"424\" height=\"251\" srcset=\"https:\/\/www.plasnor.com\/wp-content\/uploads\/2023\/04\/09-plasnor-Eolico.jpg 424w, https:\/\/www.plasnor.com\/wp-content\/uploads\/2023\/04\/09-plasnor-Eolico-300x178.jpg 300w\" sizes=\"auto, (max-width: 424px) 100vw, 424px\" title=\"\"> Nous fournissons des plaques dans diff\u00e9rents mat\u00e9riaux comme l\u2019ABS\/ASA et\/ou \u00e9quivalents pour les composants d\u2019\u00e9quipements de production d\u2019\u00e9nergies renouvelables, tels qu\u2019\u00e9oliennes, accumulateurs solaires, etc.<\/p>\n<\/div>\n<\/div><\/div><\/div><\/div><\/div><\/div>","protected":false},"excerpt":{"rendered":"<p>Secteurs et applications EXTRUSION Nous transformons des plaques et des bobines pour des pi\u00e8ces destin\u00e9es \u00e0 des clients &#8230; <a title=\"Secteurs et applications\" class=\"read-more\" href=\"https:\/\/www.plasnor.com\/fr\/extrusion\/secteurs-et-applications\/\" aria-label=\"En savoir plus sur Secteurs et applications\">[ + info ]<\/a><\/p>\n","protected":false},"author":1,"featured_media":0,"parent":17104,"menu_order":0,"comment_status":"closed","ping_status":"closed","template":"","meta":{"footnotes":""},"categories":[57],"tags":[],"class_list":{"0":"post-17084","1":"page","2":"type-page","3":"status-publish","5":"category-page-extrusion-fr"},"_links":{"self":[{"href":"https:\/\/www.plasnor.com\/fr\/wp-json\/wp\/v2\/pages\/17084","targetHints":{"allow":["GET"]}}],"collection":[{"href":"https:\/\/www.plasnor.com\/fr\/wp-json\/wp\/v2\/pages"}],"about":[{"href":"https:\/\/www.plasnor.com\/fr\/wp-json\/wp\/v2\/types\/page"}],"author":[{"embeddable":true,"href":"https:\/\/www.plasnor.com\/fr\/wp-json\/wp\/v2\/users\/1"}],"replies":[{"embeddable":true,"href":"https:\/\/www.plasnor.com\/fr\/wp-json\/wp\/v2\/comments?post=17084"}],"version-history":[{"count":0,"href":"https:\/\/www.plasnor.com\/fr\/wp-json\/wp\/v2\/pages\/17084\/revisions"}],"up":[{"embeddable":true,"href":"https:\/\/www.plasnor.com\/fr\/wp-json\/wp\/v2\/pages\/17104"}],"wp:attachment":[{"href":"https:\/\/www.plasnor.com\/fr\/wp-json\/wp\/v2\/media?parent=17084"}],"wp:term":[{"taxonomy":"category","embeddable":true,"href":"https:\/\/www.plasnor.com\/fr\/wp-json\/wp\/v2\/categories?post=17084"},{"taxonomy":"post_tag","embeddable":true,"href":"https:\/\/www.plasnor.com\/fr\/wp-json\/wp\/v2\/tags?post=17084"}],"curies":[{"name":"wp","href":"https:\/\/api.w.org\/{rel}","templated":true}]}}