{"id":17086,"date":"2023-04-20T20:07:27","date_gmt":"2023-04-20T18:07:27","guid":{"rendered":"https:\/\/www.plasnor.com\/finishes\/"},"modified":"2024-02-05T16:03:14","modified_gmt":"2024-02-05T15:03:14","slug":"finitions","status":"publish","type":"page","link":"https:\/\/www.plasnor.com\/fr\/extrusion\/finitions\/","title":{"rendered":"Finitions"},"content":{"rendered":"<div id=\"pl-17086\"  class=\"panel-layout\" ><div id=\"pg-17086-0\"  class=\"panel-grid panel-no-style\" ><div id=\"pgc-17086-0-0\"  class=\"panel-grid-cell\" ><div id=\"panel-17086-0-0-0\" class=\"so-panel widget widget_sow-headline panel-first-child panel-last-child\" data-index=\"0\" ><div\n\t\t\t\n\t\t\tclass=\"so-widget-sow-headline so-widget-sow-headline-default-57294de3285c-17086 so-widget-fittext-wrapper\"\n\t\t\t data-fit-text-compressor=\"0.85\"\n\t\t><div class=\"sow-headline-container \">\n\t\t\t\t\t\t\t<h2 class=\"sow-headline\">\n\t\t\t\t\t\tSp\u00e9cialistes des couleurs\t\t\t\t\t\t<\/h2>\n\t\t\t\t\t\t\t\t\t\t\t<div class=\"decoration\">\n\t\t\t\t\t\t<div class=\"decoration-inside\"><\/div>\n\t\t\t\t\t<\/div>\n\t\t\t\t\t\t\t\t\t\t\t<p class=\"sow-sub-headline\">\n\t\t\t\t\t\tNous avons la capacit\u00e9 de fournir une gamme \u00e9tendue de finitions pour nous adapter aux exigences de nos clients.\t\t\t\t\t\t<\/p>\n\t\t\t\t\t\t<\/div>\n<\/div><\/div><\/div><\/div><div id=\"pg-17086-1\"  class=\"panel-grid panel-has-style\" ><div class=\"tipos-acabados panel-row-style panel-row-style-for-17086-1\" ><div id=\"pgc-17086-1-0\"  class=\"panel-grid-cell\" ><div id=\"panel-17086-1-0-0\" class=\"so-panel widget widget_sow-image panel-first-child panel-last-child\" data-index=\"1\" ><div\n\t\t\t\n\t\t\tclass=\"so-widget-sow-image so-widget-sow-image-default-113ccd71f3e6-17086\"\n\t\t\t\n\t\t>\n<div class=\"sow-image-container\">\n\t\t\t<a href=\"#solid-colours\"\n\t\t\t\t\t>\n\t\t\t<img \n\tsrc=\"https:\/\/www.plasnor.com\/wp-content\/uploads\/2023\/04\/solidos-medios.jpg\" width=\"375\" height=\"250\" srcset=\"https:\/\/www.plasnor.com\/wp-content\/uploads\/2023\/04\/solidos-medios.jpg 375w, https:\/\/www.plasnor.com\/wp-content\/uploads\/2023\/04\/solidos-medios-300x200.jpg 300w\" sizes=\"(max-width: 375px) 100vw, 375px\" title=\"Couleurs solides\" alt=\"Couleurs solides\" \t\tclass=\"so-widget-image\"\/>\n\t\t\t<\/a><\/div>\n\n<h3 class=\"widget-title\">\t\t<a href=\"#solid-colours\"\n\t\t\t\t\t>\n\t\tCouleurs solides<\/a><\/h3><\/div><\/div><\/div><div id=\"pgc-17086-1-1\"  class=\"panel-grid-cell\" ><div id=\"panel-17086-1-1-0\" class=\"so-panel widget widget_sow-image panel-first-child panel-last-child\" data-index=\"2\" ><div\n\t\t\t\n\t\t\tclass=\"so-widget-sow-image so-widget-sow-image-default-113ccd71f3e6-17086\"\n\t\t\t\n\t\t>\n<div class=\"sow-image-container\">\n\t\t\t<a href=\"#decorative-designs\"\n\t\t\t\t\t>\n\t\t\t<img \n\tsrc=\"https:\/\/www.plasnor.com\/wp-content\/uploads\/2023\/04\/decorativa1.jpg\" width=\"375\" height=\"250\" srcset=\"https:\/\/www.plasnor.com\/wp-content\/uploads\/2023\/04\/decorativa1.jpg 375w, https:\/\/www.plasnor.com\/wp-content\/uploads\/2023\/04\/decorativa1-300x200.jpg 300w\" sizes=\"(max-width: 375px) 100vw, 375px\" title=\"Designs d\u00e9coratifs\" alt=\"Designs d\u00e9coratifs\" \t\tclass=\"so-widget-image\"\/>\n\t\t\t<\/a><\/div>\n\n<h3 class=\"widget-title\">\t\t<a href=\"#decorative-designs\"\n\t\t\t\t\t>\n\t\tDesigns d\u00e9coratifs<\/a><\/h3><\/div><\/div><\/div><div id=\"pgc-17086-1-2\"  class=\"panel-grid-cell\" ><div id=\"panel-17086-1-2-0\" class=\"so-panel widget widget_sow-image panel-first-child panel-last-child\" data-index=\"3\" ><div\n\t\t\t\n\t\t\tclass=\"so-widget-sow-image so-widget-sow-image-default-113ccd71f3e6-17086\"\n\t\t\t\n\t\t>\n<div class=\"sow-image-container\">\n\t\t\t<a href=\"#metallic-colours\"\n\t\t\t\t\t>\n\t\t\t<img \n\tsrc=\"https:\/\/www.plasnor.com\/wp-content\/uploads\/2023\/04\/metalico.jpg\" width=\"375\" height=\"250\" srcset=\"https:\/\/www.plasnor.com\/wp-content\/uploads\/2023\/04\/metalico.jpg 375w, https:\/\/www.plasnor.com\/wp-content\/uploads\/2023\/04\/metalico-300x200.jpg 300w\" sizes=\"(max-width: 375px) 100vw, 375px\" title=\"Couleurs m\u00e9tallis\u00e9es\" alt=\"Couleurs m\u00e9tallis\u00e9es\" \t\tclass=\"so-widget-image\"\/>\n\t\t\t<\/a><\/div>\n\n<h3 class=\"widget-title\">\t\t<a href=\"#metallic-colours\"\n\t\t\t\t\t>\n\t\tCouleurs m\u00e9tallis\u00e9es<\/a><\/h3><\/div><\/div><\/div><div id=\"pgc-17086-1-3\"  class=\"panel-grid-cell\" ><div id=\"panel-17086-1-3-0\" class=\"so-panel widget widget_sow-image panel-first-child panel-last-child\" data-index=\"4\" ><div\n\t\t\t\n\t\t\tclass=\"so-widget-sow-image so-widget-sow-image-default-113ccd71f3e6-17086\"\n\t\t\t\n\t\t>\n<div class=\"sow-image-container\">\n\t\t\t<a href=\"#embossed\"\n\t\t\t\t\t>\n\t\t\t<img \n\tsrc=\"https:\/\/www.plasnor.com\/wp-content\/uploads\/2023\/04\/grabado.jpg\" width=\"375\" height=\"250\" srcset=\"https:\/\/www.plasnor.com\/wp-content\/uploads\/2023\/04\/grabado.jpg 375w, https:\/\/www.plasnor.com\/wp-content\/uploads\/2023\/04\/grabado-300x200.jpg 300w\" sizes=\"(max-width: 375px) 100vw, 375px\" title=\"Panneaux grain\u00e9s\" alt=\"Panneaux grain\u00e9s\" \t\tclass=\"so-widget-image\"\/>\n\t\t\t<\/a><\/div>\n\n<h3 class=\"widget-title\">\t\t<a href=\"#embossed\"\n\t\t\t\t\t>\n\t\tPanneaux grain\u00e9s<\/a><\/h3><\/div><\/div><\/div><\/div><\/div><div id=\"pg-17086-2\"  class=\"panel-grid panel-has-style\" ><div id=\"solid-colours\" class=\"panel-row-style panel-row-style-for-17086-2\" ><div id=\"pgc-17086-2-0\"  class=\"panel-grid-cell\" ><div id=\"panel-17086-2-0-0\" class=\"so-panel widget widget_sow-editor panel-first-child panel-last-child\" data-index=\"5\" ><div\n\t\t\t\n\t\t\tclass=\"so-widget-sow-editor so-widget-sow-editor-base\"\n\t\t\t\n\t\t><h3 class=\"widget-title\">Couleurs solides<\/h3>\n<div class=\"siteorigin-widget-tinymce textwidget\">\n\t<p>Nous disposons de la palette de couleurs la plus \u00e9tendue du march\u00e9.<\/p>\n<p><img loading=\"lazy\" decoding=\"async\" class=\"alignnone wp-image-15195 size-full\" src=\"https:\/\/www.plasnor.com\/wp-content\/uploads\/2023\/04\/colores.jpg\" alt=\"Solid colours\" width=\"868\" height=\"208\" srcset=\"https:\/\/www.plasnor.com\/wp-content\/uploads\/2023\/04\/colores.jpg 868w, https:\/\/www.plasnor.com\/wp-content\/uploads\/2023\/04\/colores-300x72.jpg 300w, https:\/\/www.plasnor.com\/wp-content\/uploads\/2023\/04\/colores-768x184.jpg 768w\" sizes=\"auto, (max-width: 868px) 100vw, 868px\" title=\"\"><\/p>\n<p>Nous pouvons d\u00e9velopper n\u2019importe quelle couleur souhait\u00e9e par notre client. \u00c0 partir d\u2019une r\u00e9f\u00e9rence Pantone ou RAL ou d\u2019un \u00e9chantillon, notre \u00e9quipe experte et notre laboratoire interne sont capables de contretyper rapidement et avec pr\u00e9cision la couleur demand\u00e9e. La fabrication du masterbatch est \u00e9galement r\u00e9alis\u00e9e dans nos installations.<\/p>\n<p><strong>Nous sommes \u00e0 n\u2019en pas douter des sp\u00e9cialistes des couleurs.\u2028Nous pouvons aussi doter nos plaques et nos bobines de diff\u00e9rents aspects superficiels : brillant, mat, satin\u00e9.<\/strong><\/p>\n<\/div>\n<\/div><\/div><\/div><\/div><\/div><div id=\"pg-17086-3\"  class=\"panel-grid panel-has-style\" ><div id=\"decorative-designs\" class=\"panel-row-style panel-row-style-for-17086-3\" ><div id=\"pgc-17086-3-0\"  class=\"panel-grid-cell\" ><div id=\"panel-17086-3-0-0\" class=\"so-panel widget widget_sow-editor panel-first-child panel-last-child\" data-index=\"6\" ><div class=\"galeria-colores panel-widget-style panel-widget-style-for-17086-3-0-0\" ><div\n\t\t\t\n\t\t\tclass=\"so-widget-sow-editor so-widget-sow-editor-base\"\n\t\t\t\n\t\t><h3 class=\"widget-title\">Designs d\u00e9coratifs<\/h3>\n<div class=\"siteorigin-widget-tinymce textwidget\">\n\t<p>PLASNOR est leader sur le march\u00e9 en imitations d\u2019acrylique haute brillance. Ces derni\u00e8res ann\u00e9es, nous avons d\u00e9velopp\u00e9 la gamme la plus exclusive et la plus innovante de finitions bois, textiles, carrelages ou g\u00e9om\u00e9triques, ainsi que des finitions techniques comme l\u2019aluminium bross\u00e9.<\/p>\n<div id='gallery-1' class='gallery galleryid-17086 gallery-columns-6 gallery-size-full'><figure class='gallery-item'>\n\t\t\t<div class='gallery-icon landscape'>\n\t\t\t\t<img loading=\"lazy\" decoding=\"async\" width=\"200\" height=\"200\" src=\"https:\/\/www.plasnor.com\/wp-content\/uploads\/2023\/04\/brushed-alu-pl58215balu1.jpg\" class=\"attachment-full size-full\" alt=\"Dise\u00f1o brushed aluminium\" aria-describedby=\"gallery-1-15229\" srcset=\"https:\/\/www.plasnor.com\/wp-content\/uploads\/2023\/04\/brushed-alu-pl58215balu1.jpg 200w, https:\/\/www.plasnor.com\/wp-content\/uploads\/2023\/04\/brushed-alu-pl58215balu1-150x150.jpg 150w\" sizes=\"auto, (max-width: 200px) 100vw, 200px\" title=\"\">\n\t\t\t<\/div>\n\t\t\t\t<figcaption class='wp-caption-text gallery-caption' id='gallery-1-15229'>\n\t\t\t\tBRUSHED ALUMINIUM\n\t\t\t\t<\/figcaption><\/figure><figure class='gallery-item'>\n\t\t\t<div class='gallery-icon landscape'>\n\t\t\t\t<img loading=\"lazy\" decoding=\"async\" width=\"200\" height=\"200\" src=\"https:\/\/www.plasnor.com\/wp-content\/uploads\/2023\/04\/brushed-anthracite1.jpg\" class=\"attachment-full size-full\" alt=\"Dise\u00f1o brushed anthracite\" aria-describedby=\"gallery-1-15233\" srcset=\"https:\/\/www.plasnor.com\/wp-content\/uploads\/2023\/04\/brushed-anthracite1.jpg 200w, https:\/\/www.plasnor.com\/wp-content\/uploads\/2023\/04\/brushed-anthracite1-150x150.jpg 150w\" sizes=\"auto, (max-width: 200px) 100vw, 200px\" title=\"\">\n\t\t\t<\/div>\n\t\t\t\t<figcaption class='wp-caption-text gallery-caption' id='gallery-1-15233'>\n\t\t\t\tBRUSHED ANTHRACITE\n\t\t\t\t<\/figcaption><\/figure><figure class='gallery-item'>\n\t\t\t<div class='gallery-icon landscape'>\n\t\t\t\t<img loading=\"lazy\" decoding=\"async\" width=\"200\" height=\"200\" src=\"https:\/\/www.plasnor.com\/wp-content\/uploads\/2023\/04\/textile1.jpg\" class=\"attachment-full size-full\" alt=\"Dise\u00f1o textile metal\" aria-describedby=\"gallery-1-15257\" srcset=\"https:\/\/www.plasnor.com\/wp-content\/uploads\/2023\/04\/textile1.jpg 200w, https:\/\/www.plasnor.com\/wp-content\/uploads\/2023\/04\/textile1-150x150.jpg 150w\" sizes=\"auto, (max-width: 200px) 100vw, 200px\" title=\"\">\n\t\t\t<\/div>\n\t\t\t\t<figcaption class='wp-caption-text gallery-caption' id='gallery-1-15257'>\n\t\t\t\tTEXTILE METAL\n\t\t\t\t<\/figcaption><\/figure><figure class='gallery-item'>\n\t\t\t<div class='gallery-icon landscape'>\n\t\t\t\t<img loading=\"lazy\" decoding=\"async\" width=\"200\" height=\"200\" src=\"https:\/\/www.plasnor.com\/wp-content\/uploads\/2023\/04\/light-zebrano-pl55322lzeb2.jpg\" class=\"attachment-full size-full\" alt=\"Dise\u00f1o light zebrano\" aria-describedby=\"gallery-1-15253\" srcset=\"https:\/\/www.plasnor.com\/wp-content\/uploads\/2023\/04\/light-zebrano-pl55322lzeb2.jpg 200w, https:\/\/www.plasnor.com\/wp-content\/uploads\/2023\/04\/light-zebrano-pl55322lzeb2-150x150.jpg 150w\" sizes=\"auto, (max-width: 200px) 100vw, 200px\" title=\"\">\n\t\t\t<\/div>\n\t\t\t\t<figcaption class='wp-caption-text gallery-caption' id='gallery-1-15253'>\n\t\t\t\tLIGHT ZEBRANO\n\t\t\t\t<\/figcaption><\/figure><figure class='gallery-item'>\n\t\t\t<div class='gallery-icon landscape'>\n\t\t\t\t<img loading=\"lazy\" decoding=\"async\" width=\"200\" height=\"200\" src=\"https:\/\/www.plasnor.com\/wp-content\/uploads\/2023\/04\/eb-dark-zebrano-pl57219dze1.jpg\" class=\"attachment-full size-full\" alt=\"Dise\u00f1o dark zebrano\" aria-describedby=\"gallery-1-15241\" srcset=\"https:\/\/www.plasnor.com\/wp-content\/uploads\/2023\/04\/eb-dark-zebrano-pl57219dze1.jpg 200w, https:\/\/www.plasnor.com\/wp-content\/uploads\/2023\/04\/eb-dark-zebrano-pl57219dze1-150x150.jpg 150w\" sizes=\"auto, (max-width: 200px) 100vw, 200px\" title=\"\">\n\t\t\t<\/div>\n\t\t\t\t<figcaption class='wp-caption-text gallery-caption' id='gallery-1-15241'>\n\t\t\t\tDARK ZEBRANO\n\t\t\t\t<\/figcaption><\/figure><figure class='gallery-item'>\n\t\t\t<div class='gallery-icon landscape'>\n\t\t\t\t<img loading=\"lazy\" decoding=\"async\" width=\"200\" height=\"200\" src=\"https:\/\/www.plasnor.com\/wp-content\/uploads\/2023\/04\/light-oak-pl55309lo1.jpg\" class=\"attachment-full size-full\" alt=\"Dise\u00f1o light oak\" aria-describedby=\"gallery-1-15249\" srcset=\"https:\/\/www.plasnor.com\/wp-content\/uploads\/2023\/04\/light-oak-pl55309lo1.jpg 200w, https:\/\/www.plasnor.com\/wp-content\/uploads\/2023\/04\/light-oak-pl55309lo1-150x150.jpg 150w\" sizes=\"auto, (max-width: 200px) 100vw, 200px\" title=\"\">\n\t\t\t<\/div>\n\t\t\t\t<figcaption class='wp-caption-text gallery-caption' id='gallery-1-15249'>\n\t\t\t\tLIGHT OAK\n\t\t\t\t<\/figcaption><\/figure><figure class='gallery-item'>\n\t\t\t<div class='gallery-icon landscape'>\n\t\t\t\t<img loading=\"lazy\" decoding=\"async\" width=\"200\" height=\"200\" src=\"https:\/\/www.plasnor.com\/wp-content\/uploads\/2023\/04\/light-ceramic-pl50251lc1.jpg\" class=\"attachment-full size-full\" alt=\"Dise\u00f1o light ceramic\" aria-describedby=\"gallery-1-15245\" srcset=\"https:\/\/www.plasnor.com\/wp-content\/uploads\/2023\/04\/light-ceramic-pl50251lc1.jpg 200w, https:\/\/www.plasnor.com\/wp-content\/uploads\/2023\/04\/light-ceramic-pl50251lc1-150x150.jpg 150w\" sizes=\"auto, (max-width: 200px) 100vw, 200px\" title=\"\">\n\t\t\t<\/div>\n\t\t\t\t<figcaption class='wp-caption-text gallery-caption' id='gallery-1-15245'>\n\t\t\t\tLIGHT CERAMIC\n\t\t\t\t<\/figcaption><\/figure><figure class='gallery-item'>\n\t\t\t<div class='gallery-icon landscape'>\n\t\t\t\t<img loading=\"lazy\" decoding=\"async\" width=\"200\" height=\"200\" src=\"https:\/\/www.plasnor.com\/wp-content\/uploads\/2023\/04\/dark-ceramic-pl55322d1.jpg\" class=\"attachment-full size-full\" alt=\"Dise\u00f1o dark ceramic\" aria-describedby=\"gallery-1-15237\" srcset=\"https:\/\/www.plasnor.com\/wp-content\/uploads\/2023\/04\/dark-ceramic-pl55322d1.jpg 200w, https:\/\/www.plasnor.com\/wp-content\/uploads\/2023\/04\/dark-ceramic-pl55322d1-150x150.jpg 150w\" sizes=\"auto, (max-width: 200px) 100vw, 200px\" title=\"\">\n\t\t\t<\/div>\n\t\t\t\t<figcaption class='wp-caption-text gallery-caption' id='gallery-1-15237'>\n\t\t\t\tDARK CERAMIC\n\t\t\t\t<\/figcaption><\/figure><figure class='gallery-item'>\n\t\t\t<div class='gallery-icon landscape'>\n\t\t\t\t<img loading=\"lazy\" decoding=\"async\" width=\"200\" height=\"200\" src=\"https:\/\/www.plasnor.com\/wp-content\/uploads\/2023\/04\/bamboo-pl55309BU.jpg\" class=\"attachment-full size-full\" alt=\"\" aria-describedby=\"gallery-1-15213\" srcset=\"https:\/\/www.plasnor.com\/wp-content\/uploads\/2023\/04\/bamboo-pl55309BU.jpg 200w, https:\/\/www.plasnor.com\/wp-content\/uploads\/2023\/04\/bamboo-pl55309BU-150x150.jpg 150w\" sizes=\"auto, (max-width: 200px) 100vw, 200px\" title=\"\">\n\t\t\t<\/div>\n\t\t\t\t<figcaption class='wp-caption-text gallery-caption' id='gallery-1-15213'>\n\t\t\t\tBAMBU\n\t\t\t\t<\/figcaption><\/figure><figure class='gallery-item'>\n\t\t\t<div class='gallery-icon landscape'>\n\t\t\t\t<img loading=\"lazy\" decoding=\"async\" width=\"200\" height=\"200\" src=\"https:\/\/www.plasnor.com\/wp-content\/uploads\/2023\/04\/black-wood-pl56203bw1.jpg\" class=\"attachment-full size-full\" alt=\"Dise\u00f1o black\" aria-describedby=\"gallery-1-15225\" srcset=\"https:\/\/www.plasnor.com\/wp-content\/uploads\/2023\/04\/black-wood-pl56203bw1.jpg 200w, https:\/\/www.plasnor.com\/wp-content\/uploads\/2023\/04\/black-wood-pl56203bw1-150x150.jpg 150w\" sizes=\"auto, (max-width: 200px) 100vw, 200px\" title=\"\">\n\t\t\t<\/div>\n\t\t\t\t<figcaption class='wp-caption-text gallery-caption' id='gallery-1-15225'>\n\t\t\t\tBLACK WOOD\n\t\t\t\t<\/figcaption><\/figure><figure class='gallery-item'>\n\t\t\t<div class='gallery-icon landscape'>\n\t\t\t\t<img loading=\"lazy\" decoding=\"async\" width=\"200\" height=\"200\" src=\"https:\/\/www.plasnor.com\/wp-content\/uploads\/2023\/04\/textile-beige-pl553091.jpg\" class=\"attachment-full size-full\" alt=\"Dise\u00f1o textile beige\" aria-describedby=\"gallery-1-15261\" srcset=\"https:\/\/www.plasnor.com\/wp-content\/uploads\/2023\/04\/textile-beige-pl553091.jpg 200w, https:\/\/www.plasnor.com\/wp-content\/uploads\/2023\/04\/textile-beige-pl553091-150x150.jpg 150w\" sizes=\"auto, (max-width: 200px) 100vw, 200px\" title=\"\">\n\t\t\t<\/div>\n\t\t\t\t<figcaption class='wp-caption-text gallery-caption' id='gallery-1-15261'>\n\t\t\t\tTEXTILE BEIGE\n\t\t\t\t<\/figcaption><\/figure><figure class='gallery-item'>\n\t\t\t<div class='gallery-icon landscape'>\n\t\t\t\t<img loading=\"lazy\" decoding=\"async\" width=\"200\" height=\"200\" src=\"https:\/\/www.plasnor.com\/wp-content\/uploads\/2023\/04\/textile-copper-pl572191.jpg\" class=\"attachment-full size-full\" alt=\"Dise\u00f1o textile cooper\" aria-describedby=\"gallery-1-15265\" srcset=\"https:\/\/www.plasnor.com\/wp-content\/uploads\/2023\/04\/textile-copper-pl572191.jpg 200w, https:\/\/www.plasnor.com\/wp-content\/uploads\/2023\/04\/textile-copper-pl572191-150x150.jpg 150w\" sizes=\"auto, (max-width: 200px) 100vw, 200px\" title=\"\">\n\t\t\t<\/div>\n\t\t\t\t<figcaption class='wp-caption-text gallery-caption' id='gallery-1-15265'>\n\t\t\t\tTEXTILE COOPER\n\t\t\t\t<\/figcaption><\/figure><figure class='gallery-item'>\n\t\t\t<div class='gallery-icon landscape'>\n\t\t\t\t<img loading=\"lazy\" decoding=\"async\" width=\"200\" height=\"200\" src=\"https:\/\/www.plasnor.com\/wp-content\/uploads\/2023\/04\/ash-white.jpg\" class=\"attachment-full size-full\" alt=\"Dise\u00f1o ash white\" aria-describedby=\"gallery-1-15209\" srcset=\"https:\/\/www.plasnor.com\/wp-content\/uploads\/2023\/04\/ash-white.jpg 200w, https:\/\/www.plasnor.com\/wp-content\/uploads\/2023\/04\/ash-white-150x150.jpg 150w\" sizes=\"auto, (max-width: 200px) 100vw, 200px\" title=\"\">\n\t\t\t<\/div>\n\t\t\t\t<figcaption class='wp-caption-text gallery-caption' id='gallery-1-15209'>\n\t\t\t\tASH WHITE\n\t\t\t\t<\/figcaption><\/figure><figure class='gallery-item'>\n\t\t\t<div class='gallery-icon landscape'>\n\t\t\t\t<img loading=\"lazy\" decoding=\"async\" width=\"200\" height=\"200\" src=\"https:\/\/www.plasnor.com\/wp-content\/uploads\/2023\/04\/ash-brown.jpg\" class=\"attachment-full size-full\" alt=\"Dise\u00f1o ash brown\" aria-describedby=\"gallery-1-15205\" srcset=\"https:\/\/www.plasnor.com\/wp-content\/uploads\/2023\/04\/ash-brown.jpg 200w, https:\/\/www.plasnor.com\/wp-content\/uploads\/2023\/04\/ash-brown-150x150.jpg 150w\" sizes=\"auto, (max-width: 200px) 100vw, 200px\" title=\"\">\n\t\t\t<\/div>\n\t\t\t\t<figcaption class='wp-caption-text gallery-caption' id='gallery-1-15205'>\n\t\t\t\tASH BROWN\n\t\t\t\t<\/figcaption><\/figure><figure class='gallery-item'>\n\t\t\t<div class='gallery-icon landscape'>\n\t\t\t\t<img loading=\"lazy\" decoding=\"async\" width=\"200\" height=\"200\" src=\"https:\/\/www.plasnor.com\/wp-content\/uploads\/2023\/04\/ash-black.jpg\" class=\"attachment-full size-full\" alt=\"Dise\u00f1o ash black\" aria-describedby=\"gallery-1-15201\" srcset=\"https:\/\/www.plasnor.com\/wp-content\/uploads\/2023\/04\/ash-black.jpg 200w, https:\/\/www.plasnor.com\/wp-content\/uploads\/2023\/04\/ash-black-150x150.jpg 150w\" sizes=\"auto, (max-width: 200px) 100vw, 200px\" title=\"\">\n\t\t\t<\/div>\n\t\t\t\t<figcaption class='wp-caption-text gallery-caption' id='gallery-1-15201'>\n\t\t\t\tASH BLACK\n\t\t\t\t<\/figcaption><\/figure><figure class='gallery-item'>\n\t\t\t<div class='gallery-icon landscape'>\n\t\t\t\t<img loading=\"lazy\" decoding=\"async\" width=\"200\" height=\"200\" src=\"https:\/\/www.plasnor.com\/wp-content\/uploads\/2023\/04\/black-stripes-pl53203nl1.jpg\" class=\"attachment-full size-full\" alt=\"Dise\u00f1o\" aria-describedby=\"gallery-1-15221\" srcset=\"https:\/\/www.plasnor.com\/wp-content\/uploads\/2023\/04\/black-stripes-pl53203nl1.jpg 200w, https:\/\/www.plasnor.com\/wp-content\/uploads\/2023\/04\/black-stripes-pl53203nl1-150x150.jpg 150w\" sizes=\"auto, (max-width: 200px) 100vw, 200px\" title=\"\">\n\t\t\t<\/div>\n\t\t\t\t<figcaption class='wp-caption-text gallery-caption' id='gallery-1-15221'>\n\t\t\t\tBLACK STRIPES\n\t\t\t\t<\/figcaption><\/figure><figure class='gallery-item'>\n\t\t\t<div class='gallery-icon landscape'>\n\t\t\t\t<img loading=\"lazy\" decoding=\"async\" width=\"200\" height=\"200\" src=\"https:\/\/www.plasnor.com\/wp-content\/uploads\/2023\/04\/acrylic-narrow-lines.jpg\" class=\"attachment-full size-full\" alt=\"Dise\u00f1o acrylic narrow lines\" aria-describedby=\"gallery-1-15269\" srcset=\"https:\/\/www.plasnor.com\/wp-content\/uploads\/2023\/04\/acrylic-narrow-lines.jpg 200w, https:\/\/www.plasnor.com\/wp-content\/uploads\/2023\/04\/acrylic-narrow-lines-150x150.jpg 150w\" sizes=\"auto, (max-width: 200px) 100vw, 200px\" title=\"\">\n\t\t\t<\/div>\n\t\t\t\t<figcaption class='wp-caption-text gallery-caption' id='gallery-1-15269'>\n\t\t\t\tACRYLIC NARROW LINES\n\t\t\t\t<\/figcaption><\/figure><figure class='gallery-item'>\n\t\t\t<div class='gallery-icon landscape'>\n\t\t\t\t<img loading=\"lazy\" decoding=\"async\" width=\"200\" height=\"200\" src=\"https:\/\/www.plasnor.com\/wp-content\/uploads\/2023\/04\/acrylic-narrow-lines-claro.jpg\" class=\"attachment-full size-full\" alt=\"Dise\u00f1o acrylic narrow\" aria-describedby=\"gallery-1-15273\" srcset=\"https:\/\/www.plasnor.com\/wp-content\/uploads\/2023\/04\/acrylic-narrow-lines-claro.jpg 200w, https:\/\/www.plasnor.com\/wp-content\/uploads\/2023\/04\/acrylic-narrow-lines-claro-150x150.jpg 150w\" sizes=\"auto, (max-width: 200px) 100vw, 200px\" title=\"\">\n\t\t\t<\/div>\n\t\t\t\t<figcaption class='wp-caption-text gallery-caption' id='gallery-1-15273'>\n\t\t\t\tACRYLIC NARROW LINES CLARO\n\t\t\t\t<\/figcaption><\/figure>\n\t\t<\/div>\n\n<\/div>\n<\/div><\/div><\/div><\/div><\/div><\/div><div id=\"pg-17086-4\"  class=\"panel-grid panel-has-style\" ><div id=\"metallic-colours\" class=\"panel-row-style panel-row-style-for-17086-4\" ><div id=\"pgc-17086-4-0\"  class=\"panel-grid-cell\" ><div id=\"panel-17086-4-0-0\" class=\"so-panel widget widget_sow-editor panel-first-child panel-last-child\" data-index=\"7\" ><div\n\t\t\t\n\t\t\tclass=\"so-widget-sow-editor so-widget-sow-editor-base\"\n\t\t\t\n\t\t><h3 class=\"widget-title\">Couleurs m\u00e9tallis\u00e9es<\/h3>\n<div class=\"siteorigin-widget-tinymce textwidget\">\n\t<p>Toute notre gamme de couleurs peut aussi \u00eatre fournie m\u00e9tallis\u00e9e \u2013 brillante ou mate-, une finition qui apporte \u00e0 nos plaques un plus esth\u00e9tique hautement appr\u00e9ci\u00e9 de nos clients.<\/p>\n<\/div>\n<\/div><\/div><\/div><\/div><\/div><div id=\"pg-17086-5\"  class=\"panel-grid panel-has-style\" ><div id=\"embossed\" class=\"panel-row-style panel-row-style-for-17086-5\" ><div id=\"pgc-17086-5-0\"  class=\"panel-grid-cell\" ><div id=\"panel-17086-5-0-0\" class=\"so-panel widget widget_sow-editor panel-first-child panel-last-child\" data-index=\"8\" ><div\n\t\t\t\n\t\t\tclass=\"so-widget-sow-editor so-widget-sow-editor-base\"\n\t\t\t\n\t\t><h3 class=\"widget-title\">Panneaux grain\u00e9s<\/h3>\n<div class=\"siteorigin-widget-tinymce textwidget\">\n\t<p>Nous pouvons aussi fournir nos diff\u00e9rents mat\u00e9riaux dans plusieurs finitions grain\u00e9s, d\u2019une grande acceptation dans les environnements industriels.<\/p>\n<\/div>\n<\/div><\/div><\/div><\/div><\/div><\/div>","protected":false},"excerpt":{"rendered":"<p>Sp\u00e9cialistes des couleurs Nous avons la capacit\u00e9 de fournir une gamme \u00e9tendue de finitions pour nous adapter aux &#8230; <a title=\"Finitions\" class=\"read-more\" href=\"https:\/\/www.plasnor.com\/fr\/extrusion\/finitions\/\" aria-label=\"En savoir plus sur Finitions\">[ + info ]<\/a><\/p>\n","protected":false},"author":1,"featured_media":0,"parent":17104,"menu_order":0,"comment_status":"closed","ping_status":"closed","template":"","meta":{"footnotes":""},"categories":[57],"tags":[],"class_list":{"0":"post-17086","1":"page","2":"type-page","3":"status-publish","5":"category-page-extrusion-fr"},"_links":{"self":[{"href":"https:\/\/www.plasnor.com\/fr\/wp-json\/wp\/v2\/pages\/17086","targetHints":{"allow":["GET"]}}],"collection":[{"href":"https:\/\/www.plasnor.com\/fr\/wp-json\/wp\/v2\/pages"}],"about":[{"href":"https:\/\/www.plasnor.com\/fr\/wp-json\/wp\/v2\/types\/page"}],"author":[{"embeddable":true,"href":"https:\/\/www.plasnor.com\/fr\/wp-json\/wp\/v2\/users\/1"}],"replies":[{"embeddable":true,"href":"https:\/\/www.plasnor.com\/fr\/wp-json\/wp\/v2\/comments?post=17086"}],"version-history":[{"count":0,"href":"https:\/\/www.plasnor.com\/fr\/wp-json\/wp\/v2\/pages\/17086\/revisions"}],"up":[{"embeddable":true,"href":"https:\/\/www.plasnor.com\/fr\/wp-json\/wp\/v2\/pages\/17104"}],"wp:attachment":[{"href":"https:\/\/www.plasnor.com\/fr\/wp-json\/wp\/v2\/media?parent=17086"}],"wp:term":[{"taxonomy":"category","embeddable":true,"href":"https:\/\/www.plasnor.com\/fr\/wp-json\/wp\/v2\/categories?post=17086"},{"taxonomy":"post_tag","embeddable":true,"href":"https:\/\/www.plasnor.com\/fr\/wp-json\/wp\/v2\/tags?post=17086"}],"curies":[{"name":"wp","href":"https:\/\/api.w.org\/{rel}","templated":true}]}}