{"id":17088,"date":"2023-04-20T20:06:15","date_gmt":"2023-04-20T18:06:15","guid":{"rendered":"https:\/\/www.plasnor.com\/materials-2\/"},"modified":"2024-04-10T09:12:06","modified_gmt":"2024-04-10T07:12:06","slug":"materiaux","status":"publish","type":"page","link":"https:\/\/www.plasnor.com\/fr\/extrusion\/materiaux\/","title":{"rendered":"Mat\u00e9riaux \u2013 EXTRUSION"},"content":{"rendered":"<div style=\"overflow-x:auto;\">\n<table>\n<tbody>\n<tr>\n<th>Mat\u00e9riau<\/th>\n<th>Contraction<\/th>\n<th>Resistencia a la tracci\u00f3n Mpa*<\/th>\n<th>R\u00e9sistance au choc IZOD Kj\/m\u00b2**<\/th>\n<th>Caract\u00e9ristiques<\/th>\n<th>Applications<\/th>\n<\/tr>\n<tr>\n<td class=\"bold\">PS High Impact<\/td>\n<td>0,2-0,5<\/td>\n<td>16-24<\/td>\n<td>10<\/td>\n<td>Tr\u00e8s facile \u00e0 transformer, bonne rigidit\u00e9, prix \u00e9conomique<\/td>\n<td>Panneaux et pr\u00e9sentoirs publicitaires, plateaux simples<\/td>\n<\/tr>\n<tr>\n<td class=\"bold\">PS sans HCFC<\/td>\n<td>0,2-0,5<\/td>\n<td>23,5<\/td>\n<td>10<\/td>\n<td>Facile \u00e0 transformer, avec r\u00e9sistance chimique am\u00e9lior\u00e9e aux huiles, aux graisses et \u00e0 l\u2019injection de polyur\u00e9thane (PU)<\/td>\n<td>Pi\u00e8ces pour int\u00e9rieurs de r\u00e9frig\u00e9rateurs et barquettes pour aliments gras.<\/td>\n<\/tr>\n<tr>\n<td class=\"bold\">PS\/PE<\/td>\n<td>0,7-1,2<\/td>\n<td>19-20<\/td>\n<td>33<\/td>\n<td>Facile \u00e0 transformer, avec une haute r\u00e9sistance aux chocs et une excellente r\u00e9sistance aux huiles, aux aliments gras et aux agents chimiques<\/td>\n<td>Panneaux de tracteurs, rev\u00eatements internes de r\u00e9frig\u00e9rateurs, r\u00e9cipients et couvercles de margarines, salades, etc.<\/td>\n<\/tr>\n<tr>\n<td class=\"bold\">PS autoextinguible<\/td>\n<td>0,2-0,5<\/td>\n<td>22-23<\/td>\n<td>6<\/td>\n<td>Haute r\u00e9sistance au feu UL94 V0 \u00e0 partir de 1,5\u00a0mm<\/td>\n<td>Carcasses de machines \u00e0 matricer et de photocopieuses, machines de bureau, moniteurs d\u2019ordinateur, etc.<\/td>\n<\/tr>\n<tr>\n<td class=\"bold\">ABS<\/td>\n<td>0,4-0,9<\/td>\n<td>40-45<\/td>\n<td>25<\/td>\n<td>Tr\u00e8s facile \u00e0 transformer, r\u00e9sistant aux chocs et stable \u00e0 la chaleur<\/td>\n<td>Carcasses, carters, plateaux pour le transport de pi\u00e8ces<\/td>\n<\/tr>\n<tr>\n<td class=\"bold\">ABS\/PMMA<\/td>\n<td>0,4-0,8<\/td>\n<td>35-40<\/td>\n<td>20<\/td>\n<td>Facile \u00e0 transformer, bonne r\u00e9sistance aux UV. Bel aspect esth\u00e9tique de la surface<\/td>\n<td>Carcasses de pi\u00e8ces ext\u00e9rieures de v\u00e9hicules sans permis, \u00e9pandeuses, portes de meubles<\/td>\n<\/tr>\n<tr>\n<td class=\"bold\">ASA<\/td>\n<td>0,4-0,7<\/td>\n<td>48-52<\/td>\n<td>30<\/td>\n<td>Excellente r\u00e9sistance aux rayons UV et grande r\u00e9sistance aux chocs, m\u00eame \u00e0 froid, bonne r\u00e9sistance aux rayures<\/td>\n<td>Pi\u00e8ces ext\u00e9rieures \u00e0 hautes exigences de r\u00e9sistance aux UV et aux chocs<\/td>\n<\/tr>\n<tr>\n<td class=\"bold\">ABS\/PC<\/td>\n<td>0,4-0,8<\/td>\n<td>55-65<\/td>\n<td>50<\/td>\n<td>Extraordinaire r\u00e9sistance aux chocs, m\u00eame \u00e0 -30\u00ba, haute r\u00e9sistance \u00e0 la d\u00e9formation par la chaleur.<\/td>\n<td>Capots, garde-boues, pare-chocs, pi\u00e8ces lat\u00e9rales et\/ou rev\u00eatements de v\u00e9hicules ou de machines pour le b\u00e2timent<\/td>\n<\/tr>\n<tr>\n<td class=\"bold\">ABS autoextinguible<\/td>\n<td>0,4-0,9<\/td>\n<td>40-46<\/td>\n<td>12<\/td>\n<td>Similaire \u00e0 l\u2019ABS, avec une grande r\u00e9sistance au feu<\/td>\n<td>Pi\u00e8ces \u00e0 hautes exigences de r\u00e9sistance aux chocs et au feu<\/td>\n<\/tr>\n<tr>\n<td class=\"bold\">ABS\/PC autoextinguible<\/td>\n<td>0,4-0,8<\/td>\n<td>53-69<\/td>\n<td>40<\/td>\n<td>Excellent comportement au feu, haute r\u00e9sistance aux chocs, s\u00e9curit\u00e9 \u00e9lectrique, r\u00e9sistance aux produits chimiques, \u00e0 l\u2019hydrolyse et \u00e0 la chaleur<\/td>\n<td>Si\u00e8ges, rev\u00eatements de parois et int\u00e9rieurs d\u2019autocars, trains et m\u00e9tros. Pi\u00e8ces pour l\u2019industrie \u00e9lectrique.<\/td>\n<\/tr>\n<\/tbody>\n<\/table>\n<\/div>\n<p>* ISO 527 D-638 5mm\/min<\/p>\n<p>** ISO 180\/1A a +23\u00baC y 4mm<\/p>\n","protected":false},"excerpt":{"rendered":"<p>Mat\u00e9riau Contraction Resistencia a la tracci\u00f3n Mpa* R\u00e9sistance au choc IZOD Kj\/m\u00b2** Caract\u00e9ristiques Applications PS High Impact 0,2-0,5 &#8230; <a title=\"Mat\u00e9riaux \u2013 EXTRUSION\" class=\"read-more\" href=\"https:\/\/www.plasnor.com\/fr\/extrusion\/materiaux\/\" aria-label=\"En savoir plus sur Mat\u00e9riaux \u2013 EXTRUSION\">[ + info ]<\/a><\/p>\n","protected":false},"author":1,"featured_media":0,"parent":17104,"menu_order":0,"comment_status":"closed","ping_status":"closed","template":"","meta":{"footnotes":""},"categories":[57],"tags":[],"class_list":{"0":"post-17088","1":"page","2":"type-page","3":"status-publish","5":"category-page-extrusion-fr"},"_links":{"self":[{"href":"https:\/\/www.plasnor.com\/fr\/wp-json\/wp\/v2\/pages\/17088","targetHints":{"allow":["GET"]}}],"collection":[{"href":"https:\/\/www.plasnor.com\/fr\/wp-json\/wp\/v2\/pages"}],"about":[{"href":"https:\/\/www.plasnor.com\/fr\/wp-json\/wp\/v2\/types\/page"}],"author":[{"embeddable":true,"href":"https:\/\/www.plasnor.com\/fr\/wp-json\/wp\/v2\/users\/1"}],"replies":[{"embeddable":true,"href":"https:\/\/www.plasnor.com\/fr\/wp-json\/wp\/v2\/comments?post=17088"}],"version-history":[{"count":0,"href":"https:\/\/www.plasnor.com\/fr\/wp-json\/wp\/v2\/pages\/17088\/revisions"}],"up":[{"embeddable":true,"href":"https:\/\/www.plasnor.com\/fr\/wp-json\/wp\/v2\/pages\/17104"}],"wp:attachment":[{"href":"https:\/\/www.plasnor.com\/fr\/wp-json\/wp\/v2\/media?parent=17088"}],"wp:term":[{"taxonomy":"category","embeddable":true,"href":"https:\/\/www.plasnor.com\/fr\/wp-json\/wp\/v2\/categories?post=17088"},{"taxonomy":"post_tag","embeddable":true,"href":"https:\/\/www.plasnor.com\/fr\/wp-json\/wp\/v2\/tags?post=17088"}],"curies":[{"name":"wp","href":"https:\/\/api.w.org\/{rel}","templated":true}]}}