{"id":17096,"date":"2023-04-20T16:27:21","date_gmt":"2023-04-20T14:27:21","guid":{"rendered":"https:\/\/www.plasnor.com\/rdi\/"},"modified":"2024-02-05T16:30:22","modified_gmt":"2024-02-05T15:30:22","slug":"rdinnovation","status":"publish","type":"page","link":"https:\/\/www.plasnor.com\/fr\/rdinnovation\/","title":{"rendered":"R&#038;D+innovation"},"content":{"rendered":"<div id=\"pl-17096\"  class=\"panel-layout\" ><div id=\"pg-17096-0\"  class=\"panel-grid panel-no-style\" ><div id=\"pgc-17096-0-0\"  class=\"panel-grid-cell\" ><div id=\"panel-17096-0-0-0\" class=\"so-panel widget widget_sow-editor panel-first-child panel-last-child\" data-index=\"0\" ><div\n\t\t\t\n\t\t\tclass=\"so-widget-sow-editor so-widget-sow-editor-base\"\n\t\t\t\n\t\t>\n<div class=\"siteorigin-widget-tinymce textwidget\">\n\t<p>Notre pari strat\u00e9gique pour la technologie et l\u2019innovation sur le long terme a abouti \u00e0 la cr\u00e9ation d\u2019\u00e9quipes multidisciplinaires sp\u00e9cialis\u00e9es. Avec des ann\u00e9es d\u2019exp\u00e9rience dans le secteur du plastique, ces \u00e9quipes sont capables de d\u00e9velopper diff\u00e9rents projets de R&amp;D +innovation et de cr\u00e9er de nouveaux mat\u00e9riaux, applications, processus de fabrication et services.<\/p>\n<p>Elles travaillent en \u00e9troite collaboration avec des centres technologiques, universit\u00e9s, clients, fournisseurs et autres agents qui apportent une valeur ajout\u00e9e au processus, en unissant des synergies et en construisant des r\u00e9seaux \u00e0 haute valeur ajout\u00e9e.<\/p>\n<p>L\u2019origine de notre pari pour la R&amp;D+innovation doit \u00eatre cherch\u00e9e dans les d\u00e9buts de Plasnor et dans ses fondateurs, qui firent preuve d\u2019une curiosit\u00e9 illimit\u00e9e pour la recherche et le d\u00e9veloppement de nouveaux mat\u00e9riaux et processus, une curiosit\u00e9 qui s\u2019est imprim\u00e9e dans l\u2019ADN des personnes et des projets qui constituent aujourd\u2019hui Plasnor.<\/p>\n<\/div>\n<\/div><\/div><\/div><div id=\"pgc-17096-0-1\"  class=\"panel-grid-cell\" ><div id=\"panel-17096-0-1-0\" class=\"so-panel widget widget_sow-image panel-first-child panel-last-child\" data-index=\"1\" ><div\n\t\t\t\n\t\t\tclass=\"so-widget-sow-image so-widget-sow-image-default-113ccd71f3e6-17096\"\n\t\t\t\n\t\t>\n<div class=\"sow-image-container\">\n\t\t<img \n\tsrc=\"https:\/\/www.plasnor.com\/wp-content\/uploads\/2023\/04\/plasnor-innovation3.jpg\" width=\"800\" height=\"512\" srcset=\"https:\/\/www.plasnor.com\/wp-content\/uploads\/2023\/04\/plasnor-innovation3.jpg 800w, https:\/\/www.plasnor.com\/wp-content\/uploads\/2023\/04\/plasnor-innovation3-300x192.jpg 300w, https:\/\/www.plasnor.com\/wp-content\/uploads\/2023\/04\/plasnor-innovation3-768x492.jpg 768w\" sizes=\"(max-width: 800px) 100vw, 800px\" title=\"Plasnor I + D + i\" alt=\"Plasnor I + D + i\" \t\tclass=\"so-widget-image\"\/>\n\t<\/div>\n\n<\/div><\/div><\/div><\/div><\/div>","protected":false},"excerpt":{"rendered":"<p>Notre pari strat\u00e9gique pour la technologie et l\u2019innovation sur le long terme a abouti \u00e0 la cr\u00e9ation d\u2019\u00e9quipes &#8230; <a title=\"R&#038;D+innovation\" class=\"read-more\" href=\"https:\/\/www.plasnor.com\/fr\/rdinnovation\/\" aria-label=\"En savoir plus sur R&#038;D+innovation\">[ + info ]<\/a><\/p>\n","protected":false},"author":1,"featured_media":0,"parent":0,"menu_order":0,"comment_status":"closed","ping_status":"closed","template":"","meta":{"footnotes":""},"categories":[],"tags":[],"class_list":["post-17096","page","type-page","status-publish"],"_links":{"self":[{"href":"https:\/\/www.plasnor.com\/fr\/wp-json\/wp\/v2\/pages\/17096","targetHints":{"allow":["GET"]}}],"collection":[{"href":"https:\/\/www.plasnor.com\/fr\/wp-json\/wp\/v2\/pages"}],"about":[{"href":"https:\/\/www.plasnor.com\/fr\/wp-json\/wp\/v2\/types\/page"}],"author":[{"embeddable":true,"href":"https:\/\/www.plasnor.com\/fr\/wp-json\/wp\/v2\/users\/1"}],"replies":[{"embeddable":true,"href":"https:\/\/www.plasnor.com\/fr\/wp-json\/wp\/v2\/comments?post=17096"}],"version-history":[{"count":0,"href":"https:\/\/www.plasnor.com\/fr\/wp-json\/wp\/v2\/pages\/17096\/revisions"}],"wp:attachment":[{"href":"https:\/\/www.plasnor.com\/fr\/wp-json\/wp\/v2\/media?parent=17096"}],"wp:term":[{"taxonomy":"category","embeddable":true,"href":"https:\/\/www.plasnor.com\/fr\/wp-json\/wp\/v2\/categories?post=17096"},{"taxonomy":"post_tag","embeddable":true,"href":"https:\/\/www.plasnor.com\/fr\/wp-json\/wp\/v2\/tags?post=17096"}],"curies":[{"name":"wp","href":"https:\/\/api.w.org\/{rel}","templated":true}]}}