{"id":17098,"date":"2023-04-20T16:26:21","date_gmt":"2023-04-20T14:26:21","guid":{"rendered":"https:\/\/www.plasnor.com\/transport-trays\/"},"modified":"2024-02-05T15:42:11","modified_gmt":"2024-02-05T14:42:11","slug":"plateaux-de-transport","status":"publish","type":"page","link":"https:\/\/www.plasnor.com\/fr\/plateaux-de-transport\/","title":{"rendered":"Plateaux de transport"},"content":{"rendered":"<div id=\"pl-17098\"  class=\"panel-layout\" ><div id=\"pg-17098-0\"  class=\"panel-grid panel-has-style\" ><div class=\"siteorigin-panels-stretch panel-row-style panel-row-style-for-17098-0\" data-stretch-type=\"full-width-stretch\" ><div id=\"pgc-17098-0-0\"  class=\"panel-grid-cell\" ><\/div><\/div><\/div><div id=\"pg-17098-1\"  class=\"panel-grid panel-has-style\" ><div class=\"siteorigin-panels-stretch panel-row-style panel-row-style-for-17098-1\" data-stretch-type=\"full\" ><div id=\"pgc-17098-1-0\"  class=\"panel-grid-cell\" ><div id=\"panel-17098-1-0-0\" class=\"so-panel widget widget_sow-headline panel-first-child\" data-index=\"1\" ><div\n\t\t\t\n\t\t\tclass=\"so-widget-sow-headline so-widget-sow-headline-default-dfa42644eca8-17098 so-widget-fittext-wrapper\"\n\t\t\t data-fit-text-compressor=\"0.85\"\n\t\t><div class=\"sow-headline-container \">\n\t\t\t\t\t\t\t<h1 class=\"sow-headline\">\n\t\t\t\t\t\tPlateaux de transport\t\t\t\t\t\t<\/h1>\n\t\t\t\t\t\t\t\t\t\t\t\t<h3 class=\"sow-sub-headline\">\n\t\t\t\t\t\tPoints cl\u00e9s\t\t\t\t\t\t<\/h3>\n\t\t\t\t\t\t<\/div>\n<\/div><\/div><div id=\"panel-17098-1-0-1\" class=\"so-panel widget widget_sow-editor\" data-index=\"2\" ><div\n\t\t\t\n\t\t\tclass=\"so-widget-sow-editor so-widget-sow-editor-base\"\n\t\t\t\n\t\t>\n<div class=\"siteorigin-widget-tinymce textwidget\">\n\t<p style=\"text-align: center;\">SOLUTIONS INT\u00c9GRALES DE PACKAGING EN 6 \u00c9TAPES<\/p>\n<\/div>\n<\/div><\/div><div id=\"panel-17098-1-0-2\" class=\"so-panel widget widget_siteorigin-panels-builder panel-last-child\" data-index=\"3\" ><div class=\"panel-widget-style panel-widget-style-for-17098-1-0-2\" ><div id=\"pl-w645418096cacc\"  class=\"panel-layout\" ><div id=\"pg-w645418096cacc-0\"  class=\"panel-grid panel-no-style\" ><div id=\"pgc-w645418096cacc-0-0\"  class=\"panel-grid-cell\" ><div id=\"panel-w645418096cacc-0-0-0\" class=\"so-panel widget widget_sow-features panel-first-child panel-last-child\" data-index=\"0\" ><div class=\"bandejas panel-widget-style panel-widget-style-for-w645418096cacc-0-0-0\" ><div\n\t\t\t\n\t\t\tclass=\"so-widget-sow-features so-widget-sow-features-default-d3624ccc37e0\"\n\t\t\t\n\t\t><ul\n\tclass=\"sow-features-list\n\tsow-features-responsive\">\n\n\t\t\t<li\n\t\t\tclass=\"sow-features-feature sow-icon-container-position-right\"\n\t\t\tstyle=\"display: flex; flex-direction: row; width: calc(100% - 25px);\"\n\t\t>\n\t\t\t\n\t\t\t\t\t\t<div\t\t\t\tclass=\"sow-icon-container sow-container-none\"\n\t\t\t\tstyle=\"color: #ffffff; \"\n\t\t\t\t\n\t\t\t\t\t\t\t>\n\t\t\t\t\t\t\t<\/div>\n\n\t\t\t<div class=\"textwidget\">\n\t\t\t\t\n\t\t\t\t\t\t\t\t\t<h5 class=\"sow-features-feature-title\">\n\t\t\t\t\t\t1\t\t\t\t\t<\/h5>\n\t\t\t\t\n\t\t\t\t\t\t\t\t\t<div class=\"sow-features-feature-text\">\n\t\t\t\t\t<p>Conception propre<\/p>\n\t\t\t\t\t<\/div>\n\t\t\t\t\t\t\t\t<\/div>\n\t\t\t\t\t\t\t\t<\/li>\n\n\t<\/ul>\n<\/div><\/div><\/div><\/div><div id=\"pgc-w645418096cacc-0-1\"  class=\"panel-grid-cell\" ><div id=\"panel-w645418096cacc-0-1-0\" class=\"so-panel widget widget_sow-features panel-first-child panel-last-child\" data-index=\"1\" ><div class=\"bandejas panel-widget-style panel-widget-style-for-w645418096cacc-0-1-0\" ><div\n\t\t\t\n\t\t\tclass=\"so-widget-sow-features so-widget-sow-features-default-d3624ccc37e0\"\n\t\t\t\n\t\t><ul\n\tclass=\"sow-features-list\n\tsow-features-responsive\">\n\n\t\t\t<li\n\t\t\tclass=\"sow-features-feature sow-icon-container-position-right\"\n\t\t\tstyle=\"display: flex; flex-direction: row; width: calc(100% - 25px);\"\n\t\t>\n\t\t\t\n\t\t\t\t\t\t<div\t\t\t\tclass=\"sow-icon-container sow-container-none\"\n\t\t\t\tstyle=\"color: #ffffff; \"\n\t\t\t\t\n\t\t\t\t\t\t\t>\n\t\t\t\t\t\t\t<\/div>\n\n\t\t\t<div class=\"textwidget\">\n\t\t\t\t\n\t\t\t\t\t\t\t\t\t<h5 class=\"sow-features-feature-title\">\n\t\t\t\t\t\t2\t\t\t\t\t<\/h5>\n\t\t\t\t\n\t\t\t\t\t\t\t\t\t<div class=\"sow-features-feature-text\">\n\t\t\t\t\t<p>Fabrication propre de moules<\/p>\n\t\t\t\t\t<\/div>\n\t\t\t\t\t\t\t\t<\/div>\n\t\t\t\t\t\t\t\t<\/li>\n\n\t<\/ul>\n<\/div><\/div><\/div><\/div><div id=\"pgc-w645418096cacc-0-2\"  class=\"panel-grid-cell\" ><div id=\"panel-w645418096cacc-0-2-0\" class=\"so-panel widget widget_sow-features panel-first-child panel-last-child\" data-index=\"2\" ><div class=\"bandejas panel-widget-style panel-widget-style-for-w645418096cacc-0-2-0\" ><div\n\t\t\t\n\t\t\tclass=\"so-widget-sow-features so-widget-sow-features-default-d3624ccc37e0\"\n\t\t\t\n\t\t><ul\n\tclass=\"sow-features-list\n\tsow-features-responsive\">\n\n\t\t\t<li\n\t\t\tclass=\"sow-features-feature sow-icon-container-position-right\"\n\t\t\tstyle=\"display: flex; flex-direction: row; width: calc(100% - 25px);\"\n\t\t>\n\t\t\t\n\t\t\t\t\t\t<div\t\t\t\tclass=\"sow-icon-container sow-container-none\"\n\t\t\t\tstyle=\"color: #ffffff; \"\n\t\t\t\t\n\t\t\t\t\t\t\t>\n\t\t\t\t\t\t\t<\/div>\n\n\t\t\t<div class=\"textwidget\">\n\t\t\t\t\n\t\t\t\t\t\t\t\t\t<h5 class=\"sow-features-feature-title\">\n\t\t\t\t\t\t3\t\t\t\t\t<\/h5>\n\t\t\t\t\n\t\t\t\t\t\t\t\t\t<div class=\"sow-features-feature-text\">\n\t\t\t\t\t<p>Processus d\u2019extrusion : nous fabriquons les plaques et les bobines<\/p>\n\t\t\t\t\t<\/div>\n\t\t\t\t\t\t\t\t<\/div>\n\t\t\t\t\t\t\t\t<\/li>\n\n\t<\/ul>\n<\/div><\/div><\/div><\/div><div id=\"pgc-w645418096cacc-0-3\"  class=\"panel-grid-cell\" ><div id=\"panel-w645418096cacc-0-3-0\" class=\"so-panel widget widget_sow-features panel-first-child panel-last-child\" data-index=\"3\" ><div class=\"bandejas panel-widget-style panel-widget-style-for-w645418096cacc-0-3-0\" ><div\n\t\t\t\n\t\t\tclass=\"so-widget-sow-features so-widget-sow-features-default-d3624ccc37e0\"\n\t\t\t\n\t\t><ul\n\tclass=\"sow-features-list\n\tsow-features-responsive\">\n\n\t\t\t<li\n\t\t\tclass=\"sow-features-feature sow-icon-container-position-right\"\n\t\t\tstyle=\"display: flex; flex-direction: row; width: calc(100% - 25px);\"\n\t\t>\n\t\t\t\n\t\t\t\t\t\t<div\t\t\t\tclass=\"sow-icon-container sow-container-none\"\n\t\t\t\tstyle=\"color: #ffffff; \"\n\t\t\t\t\n\t\t\t\t\t\t\t>\n\t\t\t\t\t\t\t<\/div>\n\n\t\t\t<div class=\"textwidget\">\n\t\t\t\t\n\t\t\t\t\t\t\t\t\t<h5 class=\"sow-features-feature-title\">\n\t\t\t\t\t\t4\t\t\t\t\t<\/h5>\n\t\t\t\t\n\t\t\t\t\t\t\t\t\t<div class=\"sow-features-feature-text\">\n\t\t\t\t\t<p>Processus de thermoformage<\/p>\n\t\t\t\t\t<\/div>\n\t\t\t\t\t\t\t\t<\/div>\n\t\t\t\t\t\t\t\t<\/li>\n\n\t<\/ul>\n<\/div><\/div><\/div><\/div><div id=\"pgc-w645418096cacc-0-4\"  class=\"panel-grid-cell\" ><div id=\"panel-w645418096cacc-0-4-0\" class=\"so-panel widget widget_sow-features panel-first-child panel-last-child\" data-index=\"4\" ><div class=\"bandejas panel-widget-style panel-widget-style-for-w645418096cacc-0-4-0\" ><div\n\t\t\t\n\t\t\tclass=\"so-widget-sow-features so-widget-sow-features-default-d3624ccc37e0\"\n\t\t\t\n\t\t><ul\n\tclass=\"sow-features-list\n\tsow-features-responsive\">\n\n\t\t\t<li\n\t\t\tclass=\"sow-features-feature sow-icon-container-position-right\"\n\t\t\tstyle=\"display: flex; flex-direction: row; width: calc(100% - 25px);\"\n\t\t>\n\t\t\t\n\t\t\t\t\t\t<div\t\t\t\tclass=\"sow-icon-container sow-container-none\"\n\t\t\t\tstyle=\"color: #ffffff; \"\n\t\t\t\t\n\t\t\t\t\t\t\t>\n\t\t\t\t\t\t\t<\/div>\n\n\t\t\t<div class=\"textwidget\">\n\t\t\t\t\n\t\t\t\t\t\t\t\t\t<h5 class=\"sow-features-feature-title\">\n\t\t\t\t\t\t5\t\t\t\t\t<\/h5>\n\t\t\t\t\n\t\t\t\t\t\t\t\t\t<div class=\"sow-features-feature-text\">\n\t\t\t\t\t<p>Processus d\u2019usinage<\/p>\n\t\t\t\t\t<\/div>\n\t\t\t\t\t\t\t\t<\/div>\n\t\t\t\t\t\t\t\t<\/li>\n\n\t<\/ul>\n<\/div><\/div><\/div><\/div><div id=\"pgc-w645418096cacc-0-5\"  class=\"panel-grid-cell\" ><div id=\"panel-w645418096cacc-0-5-0\" class=\"so-panel widget widget_sow-features panel-first-child panel-last-child\" data-index=\"5\" ><div class=\"bandejas panel-widget-style panel-widget-style-for-w645418096cacc-0-5-0\" ><div\n\t\t\t\n\t\t\tclass=\"so-widget-sow-features so-widget-sow-features-default-d3624ccc37e0\"\n\t\t\t\n\t\t><ul\n\tclass=\"sow-features-list\n\tsow-features-responsive\">\n\n\t\t\t<li\n\t\t\tclass=\"sow-features-feature sow-icon-container-position-right\"\n\t\t\tstyle=\"display: flex; flex-direction: row; width: calc(100% - 25px);\"\n\t\t>\n\t\t\t\n\t\t\t\t\t\t<div\t\t\t\tclass=\"sow-icon-container sow-container-none\"\n\t\t\t\tstyle=\"color: #ffffff; \"\n\t\t\t\t\n\t\t\t\t\t\t\t>\n\t\t\t\t\t\t\t<\/div>\n\n\t\t\t<div class=\"textwidget\">\n\t\t\t\t\n\t\t\t\t\t\t\t\t\t<h5 class=\"sow-features-feature-title\">\n\t\t\t\t\t\t6\t\t\t\t\t<\/h5>\n\t\t\t\t\n\t\t\t\t\t\t\t\t\t<div class=\"sow-features-feature-text\">\n\t\t\t\t\t<p>Le r\u00e9sultat : le plateau de transport<\/p>\n\t\t\t\t\t<\/div>\n\t\t\t\t\t\t\t\t<\/div>\n\t\t\t\t\t\t\t\t<\/li>\n\n\t<\/ul>\n<\/div><\/div><\/div><\/div><\/div><\/div><\/div><\/div><\/div><\/div><\/div><div id=\"pg-17098-2\"  class=\"panel-grid panel-has-style\" ><div class=\"siteorigin-panels-stretch panel-row-style panel-row-style-for-17098-2\" data-stretch-type=\"full\" ><div id=\"pgc-17098-2-0\"  class=\"panel-grid-cell\" ><div id=\"panel-17098-2-0-0\" class=\"so-panel widget widget_sow-headline panel-first-child\" data-index=\"4\" ><div class=\"panel-widget-style panel-widget-style-for-17098-2-0-0\" ><div\n\t\t\t\n\t\t\tclass=\"so-widget-sow-headline so-widget-sow-headline-default-a47c4c3212fe-17098 so-widget-fittext-wrapper\"\n\t\t\t data-fit-text-compressor=\"0.85\"\n\t\t><div class=\"sow-headline-container \">\n\t\t\t\t\t\t\t<h2 class=\"sow-headline\">\n\t\t\t\t\t\tNotre objectif\t\t\t\t\t\t<\/h2>\n\t\t\t\t\t\t\t\t\t\t\t\t<p class=\"sow-sub-headline\">\n\t\t\t\t\t\tFournir une solution qui satisfasse les exigences de nos clients:\t\t\t\t\t\t<\/p>\n\t\t\t\t\t\t<\/div>\n<\/div><\/div><\/div><div id=\"panel-17098-2-0-1\" class=\"so-panel widget widget_siteorigin-panels-builder panel-last-child\" data-index=\"5\" ><div class=\"panel-widget-style panel-widget-style-for-17098-2-0-1\" ><div id=\"pl-w64541b758ac2c\"  class=\"panel-layout\" ><div id=\"pg-w64541b758ac2c-0\"  class=\"panel-grid panel-no-style\" ><div id=\"pgc-w64541b758ac2c-0-0\"  class=\"panel-grid-cell\" ><div id=\"panel-w64541b758ac2c-0-0-0\" class=\"so-panel widget widget_sow-editor panel-first-child panel-last-child\" data-index=\"0\" ><div class=\"panel-widget-style panel-widget-style-for-w64541b758ac2c-0-0-0\" ><div\n\t\t\t\n\t\t\tclass=\"so-widget-sow-editor so-widget-sow-editor-base\"\n\t\t\t\n\t\t>\n<div class=\"siteorigin-widget-tinymce textwidget\">\n\t<p><strong><span style=\"color: #e00019;\">\u2713<\/span><\/strong> <span style=\"color: #ffffff;\">  Optimisation logistique<\/span><br \/>\n<strong><span style=\"color: #e00019;\">\u2713<\/span><\/strong> <span style=\"color: #ffffff;\">  Compatibilit\u00e9 avec diff\u00e9rentes pi\u00e8ces<\/span><br \/>\n<strong><span style=\"color: #e00019;\">\u2713<\/span><\/strong> <span style=\"color: #ffffff;\">  Compatibilit\u00e9 avec automatismes<\/span><br \/>\n<strong><span style=\"color: #e00019;\">\u2713<\/span><\/strong> <span style=\"color: #ffffff;\">  Ergonomie<\/span><br \/>\n<strong><span style=\"color: #e00019;\">\u2713<\/span><\/strong> <span style=\"color: #ffffff;\">  Protection<\/span><br \/>\n<strong><span style=\"color: #e00019;\">\u2713<\/span><\/strong> <span style=\"color: #ffffff;\">  Diff\u00e9renciation<\/span><\/p>\n<\/div>\n<\/div><\/div><\/div><\/div><div id=\"pgc-w64541b758ac2c-0-1\"  class=\"panel-grid-cell\" ><div id=\"panel-w64541b758ac2c-0-1-0\" class=\"so-panel widget widget_sow-button panel-first-child panel-last-child\" data-index=\"1\" ><div\n\t\t\t\n\t\t\tclass=\"so-widget-sow-button so-widget-sow-button-flat-fa81b2c1669e\"\n\t\t\t\n\t\t><div class=\"ow-button-base ow-button-align-center\"\n>\n\t\t\t<a\n\t\t\t\t\thref=\"https:\/\/www.plasnor.com\/en\/transport-trays\/objective\/\"\n\t\t\t\t\tclass=\"sowb-button ow-icon-placement-left ow-button-hover\" \t>\n\t\t<span>\n\t\t\t\n\t\t\t+ info\t\t<\/span>\n\t\t\t<\/a>\n\t<\/div>\n<\/div><\/div><\/div><\/div><\/div><\/div><\/div><\/div><\/div><\/div><div id=\"pg-17098-3\"  class=\"panel-grid panel-has-style\" ><div class=\"box-contactar siteorigin-panels-stretch panel-row-style panel-row-style-for-17098-3\" data-stretch-type=\"full\" ><div id=\"pgc-17098-3-0\"  class=\"panel-grid-cell\" ><div id=\"panel-17098-3-0-0\" class=\"so-panel widget widget_sow-features panel-first-child panel-last-child\" data-index=\"6\" ><div class=\"info-bandejas-forestales panel-widget-style panel-widget-style-for-17098-3-0-0\" ><div\n\t\t\t\n\t\t\tclass=\"so-widget-sow-features so-widget-sow-features-default-e119e9c0e550-17098\"\n\t\t\t\n\t\t><ul\n\tclass=\"sow-features-list\n\tsow-features-responsive\">\n\n\t\t\t<li\n\t\t\tclass=\"sow-features-feature sow-icon-container-position-right\"\n\t\t\tstyle=\"display: flex; flex-direction: row; width: calc(100% - 25px);\"\n\t\t>\n\t\t\t\n\t\t\t\t\t\t<a\t\t\t\tclass=\"sow-icon-container sow-container-round\"\n\t\t\t\tstyle=\"color: #e00019; \"\n\t\t\t\t\n\t\t\t\t\t\t\t\t\thref=\"https:\/\/www.plasnor.com\/fr\/plateaux-de-transport\/consultation-plateaux-de-transport\/\"\n\t\t\t\t\t\t\t\t>\n\t\t\t\t<span class=\"sow-icon-typicons\" data-sow-icon=\"&#xe091;\"\n\t\tstyle=\"font-size: 60px; color: #fff\" \n\t\taria-hidden=\"true\"><\/span>\t\t\t<\/a>\n\n\t\t\t<div class=\"textwidget\">\n\t\t\t\t\n\t\t\t\t\t\t\t\t\t<h3 class=\"sow-features-feature-title\">\n\t\t\t\t\t\t\t\t\t\t\t\t\t<a\n\t\t\t\t\t\t\t\thref=\"https:\/\/www.plasnor.com\/fr\/plateaux-de-transport\/consultation-plateaux-de-transport\/\"\n\t\t\t\t\t\t\t\t\t\t\t\t\t\t\t>\n\t\t\t\t\t\t\tConseil Technique et Attention au Client\t\t\t\t\t\t\t<\/a>\n\t\t\t\t\t\t\t\t\t\t\t\t<\/h3>\n\t\t\t\t\n\t\t\t\t\t\t\t\t\t<div class=\"sow-features-feature-text\">\n\t\t\t\t\t<p><em>Contactez-nous\u2026<\/em><\/p>\n\t\t\t\t\t<\/div>\n\t\t\t\t\t\t\t\t<\/div>\n\t\t\t\t\t\t\t\t<\/li>\n\n\t<\/ul>\n<\/div><\/div><\/div><\/div><div id=\"pgc-17098-3-1\"  class=\"panel-grid-cell\" ><div id=\"panel-17098-3-1-0\" class=\"so-panel widget widget_sow-button panel-first-child panel-last-child\" data-index=\"7\" ><div\n\t\t\t\n\t\t\tclass=\"so-widget-sow-button so-widget-sow-button-flat-fa81b2c1669e-17098\"\n\t\t\t\n\t\t><div class=\"ow-button-base ow-button-align-center\"\n>\n\t\t\t<a\n\t\t\t\t\thref=\"https:\/\/www.plasnor.com\/fr\/plateaux-de-transport\/consultation-plateaux-de-transport\/\"\n\t\t\t\t\tclass=\"sowb-button ow-icon-placement-left ow-button-hover\" \t>\n\t\t<span>\n\t\t\t\n\t\t\tContact\t\t<\/span>\n\t\t\t<\/a>\n\t<\/div>\n<\/div><\/div><\/div><\/div><\/div><div id=\"pg-17098-4\"  class=\"panel-grid panel-has-style\" ><div class=\"panel-row-style panel-row-style-for-17098-4\" ><div id=\"pgc-17098-4-0\"  class=\"panel-grid-cell\" ><div id=\"panel-17098-4-0-0\" class=\"so-panel widget widget_sow-headline panel-first-child\" data-index=\"8\" ><div\n\t\t\t\n\t\t\tclass=\"so-widget-sow-headline so-widget-sow-headline-default-6c6577e24e34-17098 so-widget-fittext-wrapper\"\n\t\t\t data-fit-text-compressor=\"0.85\"\n\t\t><div class=\"sow-headline-container \">\n\t\t\t\t\t\t\t<h2 class=\"sow-headline\">\n\t\t\t\t\t\tCLIENTS\t\t\t\t\t\t<\/h2>\n\t\t\t\t\t\t\t\t\t\t\t\t<h3 class=\"sow-sub-headline\">\n\t\t\t\t\t\tFABRICANTS DU SECTEUR AUTOMOBILE ET DE L\u2019 INDUSTRIE AUXILIAIRE, FABRICANTS DE CONTENEURS\t\t\t\t\t\t<\/h3>\n\t\t\t\t\t\t<\/div>\n<\/div><\/div><div id=\"panel-17098-4-0-1\" class=\"so-panel widget widget_sow-image-grid panel-last-child\" data-index=\"9\" ><div\n\t\t\t\n\t\t\tclass=\"so-widget-sow-image-grid so-widget-sow-image-grid-default-7c9f6db85954-17098\"\n\t\t\t\n\t\t>\t<div\n\t\tclass=\"sow-image-grid-wrapper\"\n\t\tdata-max-width=\"100\"\t\t\t>\n\t\t\t\t\t<div class=\"sow-image-grid-image\">\n\t\t\t\t\t\t\t\t\t\t\t\t<img loading=\"lazy\" decoding=\"async\" width=\"176\" height=\"117\" src=\"https:\/\/www.plasnor.com\/wp-content\/uploads\/2023\/04\/1-cliente-ford.jpg\" class=\"sow-image-grid-image_html\" alt=\"\" title=\"\">\t\t\t\t\t\t\t\t\t\t\t<\/div>\n\t\t\t\t\t<div class=\"sow-image-grid-image\">\n\t\t\t\t\t\t\t\t\t\t\t\t<img loading=\"lazy\" decoding=\"async\" width=\"176\" height=\"117\" src=\"https:\/\/www.plasnor.com\/wp-content\/uploads\/2023\/04\/2-cliente-bmw.jpg\" class=\"sow-image-grid-image_html\" alt=\"\" title=\"\">\t\t\t\t\t\t\t\t\t\t\t<\/div>\n\t\t\t\t\t<div class=\"sow-image-grid-image\">\n\t\t\t\t\t\t\t\t\t\t\t\t<img loading=\"lazy\" decoding=\"async\" width=\"176\" height=\"117\" src=\"https:\/\/www.plasnor.com\/wp-content\/uploads\/2023\/04\/3-cliente-volvo.jpg\" class=\"sow-image-grid-image_html\" alt=\"\" title=\"\">\t\t\t\t\t\t\t\t\t\t\t<\/div>\n\t\t\t\t\t<div class=\"sow-image-grid-image\">\n\t\t\t\t\t\t\t\t\t\t\t\t<img loading=\"lazy\" decoding=\"async\" width=\"176\" height=\"117\" src=\"https:\/\/www.plasnor.com\/wp-content\/uploads\/2023\/04\/4-cliente-chevrolet.jpg\" class=\"sow-image-grid-image_html\" alt=\"\" title=\"\">\t\t\t\t\t\t\t\t\t\t\t<\/div>\n\t\t\t\t\t<div class=\"sow-image-grid-image\">\n\t\t\t\t\t\t\t\t\t\t\t\t<img loading=\"lazy\" decoding=\"async\" width=\"176\" height=\"117\" src=\"https:\/\/www.plasnor.com\/wp-content\/uploads\/2023\/04\/5-cliente-seat.jpg\" class=\"sow-image-grid-image_html\" alt=\"\" title=\"\">\t\t\t\t\t\t\t\t\t\t\t<\/div>\n\t\t\t\t\t<div class=\"sow-image-grid-image\">\n\t\t\t\t\t\t\t\t\t\t\t\t<img loading=\"lazy\" decoding=\"async\" width=\"176\" height=\"117\" src=\"https:\/\/www.plasnor.com\/wp-content\/uploads\/2023\/04\/6-cliente-audi.jpg\" class=\"sow-image-grid-image_html\" alt=\"\" title=\"\">\t\t\t\t\t\t\t\t\t\t\t<\/div>\n\t\t\t\t\t<div class=\"sow-image-grid-image\">\n\t\t\t\t\t\t\t\t\t\t\t\t<img loading=\"lazy\" decoding=\"async\" width=\"176\" height=\"117\" src=\"https:\/\/www.plasnor.com\/wp-content\/uploads\/2023\/04\/9-cliente-toyota.jpg\" class=\"sow-image-grid-image_html\" alt=\"\" title=\"\">\t\t\t\t\t\t\t\t\t\t\t<\/div>\n\t\t\t\t\t<div class=\"sow-image-grid-image\">\n\t\t\t\t\t\t\t\t\t\t\t\t<img loading=\"lazy\" decoding=\"async\" width=\"176\" height=\"117\" src=\"https:\/\/www.plasnor.com\/wp-content\/uploads\/2023\/04\/11-cliente-renault.jpg\" class=\"sow-image-grid-image_html\" alt=\"\" title=\"\">\t\t\t\t\t\t\t\t\t\t\t<\/div>\n\t\t\t\t\t<div class=\"sow-image-grid-image\">\n\t\t\t\t\t\t\t\t\t\t\t\t<img loading=\"lazy\" decoding=\"async\" width=\"176\" height=\"117\" src=\"https:\/\/www.plasnor.com\/wp-content\/uploads\/2023\/04\/12-cliente-skoda.jpg\" class=\"sow-image-grid-image_html\" alt=\"\" title=\"\">\t\t\t\t\t\t\t\t\t\t\t<\/div>\n\t\t\t\t\t<div class=\"sow-image-grid-image\">\n\t\t\t\t\t\t\t\t\t\t\t\t<img loading=\"lazy\" decoding=\"async\" width=\"176\" height=\"117\" src=\"https:\/\/www.plasnor.com\/wp-content\/uploads\/2023\/04\/13-cliente-volkswagen.jpg\" class=\"sow-image-grid-image_html\" alt=\"\" title=\"\">\t\t\t\t\t\t\t\t\t\t\t<\/div>\n\t\t\t\t\t<div class=\"sow-image-grid-image\">\n\t\t\t\t\t\t\t\t\t\t\t\t<img loading=\"lazy\" decoding=\"async\" width=\"176\" height=\"117\" src=\"https:\/\/www.plasnor.com\/wp-content\/uploads\/2023\/04\/14-cliente-citroen.jpg\" class=\"sow-image-grid-image_html\" alt=\"\" title=\"\">\t\t\t\t\t\t\t\t\t\t\t<\/div>\n\t\t\t\t\t<div class=\"sow-image-grid-image\">\n\t\t\t\t\t\t\t\t\t\t\t\t<img loading=\"lazy\" decoding=\"async\" width=\"176\" height=\"117\" src=\"https:\/\/www.plasnor.com\/wp-content\/uploads\/2023\/04\/15-cliente-lexus.jpg\" class=\"sow-image-grid-image_html\" alt=\"\" title=\"\">\t\t\t\t\t\t\t\t\t\t\t<\/div>\n\t\t\t\t\t<div class=\"sow-image-grid-image\">\n\t\t\t\t\t\t\t\t\t\t\t\t<img loading=\"lazy\" decoding=\"async\" width=\"176\" height=\"117\" src=\"https:\/\/www.plasnor.com\/wp-content\/uploads\/2023\/04\/16-cliente-peugeot.jpg\" class=\"sow-image-grid-image_html\" alt=\"\" title=\"\">\t\t\t\t\t\t\t\t\t\t\t<\/div>\n\t\t\t\t\t<div class=\"sow-image-grid-image\">\n\t\t\t\t\t\t\t\t\t\t\t\t<img loading=\"lazy\" decoding=\"async\" width=\"176\" height=\"117\" src=\"https:\/\/www.plasnor.com\/wp-content\/uploads\/2023\/04\/17-cliente-honda.jpg\" class=\"sow-image-grid-image_html\" alt=\"\" title=\"\">\t\t\t\t\t\t\t\t\t\t\t<\/div>\n\t\t\t\t\t<div class=\"sow-image-grid-image\">\n\t\t\t\t\t\t\t\t\t\t\t\t<img loading=\"lazy\" decoding=\"async\" width=\"176\" height=\"117\" src=\"https:\/\/www.plasnor.com\/wp-content\/uploads\/2023\/04\/18-cliente-nissan.jpg\" class=\"sow-image-grid-image_html\" alt=\"\" title=\"\">\t\t\t\t\t\t\t\t\t\t\t<\/div>\n\t\t\t\t\t<div class=\"sow-image-grid-image\">\n\t\t\t\t\t\t\t\t\t\t\t\t<img loading=\"lazy\" decoding=\"async\" width=\"176\" height=\"117\" src=\"https:\/\/www.plasnor.com\/wp-content\/uploads\/2023\/04\/19-cliente-mercedes-benz.jpg\" class=\"sow-image-grid-image_html\" alt=\"\" title=\"\">\t\t\t\t\t\t\t\t\t\t\t<\/div>\n\t\t\t\t\t<div class=\"sow-image-grid-image\">\n\t\t\t\t\t\t\t\t\t\t\t\t<img loading=\"lazy\" decoding=\"async\" width=\"176\" height=\"117\" src=\"https:\/\/www.plasnor.com\/wp-content\/uploads\/2023\/04\/20-cliente-opel.jpg\" class=\"sow-image-grid-image_html\" alt=\"\" title=\"\">\t\t\t\t\t\t\t\t\t\t\t<\/div>\n\t\t\t<\/div>\n<\/div><\/div><\/div><\/div><\/div><\/div>","protected":false},"excerpt":{"rendered":"<p>SOLUTIONS INT\u00c9GRALES DE PACKAGING EN 6 \u00c9TAPES<\/p>\n","protected":false},"author":1,"featured_media":0,"parent":0,"menu_order":0,"comment_status":"closed","ping_status":"closed","template":"","meta":{"footnotes":""},"categories":[470],"tags":[],"class_list":{"0":"post-17098","1":"page","2":"type-page","3":"status-publish","5":"category-pages-home-fr"},"_links":{"self":[{"href":"https:\/\/www.plasnor.com\/fr\/wp-json\/wp\/v2\/pages\/17098","targetHints":{"allow":["GET"]}}],"collection":[{"href":"https:\/\/www.plasnor.com\/fr\/wp-json\/wp\/v2\/pages"}],"about":[{"href":"https:\/\/www.plasnor.com\/fr\/wp-json\/wp\/v2\/types\/page"}],"author":[{"embeddable":true,"href":"https:\/\/www.plasnor.com\/fr\/wp-json\/wp\/v2\/users\/1"}],"replies":[{"embeddable":true,"href":"https:\/\/www.plasnor.com\/fr\/wp-json\/wp\/v2\/comments?post=17098"}],"version-history":[{"count":0,"href":"https:\/\/www.plasnor.com\/fr\/wp-json\/wp\/v2\/pages\/17098\/revisions"}],"wp:attachment":[{"href":"https:\/\/www.plasnor.com\/fr\/wp-json\/wp\/v2\/media?parent=17098"}],"wp:term":[{"taxonomy":"category","embeddable":true,"href":"https:\/\/www.plasnor.com\/fr\/wp-json\/wp\/v2\/categories?post=17098"},{"taxonomy":"post_tag","embeddable":true,"href":"https:\/\/www.plasnor.com\/fr\/wp-json\/wp\/v2\/tags?post=17098"}],"curies":[{"name":"wp","href":"https:\/\/api.w.org\/{rel}","templated":true}]}}