{"id":17102,"date":"2023-04-20T16:25:48","date_gmt":"2023-04-20T14:25:48","guid":{"rendered":"https:\/\/www.plasnor.com\/furniture-norsan-high-gloss\/"},"modified":"2024-02-05T12:13:24","modified_gmt":"2024-02-05T11:13:24","slug":"meubles-norsan-high-gloss","status":"publish","type":"page","link":"https:\/\/www.plasnor.com\/fr\/meubles-norsan-high-gloss\/","title":{"rendered":"Meubles-Norsan High Gloss"},"content":{"rendered":"<div id=\"pl-17102\"  class=\"panel-layout\" ><div id=\"pg-17102-0\"  class=\"panel-grid panel-has-style\" ><div class=\"siteorigin-panels-stretch panel-row-style panel-row-style-for-17102-0\" data-stretch-type=\"full-width-stretch\" ><div id=\"pgc-17102-0-0\"  class=\"panel-grid-cell\" ><\/div><\/div><\/div><div id=\"pg-17102-1\"  class=\"panel-grid panel-has-style\" ><div class=\"siteorigin-panels-stretch panel-row-style panel-row-style-for-17102-1\" data-stretch-type=\"full\" ><div id=\"pgc-17102-1-0\"  class=\"panel-grid-cell\" ><div id=\"panel-17102-1-0-0\" class=\"so-panel widget widget_sow-headline panel-first-child\" data-index=\"1\" ><div class=\"panel-widget-style panel-widget-style-for-17102-1-0-0\" ><div\n\t\t\t\n\t\t\tclass=\"so-widget-sow-headline so-widget-sow-headline-default-dd66f95d4b62-17102 so-widget-fittext-wrapper\"\n\t\t\t data-fit-text-compressor=\"0.85\"\n\t\t><div class=\"sow-headline-container \">\n\t\t\t\t\t\t\t<h1 class=\"sow-headline\">\n\t\t\t\t\t\tMeubles-Norsan High Gloss\t\t\t\t\t\t<\/h1>\n\t\t\t\t\t\t\t\t\t\t\t\t<p class=\"sow-sub-headline\">\n\t\t\t\t\t\tNos plaques Premium Acrylic sont une coextrusion plastique ABS \/ PMMA utilis\u00e9es comme rev\u00eatement vertical pour tout type d\u2019applications dans le secteur du meuble. Gr\u00e2ce \u00e0 sa composition, elles repr\u00e9sentent la meilleure solution disponible pour obtenir la meilleure finition Brillante et Effet de Miroir.\t\t\t\t\t\t<\/p>\n\t\t\t\t\t\t<\/div>\n<\/div><\/div><\/div><div id=\"panel-17102-1-0-1\" class=\"so-panel widget widget_siteorigin-panels-builder panel-last-child\" data-index=\"2\" ><div class=\"panel-widget-style panel-widget-style-for-17102-1-0-1\" ><div id=\"pl-w64540b9c88ec9\"  class=\"panel-layout\" ><div id=\"pg-w64540b9c88ec9-0\"  class=\"panel-grid panel-no-style\" ><div id=\"pgc-w64540b9c88ec9-0-0\"  class=\"panel-grid-cell\" ><div id=\"panel-w64540b9c88ec9-0-0-0\" class=\"so-panel widget widget_sow-image panel-first-child\" data-index=\"0\" ><div\n\t\t\t\n\t\t\tclass=\"so-widget-sow-image so-widget-sow-image-default-8b5b6f678277\"\n\t\t\t\n\t\t>\n<div class=\"sow-image-container\">\n\t\t<img \n\tsrc=\"https:\/\/www.plasnor.com\/wp-content\/uploads\/2023\/04\/logo-premium-acrylic2-300x38.jpg\" width=\"200\" height=\"25\" srcset=\"https:\/\/www.plasnor.com\/wp-content\/uploads\/2023\/04\/logo-premium-acrylic2-300x38.jpg 300w, https:\/\/www.plasnor.com\/wp-content\/uploads\/2023\/04\/logo-premium-acrylic2.jpg 315w\" sizes=\"(max-width: 200px) 100vw, 200px\" title=\"premium acrylic\" alt=\"premium acrylic\" \t\tclass=\"so-widget-image\"\/>\n\t<\/div>\n\n<\/div><\/div><div id=\"panel-w64540b9c88ec9-0-0-1\" class=\"so-panel widget widget_sow-headline\" data-index=\"1\" ><div\n\t\t\t\n\t\t\tclass=\"so-widget-sow-headline so-widget-sow-headline-default-4ad8f340adda so-widget-fittext-wrapper\"\n\t\t\t data-fit-text-compressor=\"0.85\"\n\t\t><div class=\"sow-headline-container \">\n\t\t\t\t\t\t<div class=\"decoration\">\n\t\t\t\t\t\t<div class=\"decoration-inside\"><\/div>\n\t\t\t\t\t<\/div>\n\t\t\t\t\t<\/div>\n<\/div><\/div><div id=\"panel-w64540b9c88ec9-0-0-2\" class=\"so-panel widget widget_siteorigin-panels-builder panel-last-child\" data-index=\"2\" ><div id=\"pl-w645401d533aa3\"  class=\"panel-layout\" ><div id=\"pg-w645401d533aa3-0\"  class=\"panel-grid panel-no-style\" ><div id=\"pgc-w645401d533aa3-0-0\"  class=\"panel-grid-cell\" ><div id=\"panel-w645401d533aa3-0-0-0\" class=\"so-panel widget widget_sow-image panel-first-child panel-last-child\" data-index=\"0\" ><div\n\t\t\t\n\t\t\tclass=\"so-widget-sow-image so-widget-sow-image-default-113ccd71f3e6\"\n\t\t\t\n\t\t>\n<div class=\"sow-image-container\">\n\t\t\t<a href=\"https:\/\/www.plasnor.com\/fr\/meubles-norsan-high-gloss\/solids-metallics\/\"\n\t\t\t\t\t>\n\t\t\t<img \n\tsrc=\"https:\/\/www.plasnor.com\/wp-content\/uploads\/2023\/04\/premium-acrylic.jpg\" width=\"375\" height=\"250\" srcset=\"https:\/\/www.plasnor.com\/wp-content\/uploads\/2023\/04\/premium-acrylic.jpg 375w, https:\/\/www.plasnor.com\/wp-content\/uploads\/2023\/04\/premium-acrylic-300x200.jpg 300w\" sizes=\"(max-width: 375px) 100vw, 375px\" title=\"SOLIDES ET M\u00c9TALLIQUES\" alt=\"SOLIDES ET M\u00c9TALLIQUES\" \t\tclass=\"so-widget-image\"\/>\n\t\t\t<\/a><\/div>\n\n<h3 class=\"widget-title\">\t\t<a href=\"https:\/\/www.plasnor.com\/fr\/meubles-norsan-high-gloss\/solids-metallics\/\"\n\t\t\t\t\t>\n\t\tSOLIDES ET M\u00c9TALLIQUES<\/a><\/h3><\/div><\/div><\/div><div id=\"pgc-w645401d533aa3-0-1\"  class=\"panel-grid-cell\" ><div id=\"panel-w645401d533aa3-0-1-0\" class=\"so-panel widget widget_sow-image panel-first-child panel-last-child\" data-index=\"1\" ><div\n\t\t\t\n\t\t\tclass=\"so-widget-sow-image so-widget-sow-image-default-113ccd71f3e6\"\n\t\t\t\n\t\t>\n<div class=\"sow-image-container\">\n\t\t\t<a href=\"https:\/\/www.plasnor.com\/fr\/meubles-norsan-high-gloss\/designs\/\"\n\t\t\t\t\t>\n\t\t\t<img \n\tsrc=\"https:\/\/www.plasnor.com\/wp-content\/uploads\/2023\/04\/disenos-decorativos.jpg\" width=\"375\" height=\"250\" srcset=\"https:\/\/www.plasnor.com\/wp-content\/uploads\/2023\/04\/disenos-decorativos.jpg 375w, https:\/\/www.plasnor.com\/wp-content\/uploads\/2023\/04\/disenos-decorativos-300x200.jpg 300w\" sizes=\"(max-width: 375px) 100vw, 375px\" title=\"DESIGNS\" alt=\"DESIGNS\" \t\tclass=\"so-widget-image\"\/>\n\t\t\t<\/a><\/div>\n\n<h3 class=\"widget-title\">\t\t<a href=\"https:\/\/www.plasnor.com\/fr\/meubles-norsan-high-gloss\/designs\/\"\n\t\t\t\t\t>\n\t\tDESIGNS<\/a><\/h3><\/div><\/div><\/div><div id=\"pgc-w645401d533aa3-0-2\"  class=\"panel-grid-cell\" ><div id=\"panel-w645401d533aa3-0-2-0\" class=\"so-panel widget widget_sow-image panel-first-child panel-last-child\" data-index=\"2\" ><div\n\t\t\t\n\t\t\tclass=\"so-widget-sow-image so-widget-sow-image-default-113ccd71f3e6\"\n\t\t\t\n\t\t>\n<div class=\"sow-image-container\">\n\t\t\t<a href=\"https:\/\/www.plasnor.com\/fr\/meubles-norsan-high-gloss\/mates\/\"\n\t\t\t\t\t>\n\t\t\t<img \n\tsrc=\"https:\/\/www.plasnor.com\/wp-content\/uploads\/2023\/04\/colores-mate.jpg\" width=\"375\" height=\"250\" srcset=\"https:\/\/www.plasnor.com\/wp-content\/uploads\/2023\/04\/colores-mate.jpg 375w, https:\/\/www.plasnor.com\/wp-content\/uploads\/2023\/04\/colores-mate-300x200.jpg 300w\" sizes=\"(max-width: 375px) 100vw, 375px\" title=\"MATES\" alt=\"MATES\" \t\tclass=\"so-widget-image\"\/>\n\t\t\t<\/a><\/div>\n\n<h3 class=\"widget-title\">\t\t<a href=\"https:\/\/www.plasnor.com\/fr\/meubles-norsan-high-gloss\/mates\/\"\n\t\t\t\t\t>\n\t\tMATES<\/a><\/h3><\/div><\/div><\/div><\/div><\/div><\/div><\/div><div id=\"pgc-w64540b9c88ec9-0-1\"  class=\"panel-grid-cell\" ><div id=\"panel-w64540b9c88ec9-0-1-0\" class=\"so-panel widget widget_sow-image panel-first-child\" data-index=\"3\" ><div\n\t\t\t\n\t\t\tclass=\"so-widget-sow-image so-widget-sow-image-default-8b5b6f678277\"\n\t\t\t\n\t\t>\n<div class=\"sow-image-container\">\n\t\t<img \n\tsrc=\"https:\/\/www.plasnor.com\/wp-content\/uploads\/2023\/04\/logo-cristal-acrylic3.png\" width=\"200\" height=\"25\" sizes=\"(max-width: 173px) 100vw, 173px\" title=\"crystal acrylic\" alt=\"crystal acrylic\" \t\tclass=\"so-widget-image\"\/>\n\t<\/div>\n\n<\/div><\/div><div id=\"panel-w64540b9c88ec9-0-1-1\" class=\"so-panel widget widget_sow-headline\" data-index=\"4\" ><div\n\t\t\t\n\t\t\tclass=\"so-widget-sow-headline so-widget-sow-headline-default-4ad8f340adda so-widget-fittext-wrapper\"\n\t\t\t data-fit-text-compressor=\"0.85\"\n\t\t><div class=\"sow-headline-container \">\n\t\t\t\t\t\t<div class=\"decoration\">\n\t\t\t\t\t\t<div class=\"decoration-inside\"><\/div>\n\t\t\t\t\t<\/div>\n\t\t\t\t\t<\/div>\n<\/div><\/div><div id=\"panel-w64540b9c88ec9-0-1-2\" class=\"so-panel widget widget_sow-image panel-last-child\" data-index=\"5\" ><div\n\t\t\t\n\t\t\tclass=\"so-widget-sow-image so-widget-sow-image-default-113ccd71f3e6\"\n\t\t\t\n\t\t>\n<div class=\"sow-image-container\">\n\t\t\t<a href=\"https:\/\/www.plasnor.com\/fr\/meubles-norsan-high-gloss\/crystal-acrylic\/\"\n\t\t\t\t\t>\n\t\t\t<img \n\tsrc=\"https:\/\/www.plasnor.com\/wp-content\/uploads\/2023\/04\/cristal-acrylic-300x200-1.jpg\" width=\"300\" height=\"200\" sizes=\"(max-width: 300px) 100vw, 300px\" title=\"2mm glass effect\" alt=\"2mm glass effect\" \t\tclass=\"so-widget-image\"\/>\n\t\t\t<\/a><\/div>\n\n<h3 class=\"widget-title\">\t\t<a href=\"https:\/\/www.plasnor.com\/fr\/meubles-norsan-high-gloss\/crystal-acrylic\/\"\n\t\t\t\t\t>\n\t\t2mm glass effect<\/a><\/h3><\/div><\/div><\/div><\/div><\/div><\/div><\/div><\/div><\/div><\/div><div id=\"pg-17102-2\"  class=\"panel-grid panel-has-style\" ><div class=\"box-lagarto siteorigin-panels-stretch panel-row-style panel-row-style-for-17102-2\" data-stretch-type=\"full\" ><div id=\"pgc-17102-2-0\"  class=\"panel-grid-cell\" ><div id=\"panel-17102-2-0-0\" class=\"so-panel widget widget_sow-headline panel-first-child\" data-index=\"3\" ><div class=\"panel-widget-style panel-widget-style-for-17102-2-0-0\" ><div\n\t\t\t\n\t\t\tclass=\"so-widget-sow-headline so-widget-sow-headline-default-f4f222a620d4-17102 so-widget-fittext-wrapper\"\n\t\t\t data-fit-text-compressor=\"0.85\"\n\t\t><div class=\"sow-headline-container \">\n\t\t\t\t\t\t\t<h2 class=\"sow-headline\">\n\t\t\t\t\t\t\t\t\t\t\t\t\t<a href=\"https:\/\/www.plasnor.com\/fr\/meubles-norsan-high-gloss\/les-10-couleurs-tendance\/\" >\n\t\t\t\t\t\t\t\tLANCEMENT DE 10 NOUVELLES COULEURS<\/a>\t\t\t\t\t\t<\/h2>\n\t\t\t\t\t\t\t\t\t\t\t\t<p class=\"sow-sub-headline\">\n\t\t\t\t\t\tVoulez-vous savoir quelles seront les couleurs tendance dans les ann\u00e9es \u00e0 venir? \t\t\t\t\t\t<\/p>\n\t\t\t\t\t\t<\/div>\n<\/div><\/div><\/div><div id=\"panel-17102-2-0-1\" class=\"so-panel widget widget_sow-button\" data-index=\"4\" ><div\n\t\t\t\n\t\t\tclass=\"so-widget-sow-button so-widget-sow-button-flat-71af5d7ab0f7-17102\"\n\t\t\t\n\t\t><div class=\"ow-button-base ow-button-align-center\"\n>\n\t\t\t<a\n\t\t\t\t\thref=\"https:\/\/www.plasnor.com\/fr\/meubles-norsan-high-gloss\/les-10-couleurs-tendance\/\"\n\t\t\t\t\tclass=\"sowb-button ow-icon-placement-left ow-button-hover\" \t>\n\t\t<span>\n\t\t\t\n\t\t\tEn savoir plus\t\t<\/span>\n\t\t\t<\/a>\n\t<\/div>\n<\/div><\/div><div id=\"panel-17102-2-0-2\" class=\"widget_text so-panel widget widget_custom_html panel-last-child\" data-index=\"5\" ><div class=\"textwidget custom-html-widget\"><ul class=\"colores2\">\n<li><span class=\"cuadro2\" style=\"background-color: #2a292a;\"> <\/span><\/li>\n<li><span class=\"cuadro2\" style=\"background-color: #868685;\"> <\/span><\/li>\n<li><span class=\"cuadro2\" style=\"background-color: #6c6c6c;\"> <\/span><\/li>\n<li><span class=\"cuadro2\" style=\"background-color: #b9b8b6;\"> <\/span><\/li>\n<li><span class=\"cuadro2\" style=\"background-color: #b4aba3;\"> <\/span><\/li>\n<li><span class=\"cuadro2\" style=\"background-color: #9d978e;\"> <\/span><\/li>\n<li><span class=\"cuadro2\" style=\"background-color: #d5d6d7;\"> <\/span><\/li>\n<li><span class=\"cuadro2\" style=\"background-color: #080d14;\"> <\/span><\/li>\n<li><span class=\"cuadro2\" style=\"background-color: #92a6b7;\"> <\/span><\/li>\n<li><span class=\"cuadro2\" style=\"background-color: #748889;\"> <\/span><\/li>\n<\/ul>\n<div style=\"clear: both\"><\/div><\/div><\/div><\/div><\/div><\/div><div id=\"pg-17102-3\"  class=\"panel-grid panel-has-style\" ><div class=\"panel-row-style panel-row-style-for-17102-3\" ><div id=\"pgc-17102-3-0\"  class=\"panel-grid-cell\" ><div id=\"panel-17102-3-0-0\" class=\"so-panel widget widget_sow-headline panel-first-child\" data-index=\"6\" ><div\n\t\t\t\n\t\t\tclass=\"so-widget-sow-headline so-widget-sow-headline-default-ff1f9fa872a4-17102 so-widget-fittext-wrapper\"\n\t\t\t data-fit-text-compressor=\"0.85\"\n\t\t><div class=\"sow-headline-container \">\n\t\t\t\t\t\t\t<h2 class=\"sow-headline\">\n\t\t\t\t\t\t\t\t\t\t\t\t\t<a href=\"https:\/\/www.plasnor.com\/fr\/meubles-norsan-high-gloss\/quest-ce-qui-nous-distingue\/\" >\n\t\t\t\t\t\t\t\tQU\u2019EST-CE QUI NOUS DISTINGUE?<\/a>\t\t\t\t\t\t<\/h2>\n\t\t\t\t\t\t\t\t\t\t\t\t<p class=\"sow-sub-headline\">\n\t\t\t\t\t\t\t\t\t\t\t\t\t<a href=\"https:\/\/www.plasnor.com\/fr\/meubles-norsan-high-gloss\/quest-ce-qui-nous-distingue\/\" >\n\t\t\t\t\t\t\t\t<i>Nouveau Premium Acrylic<\/i><\/a>\t\t\t\t\t\t<\/p>\n\t\t\t\t\t\t<\/div>\n<\/div><\/div><div id=\"panel-17102-3-0-1\" class=\"so-panel widget widget_sow-button\" data-index=\"7\" ><div\n\t\t\t\n\t\t\tclass=\"so-widget-sow-button so-widget-sow-button-flat-105d922bc691-17102\"\n\t\t\t\n\t\t><div class=\"ow-button-base ow-button-align-center\"\n>\n\t\t\t<a\n\t\t\t\t\thref=\"https:\/\/www.plasnor.com\/es\/mueble-norsan-high-gloss\/que-nos-diferencia\/\"\n\t\t\t\t\tclass=\"sowb-button ow-icon-placement-left ow-button-hover\" \t>\n\t\t<span>\n\t\t\t\n\t\t\tm\u00e1s info\t\t<\/span>\n\t\t\t<\/a>\n\t<\/div>\n<\/div><\/div><div id=\"panel-17102-3-0-2\" class=\"so-panel widget widget_sow-features panel-last-child\" data-index=\"8\" ><div class=\"muebles-home-diferencias panel-widget-style panel-widget-style-for-17102-3-0-2\" ><div\n\t\t\t\n\t\t\tclass=\"so-widget-sow-features so-widget-sow-features-default-73afd6d0e9e2-17102\"\n\t\t\t\n\t\t><ul\n\tclass=\"sow-features-list\n\tsow-features-responsive\">\n\n\t\t\t<li\n\t\t\tclass=\"sow-features-feature sow-icon-container-position-top\"\n\t\t\tstyle=\"display: flex; flex-direction: column; width: calc(25% - 25px);\"\n\t\t>\n\t\t\t\n\t\t\t\t\t\t<div\t\t\t\tclass=\"sow-icon-container sow-container-none\"\n\t\t\t\tstyle=\"color: #ffffff; \"\n\t\t\t\ttitle=\"R\u00c9SISTANCE MAXIMALE\"\n\t\t\t\t\t\t\t>\n\t\t\t\t\t\t\t\t\t\t<div class=\"sow-icon-image\" style=\"background-image: url(https:\/\/www.plasnor.com\/wp-content\/uploads\/2023\/04\/1-diferencia.png); font-size: 140px\"><\/div>\n\t\t\t\t\t\t\t\t\t<\/div>\n\n\t\t\t<div class=\"textwidget\">\n\t\t\t\t\n\t\t\t\t\t\t\t\t\t<h4 class=\"sow-features-feature-title\">\n\t\t\t\t\t\tR\u00c9SISTANCE MAXIMALE\t\t\t\t\t<\/h4>\n\t\t\t\t\n\t\t\t\t\t\t\t<\/div>\n\t\t\t\t\t\t\t\t<\/li>\n\n\t\t\t<li\n\t\t\tclass=\"sow-features-feature sow-icon-container-position-top\"\n\t\t\tstyle=\"display: flex; flex-direction: column; width: calc(25% - 25px);\"\n\t\t>\n\t\t\t\n\t\t\t\t\t\t<div\t\t\t\tclass=\"sow-icon-container sow-container-none\"\n\t\t\t\tstyle=\"color: #ffffff; \"\n\t\t\t\ttitle=\"LA MEILLEURE FINITION BRILLANTE ET EFFET DE MIROIR\"\n\t\t\t\t\t\t\t>\n\t\t\t\t\t\t\t\t\t\t<div class=\"sow-icon-image\" style=\"background-image: url(https:\/\/www.plasnor.com\/wp-content\/uploads\/2023\/04\/2-diferencia2.png); font-size: 140px\"><\/div>\n\t\t\t\t\t\t\t\t\t<\/div>\n\n\t\t\t<div class=\"textwidget\">\n\t\t\t\t\n\t\t\t\t\t\t\t\t\t<h4 class=\"sow-features-feature-title\">\n\t\t\t\t\t\tLA MEILLEURE FINITION BRILLANTE ET EFFET DE MIROIR\t\t\t\t\t<\/h4>\n\t\t\t\t\n\t\t\t\t\t\t\t<\/div>\n\t\t\t\t\t\t\t\t<\/li>\n\n\t\t\t<li\n\t\t\tclass=\"sow-features-feature sow-icon-container-position-top\"\n\t\t\tstyle=\"display: flex; flex-direction: column; width: calc(25% - 25px);\"\n\t\t>\n\t\t\t\n\t\t\t\t\t\t<div\t\t\t\tclass=\"sow-icon-container sow-container-none\"\n\t\t\t\tstyle=\"color: #ffffff; \"\n\t\t\t\ttitle=\"LA PLUS GRANDE OFFRE DE COULEURS\"\n\t\t\t\t\t\t\t>\n\t\t\t\t\t\t\t\t\t\t<div class=\"sow-icon-image\" style=\"background-image: url(https:\/\/www.plasnor.com\/wp-content\/uploads\/2023\/04\/3-diferencia.png); font-size: 140px\"><\/div>\n\t\t\t\t\t\t\t\t\t<\/div>\n\n\t\t\t<div class=\"textwidget\">\n\t\t\t\t\n\t\t\t\t\t\t\t\t\t<h4 class=\"sow-features-feature-title\">\n\t\t\t\t\t\tLA PLUS GRANDE OFFRE DE COULEURS\t\t\t\t\t<\/h4>\n\t\t\t\t\n\t\t\t\t\t\t\t<\/div>\n\t\t\t\t\t\t\t\t<\/li>\n\n\t\t\t<li\n\t\t\tclass=\"sow-features-feature sow-icon-container-position-top\"\n\t\t\tstyle=\"display: flex; flex-direction: column; width: calc(25% - 25px);\"\n\t\t>\n\t\t\t\n\t\t\t\t\t\t<div\t\t\t\tclass=\"sow-icon-container sow-container-none\"\n\t\t\t\tstyle=\"color: #ffffff; \"\n\t\t\t\ttitle=\"FINITION OPTIMALES DES CHANTS\"\n\t\t\t\t\t\t\t>\n\t\t\t\t\t\t\t\t\t\t<div class=\"sow-icon-image\" style=\"background-image: url(https:\/\/www.plasnor.com\/wp-content\/uploads\/2023\/04\/4-diferencia2.png); font-size: 140px\"><\/div>\n\t\t\t\t\t\t\t\t\t<\/div>\n\n\t\t\t<div class=\"textwidget\">\n\t\t\t\t\n\t\t\t\t\t\t\t\t\t<h4 class=\"sow-features-feature-title\">\n\t\t\t\t\t\tFINITION OPTIMALES DES CHANTS\t\t\t\t\t<\/h4>\n\t\t\t\t\n\t\t\t\t\t\t\t<\/div>\n\t\t\t\t\t\t\t\t<\/li>\n\n\t\t\t<li\n\t\t\tclass=\"sow-features-feature sow-icon-container-position-top\"\n\t\t\tstyle=\"display: flex; flex-direction: column; width: calc(25% - 25px);\"\n\t\t>\n\t\t\t\n\t\t\t\t\t\t<div\t\t\t\tclass=\"sow-icon-container sow-container-none\"\n\t\t\t\tstyle=\"color: #ffffff; \"\n\t\t\t\ttitle=\"SERVICE ET FLEXIBILIT\u00c9\"\n\t\t\t\t\t\t\t>\n\t\t\t\t\t\t\t\t\t\t<div class=\"sow-icon-image\" style=\"background-image: url(https:\/\/www.plasnor.com\/wp-content\/uploads\/2023\/04\/5-diferencia.png); font-size: 140px\"><\/div>\n\t\t\t\t\t\t\t\t\t<\/div>\n\n\t\t\t<div class=\"textwidget\">\n\t\t\t\t\n\t\t\t\t\t\t\t\t\t<h4 class=\"sow-features-feature-title\">\n\t\t\t\t\t\tSERVICE ET FLEXIBILIT\u00c9\t\t\t\t\t<\/h4>\n\t\t\t\t\n\t\t\t\t\t\t\t<\/div>\n\t\t\t\t\t\t\t\t<\/li>\n\n\t\t\t<li\n\t\t\tclass=\"sow-features-feature sow-icon-container-position-top\"\n\t\t\tstyle=\"display: flex; flex-direction: column; width: calc(25% - 25px);\"\n\t\t>\n\t\t\t\n\t\t\t\t\t\t<div\t\t\t\tclass=\"sow-icon-container sow-container-none\"\n\t\t\t\tstyle=\"color: #ffffff; \"\n\t\t\t\ttitle=\"RESPECT DE L\u2019ENVIRONNEMENT\"\n\t\t\t\t\t\t\t>\n\t\t\t\t\t\t\t\t\t\t<div class=\"sow-icon-image\" style=\"background-image: url(https:\/\/www.plasnor.com\/wp-content\/uploads\/2023\/04\/6-diferencia.png); font-size: 140px\"><\/div>\n\t\t\t\t\t\t\t\t\t<\/div>\n\n\t\t\t<div class=\"textwidget\">\n\t\t\t\t\n\t\t\t\t\t\t\t\t\t<h4 class=\"sow-features-feature-title\">\n\t\t\t\t\t\tRESPECT DE L\u2019ENVIRONNEMENT\t\t\t\t\t<\/h4>\n\t\t\t\t\n\t\t\t\t\t\t\t<\/div>\n\t\t\t\t\t\t\t\t<\/li>\n\n\t\t\t<li\n\t\t\tclass=\"sow-features-feature sow-icon-container-position-top\"\n\t\t\tstyle=\"display: flex; flex-direction: column; width: calc(25% - 25px);\"\n\t\t>\n\t\t\t\n\t\t\t\t\t\t<div\t\t\t\tclass=\"sow-icon-container sow-container-none\"\n\t\t\t\tstyle=\"color: #ffffff; \"\n\t\t\t\ttitle=\"RESISTANCE OPTIMALE UV et CHIMIQUE\"\n\t\t\t\t\t\t\t>\n\t\t\t\t\t\t\t\t\t\t<div class=\"sow-icon-image\" style=\"background-image: url(https:\/\/www.plasnor.com\/wp-content\/uploads\/2023\/04\/7-diferencia2.png); font-size: 140px\"><\/div>\n\t\t\t\t\t\t\t\t\t<\/div>\n\n\t\t\t<div class=\"textwidget\">\n\t\t\t\t\n\t\t\t\t\t\t\t\t\t<h4 class=\"sow-features-feature-title\">\n\t\t\t\t\t\tRESISTANCE OPTIMALE UV et CHIMIQUE\t\t\t\t\t<\/h4>\n\t\t\t\t\n\t\t\t\t\t\t\t<\/div>\n\t\t\t\t\t\t\t\t<\/li>\n\n\t\t\t<li\n\t\t\tclass=\"sow-features-feature sow-icon-container-position-top\"\n\t\t\tstyle=\"display: flex; flex-direction: column; width: calc(25% - 25px);\"\n\t\t>\n\t\t\t\n\t\t\t\t\t\t<div\t\t\t\tclass=\"sow-icon-container sow-container-none\"\n\t\t\t\tstyle=\"color: #ffffff; \"\n\t\t\t\ttitle=\"FACILEMENT TRANSFORMABLE\"\n\t\t\t\t\t\t\t>\n\t\t\t\t\t\t\t\t\t\t<div class=\"sow-icon-image\" style=\"background-image: url(https:\/\/www.plasnor.com\/wp-content\/uploads\/2023\/04\/8-diferencia2.png); font-size: 140px\"><\/div>\n\t\t\t\t\t\t\t\t\t<\/div>\n\n\t\t\t<div class=\"textwidget\">\n\t\t\t\t\n\t\t\t\t\t\t\t\t\t<h4 class=\"sow-features-feature-title\">\n\t\t\t\t\t\tFACILEMENT TRANSFORMABLE\t\t\t\t\t<\/h4>\n\t\t\t\t\n\t\t\t\t\t\t\t<\/div>\n\t\t\t\t\t\t\t\t<\/li>\n\n\t<\/ul>\n<\/div><\/div><\/div><\/div><\/div><\/div><div id=\"pg-17102-4\"  class=\"panel-grid panel-has-style\" ><div class=\"siteorigin-panels-stretch panel-row-style panel-row-style-for-17102-4\" data-stretch-type=\"full\" ><div id=\"pgc-17102-4-0\"  class=\"panel-grid-cell\" ><div id=\"panel-17102-4-0-0\" class=\"so-panel widget widget_sow-editor panel-first-child panel-last-child\" data-index=\"9\" ><div class=\"panel-widget-style panel-widget-style-for-17102-4-0-0\" ><div\n\t\t\t\n\t\t\tclass=\"so-widget-sow-editor so-widget-sow-editor-base\"\n\t\t\t\n\t\t>\n<div class=\"siteorigin-widget-tinymce textwidget\">\n\t<h3><span style=\"color: #204795;\"><strong>Qu\u2019est-ce que l\u2019acrylique?<\/strong><\/span><\/h3>\n<p> Nous utilisons tous le terme acrylique pour d\u00e9signer l\u2019une des diff\u00e9rentes technologies de fabrication de meubles, mais de quoi s\u2019agit-il? Son nom provient de l\u2019acronyme de l\u2019un des mat\u00e9riaux utilis\u00e9s dans sa production, le m\u00e9thacrylate ou le PMMA. Cette lettre A lui donne son nom.Mais tous les produits acryliques sont-ils les m\u00eames? Non. Il y a diff\u00e9rents types. La coextrusion acrylique avec ABS (ABS \/ PMMA) fabriqu\u00e9e par Plasnor est l\u2019une des meilleures options de rev\u00eatement de surfaces de l\u2019industrie du meuble gr\u00e2ce \u00e0 sa polyvalence et ses performances.<\/p>\n<\/div>\n<\/div><\/div><\/div><\/div><div id=\"pgc-17102-4-1\"  class=\"panel-grid-cell\" ><div id=\"panel-17102-4-1-0\" class=\"so-panel widget widget_sow-features panel-first-child panel-last-child\" data-index=\"10\" ><div class=\"info-bandejas-forestales panel-widget-style panel-widget-style-for-17102-4-1-0\" ><div\n\t\t\t\n\t\t\tclass=\"so-widget-sow-features so-widget-sow-features-default-4921cb52bbb1-17102\"\n\t\t\t\n\t\t><ul\n\tclass=\"sow-features-list\n\tsow-features-responsive\">\n\n\t\t\t<li\n\t\t\tclass=\"sow-features-feature sow-icon-container-position-bottom\"\n\t\t\tstyle=\"display: flex; flex-direction: column-reverse; width: calc(100% - 25px);\"\n\t\t>\n\t\t\t\n\t\t\t\t\t\t<a\t\t\t\tclass=\"sow-icon-container sow-container-round\"\n\t\t\t\tstyle=\"color: #204795; \"\n\t\t\t\t\n\t\t\t\t\t\t\t\t\thref=\"https:\/\/www.plasnor.com\/fr\/meubles-norsan-high-gloss\/faq\/\"\n\t\t\t\t\t\t\t\t>\n\t\t\t\t<span class=\"sow-icon-fontawesome sow-fas\" data-sow-icon=\"&#xf02d;\"\n\t\tstyle=\"font-size: 35px; color: #fff\" \n\t\taria-hidden=\"true\"><\/span>\t\t\t<\/a>\n\n\t\t\t<div class=\"textwidget\">\n\t\t\t\t\n\t\t\t\t\t\t\t\t\t<h3 class=\"sow-features-feature-title\">\n\t\t\t\t\t\t\t\t\t\t\t\t\t<a\n\t\t\t\t\t\t\t\thref=\"https:\/\/www.plasnor.com\/fr\/meubles-norsan-high-gloss\/faq\/\"\n\t\t\t\t\t\t\t\t\t\t\t\t\t\t\t>\n\t\t\t\t\t\t\tFAQ\t\t\t\t\t\t\t<\/a>\n\t\t\t\t\t\t\t\t\t\t\t\t<\/h3>\n\t\t\t\t\n\t\t\t\t\t\t\t<\/div>\n\t\t\t\t\t\t\t\t<\/li>\n\n\t<\/ul>\n<\/div><\/div><\/div><\/div><\/div><\/div><div id=\"pg-17102-5\"  class=\"panel-grid panel-has-style\" ><div class=\"box-contactar siteorigin-panels-stretch panel-row-style panel-row-style-for-17102-5\" data-stretch-type=\"full\" ><div id=\"pgc-17102-5-0\"  class=\"panel-grid-cell\" ><div id=\"panel-17102-5-0-0\" class=\"so-panel widget widget_sow-features panel-first-child panel-last-child\" data-index=\"11\" ><div class=\"info-bandejas-forestales panel-widget-style panel-widget-style-for-17102-5-0-0\" ><div\n\t\t\t\n\t\t\tclass=\"so-widget-sow-features so-widget-sow-features-default-e119e9c0e550-17102\"\n\t\t\t\n\t\t><ul\n\tclass=\"sow-features-list\n\tsow-features-responsive\">\n\n\t\t\t<li\n\t\t\tclass=\"sow-features-feature sow-icon-container-position-right\"\n\t\t\tstyle=\"display: flex; flex-direction: row; width: calc(100% - 25px);\"\n\t\t>\n\t\t\t\n\t\t\t\t\t\t<a\t\t\t\tclass=\"sow-icon-container sow-container-round\"\n\t\t\t\tstyle=\"color: #204795; \"\n\t\t\t\t\n\t\t\t\t\t\t\t\t\thref=\"https:\/\/www.plasnor.com\/fr\/meubles-norsan-high-gloss\/consultation\/\"\n\t\t\t\t\t\t\t\t>\n\t\t\t\t<span class=\"sow-icon-typicons\" data-sow-icon=\"&#xe091;\"\n\t\tstyle=\"font-size: 60px; color: #fff\" \n\t\taria-hidden=\"true\"><\/span>\t\t\t<\/a>\n\n\t\t\t<div class=\"textwidget\">\n\t\t\t\t\n\t\t\t\t\t\t\t\t\t<h3 class=\"sow-features-feature-title\">\n\t\t\t\t\t\tConseil Technique et Attention au Client\t\t\t\t\t<\/h3>\n\t\t\t\t\n\t\t\t\t\t\t\t\t\t<div class=\"sow-features-feature-text\">\n\t\t\t\t\t<p><em>Contactez-nous.<\/em><\/p>\n\t\t\t\t\t<\/div>\n\t\t\t\t\t\t\t\t<\/div>\n\t\t\t\t\t\t\t\t<\/li>\n\n\t<\/ul>\n<\/div><\/div><\/div><\/div><div id=\"pgc-17102-5-1\"  class=\"panel-grid-cell\" ><div id=\"panel-17102-5-1-0\" class=\"so-panel widget widget_sow-button panel-first-child panel-last-child\" data-index=\"12\" ><div\n\t\t\t\n\t\t\tclass=\"so-widget-sow-button so-widget-sow-button-flat-58f1d956ab9d-17102\"\n\t\t\t\n\t\t><div class=\"ow-button-base ow-button-align-center\"\n>\n\t\t\t<a\n\t\t\t\t\thref=\"https:\/\/www.plasnor.com\/fr\/meubles-norsan-high-gloss\/consultation\/\"\n\t\t\t\t\tclass=\"sowb-button ow-icon-placement-left ow-button-hover\" \t>\n\t\t<span>\n\t\t\t\n\t\t\tContact\t\t<\/span>\n\t\t\t<\/a>\n\t<\/div>\n<\/div><\/div><\/div><\/div><\/div><\/div>","protected":false},"excerpt":{"rendered":"<p>Meubles-Norsan High Gloss Nos plaques Premium Acrylic sont une coextrusion plastique ABS \/ PMMA utilis\u00e9es comme rev\u00eatement vertical &#8230; <a title=\"Meubles-Norsan High Gloss\" class=\"read-more\" href=\"https:\/\/www.plasnor.com\/fr\/meubles-norsan-high-gloss\/\" aria-label=\"En savoir plus sur Meubles-Norsan High Gloss\">[ + info ]<\/a><\/p>\n","protected":false},"author":1,"featured_media":0,"parent":0,"menu_order":0,"comment_status":"closed","ping_status":"closed","template":"","meta":{"footnotes":""},"categories":[470],"tags":[],"class_list":{"0":"post-17102","1":"page","2":"type-page","3":"status-publish","5":"category-pages-home-fr"},"_links":{"self":[{"href":"https:\/\/www.plasnor.com\/fr\/wp-json\/wp\/v2\/pages\/17102","targetHints":{"allow":["GET"]}}],"collection":[{"href":"https:\/\/www.plasnor.com\/fr\/wp-json\/wp\/v2\/pages"}],"about":[{"href":"https:\/\/www.plasnor.com\/fr\/wp-json\/wp\/v2\/types\/page"}],"author":[{"embeddable":true,"href":"https:\/\/www.plasnor.com\/fr\/wp-json\/wp\/v2\/users\/1"}],"replies":[{"embeddable":true,"href":"https:\/\/www.plasnor.com\/fr\/wp-json\/wp\/v2\/comments?post=17102"}],"version-history":[{"count":0,"href":"https:\/\/www.plasnor.com\/fr\/wp-json\/wp\/v2\/pages\/17102\/revisions"}],"wp:attachment":[{"href":"https:\/\/www.plasnor.com\/fr\/wp-json\/wp\/v2\/media?parent=17102"}],"wp:term":[{"taxonomy":"category","embeddable":true,"href":"https:\/\/www.plasnor.com\/fr\/wp-json\/wp\/v2\/categories?post=17102"},{"taxonomy":"post_tag","embeddable":true,"href":"https:\/\/www.plasnor.com\/fr\/wp-json\/wp\/v2\/tags?post=17102"}],"curies":[{"name":"wp","href":"https:\/\/api.w.org\/{rel}","templated":true}]}}