{"id":17104,"date":"2023-04-20T16:25:22","date_gmt":"2023-04-20T14:25:22","guid":{"rendered":"https:\/\/www.plasnor.com\/extrusion\/"},"modified":"2024-02-05T15:35:18","modified_gmt":"2024-02-05T14:35:18","slug":"extrusion","status":"publish","type":"page","link":"https:\/\/www.plasnor.com\/fr\/extrusion\/","title":{"rendered":"Extrusion"},"content":{"rendered":"<div id=\"pl-17104\"  class=\"panel-layout\" ><div id=\"pg-17104-0\"  class=\"panel-grid panel-has-style\" ><div class=\"siteorigin-panels-stretch panel-row-style panel-row-style-for-17104-0\" data-stretch-type=\"full-width-stretch\" ><div id=\"pgc-17104-0-0\"  class=\"panel-grid-cell\" ><\/div><\/div><\/div><div id=\"pg-17104-1\"  class=\"panel-grid panel-has-style\" ><div class=\"siteorigin-panels-stretch panel-row-style panel-row-style-for-17104-1\" data-stretch-type=\"full\" ><div id=\"pgc-17104-1-0\"  class=\"panel-grid-cell\" ><div id=\"panel-17104-1-0-0\" class=\"so-panel widget widget_sow-headline panel-first-child\" data-index=\"1\" ><div\n\t\t\t\n\t\t\tclass=\"so-widget-sow-headline so-widget-sow-headline-default-3d77abb1d9d2-17104 so-widget-fittext-wrapper\"\n\t\t\t data-fit-text-compressor=\"0.85\"\n\t\t><div class=\"sow-headline-container \">\n\t\t\t\t\t\t\t<h1 class=\"sow-headline\">\n\t\t\t\t\t\t Sp\u00e9cialistes en extrusion de plaque et de bobine sur mesure\t\t\t\t\t\t<\/h1>\n\t\t\t\t\t\t<\/div>\n<\/div><\/div><div id=\"panel-17104-1-0-1\" class=\"so-panel widget widget_siteorigin-panels-builder panel-last-child\" data-index=\"2\" ><div id=\"pl-w6453feb6db3ed\"  class=\"panel-layout\" ><div id=\"pg-w6453feb6db3ed-0\"  class=\"panel-grid panel-no-style\" ><div id=\"pgc-w6453feb6db3ed-0-0\"  class=\"panel-grid-cell\" ><div class=\"panel-cell-style panel-cell-style-for-w6453feb6db3ed-0-0\" ><div id=\"panel-w6453feb6db3ed-0-0-0\" class=\"so-panel widget widget_sow-image panel-first-child\" data-index=\"0\" ><div class=\"panel-widget-style panel-widget-style-for-w6453feb6db3ed-0-0-0\" ><div\n\t\t\t\n\t\t\tclass=\"so-widget-sow-image so-widget-sow-image-default-334eeca80698\"\n\t\t\t\n\t\t>\n<div class=\"sow-image-container\">\n\t\t\t<a href=\"https:\/\/www.plasnor.com\/fr\/extrusion\/materiaux\/\"\n\t\t\t\t\t>\n\t\t\t<img \n\tsrc=\"https:\/\/www.plasnor.com\/wp-content\/uploads\/2023\/04\/materiales2.jpg\" width=\"375\" height=\"170\" srcset=\"https:\/\/www.plasnor.com\/wp-content\/uploads\/2023\/04\/materiales2.jpg 375w, https:\/\/www.plasnor.com\/wp-content\/uploads\/2023\/04\/materiales2-300x136.jpg 300w\" sizes=\"(max-width: 375px) 100vw, 375px\" title=\"Mat\u00e9riaux\" alt=\"Mat\u00e9riaux\" \t\tclass=\"so-widget-image\"\/>\n\t\t\t<\/a><\/div>\n\n<\/div><\/div><\/div><div id=\"panel-w6453feb6db3ed-0-0-1\" class=\"so-panel widget widget_sow-headline panel-last-child\" data-index=\"1\" ><div class=\"panel-widget-style panel-widget-style-for-w6453feb6db3ed-0-0-1\" ><div\n\t\t\t\n\t\t\tclass=\"so-widget-sow-headline so-widget-sow-headline-default-434190a5a924 so-widget-fittext-wrapper\"\n\t\t\t data-fit-text-compressor=\"0.85\"\n\t\t><div class=\"sow-headline-container \">\n\t\t\t\t\t\t\t<h3 class=\"sow-headline\">\n\t\t\t\t\t\t\t\t\t\t\t\t\t<a href=\"https:\/\/www.plasnor.com\/fr\/extrusion\/materiaux\/\" >\n\t\t\t\t\t\t\t\tMat\u00e9riaux<\/a>\t\t\t\t\t\t<\/h3>\n\t\t\t\t\t\t\t\t\t\t\t\t<p class=\"sow-sub-headline\">\n\t\t\t\t\t\tCaract\u00e9ristiques des principaux mat\u00e9riaux thermoplastiques.\t\t\t\t\t\t<\/p>\n\t\t\t\t\t\t<\/div>\n<\/div><\/div><\/div><\/div><\/div><div id=\"pgc-w6453feb6db3ed-0-1\"  class=\"panel-grid-cell\" ><div class=\"panel-cell-style panel-cell-style-for-w6453feb6db3ed-0-1\" ><div id=\"panel-w6453feb6db3ed-0-1-0\" class=\"so-panel widget widget_sow-image panel-first-child\" data-index=\"2\" ><div class=\"panel-widget-style panel-widget-style-for-w6453feb6db3ed-0-1-0\" ><div\n\t\t\t\n\t\t\tclass=\"so-widget-sow-image so-widget-sow-image-default-334eeca80698\"\n\t\t\t\n\t\t>\n<div class=\"sow-image-container\">\n\t\t\t<a href=\"https:\/\/www.plasnor.com\/fr\/extrusion\/finitions\/\"\n\t\t\t\t\t>\n\t\t\t<img \n\tsrc=\"https:\/\/www.plasnor.com\/wp-content\/uploads\/2023\/04\/acabados2.jpg\" width=\"375\" height=\"170\" srcset=\"https:\/\/www.plasnor.com\/wp-content\/uploads\/2023\/04\/acabados2.jpg 375w, https:\/\/www.plasnor.com\/wp-content\/uploads\/2023\/04\/acabados2-300x136.jpg 300w\" sizes=\"(max-width: 375px) 100vw, 375px\" title=\"FINITIONS\" alt=\"FINITIONS\" \t\tclass=\"so-widget-image\"\/>\n\t\t\t<\/a><\/div>\n\n<\/div><\/div><\/div><div id=\"panel-w6453feb6db3ed-0-1-1\" class=\"so-panel widget widget_sow-headline panel-last-child\" data-index=\"3\" ><div class=\"panel-widget-style panel-widget-style-for-w6453feb6db3ed-0-1-1\" ><div\n\t\t\t\n\t\t\tclass=\"so-widget-sow-headline so-widget-sow-headline-default-434190a5a924 so-widget-fittext-wrapper\"\n\t\t\t data-fit-text-compressor=\"0.85\"\n\t\t><div class=\"sow-headline-container \">\n\t\t\t\t\t\t\t<h3 class=\"sow-headline\">\n\t\t\t\t\t\t\t\t\t\t\t\t\t<a href=\"https:\/\/www.plasnor.com\/fr\/extrusion\/finitions\/\" target=\"_blank\" rel=\"noopener noreferrer\">\n\t\t\t\t\t\t\t\tFINITIONS<\/a>\t\t\t\t\t\t<\/h3>\n\t\t\t\t\t\t\t\t\t\t\t\t<p class=\"sow-sub-headline\">\n\t\t\t\t\t\tDiff\u00e9rents types de finitions.\t\t\t\t\t\t<\/p>\n\t\t\t\t\t\t<\/div>\n<\/div><\/div><\/div><\/div><\/div><div id=\"pgc-w6453feb6db3ed-0-2\"  class=\"panel-grid-cell\" ><div class=\"panel-cell-style panel-cell-style-for-w6453feb6db3ed-0-2\" ><div id=\"panel-w6453feb6db3ed-0-2-0\" class=\"so-panel widget widget_sow-image panel-first-child\" data-index=\"4\" ><div class=\"panel-widget-style panel-widget-style-for-w6453feb6db3ed-0-2-0\" ><div\n\t\t\t\n\t\t\tclass=\"so-widget-sow-image so-widget-sow-image-default-334eeca80698\"\n\t\t\t\n\t\t>\n<div class=\"sow-image-container\">\n\t\t\t<a href=\"https:\/\/www.plasnor.com\/fr\/extrusion\/secteurs-et-applications\/\"\n\t\t\t\t\t>\n\t\t\t<img \n\tsrc=\"https:\/\/www.plasnor.com\/wp-content\/uploads\/2023\/04\/extrusion-sectores.jpg\" width=\"375\" height=\"170\" srcset=\"https:\/\/www.plasnor.com\/wp-content\/uploads\/2023\/04\/extrusion-sectores.jpg 375w, https:\/\/www.plasnor.com\/wp-content\/uploads\/2023\/04\/extrusion-sectores-300x136.jpg 300w\" sizes=\"(max-width: 375px) 100vw, 375px\" title=\"SECTEURS ET APPLICATIONS\" alt=\"SECTEURS ET APPLICATIONS\" \t\tclass=\"so-widget-image\"\/>\n\t\t\t<\/a><\/div>\n\n<\/div><\/div><\/div><div id=\"panel-w6453feb6db3ed-0-2-1\" class=\"so-panel widget widget_sow-headline panel-last-child\" data-index=\"5\" ><div class=\"panel-widget-style panel-widget-style-for-w6453feb6db3ed-0-2-1\" ><div\n\t\t\t\n\t\t\tclass=\"so-widget-sow-headline so-widget-sow-headline-default-434190a5a924 so-widget-fittext-wrapper\"\n\t\t\t data-fit-text-compressor=\"0.85\"\n\t\t><div class=\"sow-headline-container \">\n\t\t\t\t\t\t\t<h3 class=\"sow-headline\">\n\t\t\t\t\t\t\t\t\t\t\t\t\t<a href=\"https:\/\/www.plasnor.com\/fr\/extrusion\/secteurs-et-applications\/\" >\n\t\t\t\t\t\t\t\tSECTEURS ET APPLICATIONS<\/a>\t\t\t\t\t\t<\/h3>\n\t\t\t\t\t\t\t\t\t\t\t\t<p class=\"sow-sub-headline\">\n\t\t\t\t\t\tPrincipaux secteurs et applications.\t\t\t\t\t\t<\/p>\n\t\t\t\t\t\t<\/div>\n<\/div><\/div><\/div><\/div><\/div><\/div><\/div><\/div><\/div><\/div><\/div><div id=\"pg-17104-2\"  class=\"panel-grid panel-has-style\" ><div class=\"siteorigin-panels-stretch panel-row-style panel-row-style-for-17104-2\" data-stretch-type=\"full\" ><div id=\"pgc-17104-2-0\"  class=\"panel-grid-cell\" ><div id=\"panel-17104-2-0-0\" class=\"so-panel widget widget_sow-headline panel-first-child\" data-index=\"3\" ><div\n\t\t\t\n\t\t\tclass=\"so-widget-sow-headline so-widget-sow-headline-default-3cfad08afa7c-17104 so-widget-fittext-wrapper\"\n\t\t\t data-fit-text-compressor=\"0.85\"\n\t\t><div class=\"sow-headline-container \">\n\t\t\t\t\t\t\t<h2 class=\"sow-headline\">\n\t\t\t\t\t\tMoyens techniques\t\t\t\t\t\t<\/h2>\n\t\t\t\t\t\t<\/div>\n<\/div><\/div><div id=\"panel-17104-2-0-1\" class=\"so-panel widget widget_siteorigin-panels-builder panel-last-child\" data-index=\"4\" ><div id=\"pl-w6453ffd0c886c\"  class=\"panel-layout\" ><div id=\"pg-w6453ffd0c886c-0\"  class=\"panel-grid panel-no-style\" ><div id=\"pgc-w6453ffd0c886c-0-0\"  class=\"panel-grid-cell\" ><div class=\"panel-cell-style panel-cell-style-for-w6453ffd0c886c-0-0\" ><div id=\"panel-w6453ffd0c886c-0-0-0\" class=\"so-panel widget widget_sow-image panel-first-child\" data-index=\"0\" ><div class=\"panel-widget-style panel-widget-style-for-w6453ffd0c886c-0-0-0\" ><div\n\t\t\t\n\t\t\tclass=\"so-widget-sow-image so-widget-sow-image-default-334eeca80698\"\n\t\t\t\n\t\t>\n<div class=\"sow-image-container\">\n\t\t\t<a href=\"https:\/\/www.plasnor.com\/fr\/extrusion\/laboratoire-propre\/\"\n\t\t\t\t\t>\n\t\t\t<img \n\tsrc=\"https:\/\/www.plasnor.com\/wp-content\/uploads\/2023\/04\/plasnor-masterbach_03.jpg\" width=\"375\" height=\"170\" srcset=\"https:\/\/www.plasnor.com\/wp-content\/uploads\/2023\/04\/plasnor-masterbach_03.jpg 375w, https:\/\/www.plasnor.com\/wp-content\/uploads\/2023\/04\/plasnor-masterbach_03-300x136.jpg 300w\" sizes=\"(max-width: 375px) 100vw, 375px\" title=\"LABORATOIRE propre\" alt=\"LABORATOIRE propre\" \t\tclass=\"so-widget-image\"\/>\n\t\t\t<\/a><\/div>\n\n<\/div><\/div><\/div><div id=\"panel-w6453ffd0c886c-0-0-1\" class=\"so-panel widget widget_sow-headline panel-last-child\" data-index=\"1\" ><div class=\"panel-widget-style panel-widget-style-for-w6453ffd0c886c-0-0-1\" ><div\n\t\t\t\n\t\t\tclass=\"so-widget-sow-headline so-widget-sow-headline-default-434190a5a924 so-widget-fittext-wrapper\"\n\t\t\t data-fit-text-compressor=\"0.85\"\n\t\t><div class=\"sow-headline-container \">\n\t\t\t\t\t\t\t<h3 class=\"sow-headline\">\n\t\t\t\t\t\t\t\t\t\t\t\t\t<a href=\"https:\/\/www.plasnor.com\/fr\/extrusion\/laboratoire-propre\/\" >\n\t\t\t\t\t\t\t\tLABORATOIRE propre<\/a>\t\t\t\t\t\t<\/h3>\n\t\t\t\t\t\t\t\t\t\t\t\t<p class=\"sow-sub-headline\">\n\t\t\t\t\t\tLaboratoire interne propre.\t\t\t\t\t\t<\/p>\n\t\t\t\t\t\t<\/div>\n<\/div><\/div><\/div><\/div><\/div><div id=\"pgc-w6453ffd0c886c-0-1\"  class=\"panel-grid-cell\" ><div class=\"panel-cell-style panel-cell-style-for-w6453ffd0c886c-0-1\" ><div id=\"panel-w6453ffd0c886c-0-1-0\" class=\"so-panel widget widget_sow-image panel-first-child\" data-index=\"2\" ><div class=\"panel-widget-style panel-widget-style-for-w6453ffd0c886c-0-1-0\" ><div\n\t\t\t\n\t\t\tclass=\"so-widget-sow-image so-widget-sow-image-default-334eeca80698\"\n\t\t\t\n\t\t>\n<div class=\"sow-image-container\">\n\t\t\t<a href=\"https:\/\/www.plasnor.com\/fr\/extrusion\/fabrication-de-masterbatch\/\"\n\t\t\t\t\t>\n\t\t\t<img \n\tsrc=\"https:\/\/www.plasnor.com\/wp-content\/uploads\/2023\/04\/plasnor-masterbach-02.jpg\" width=\"375\" height=\"170\" srcset=\"https:\/\/www.plasnor.com\/wp-content\/uploads\/2023\/04\/plasnor-masterbach-02.jpg 375w, https:\/\/www.plasnor.com\/wp-content\/uploads\/2023\/04\/plasnor-masterbach-02-300x136.jpg 300w\" sizes=\"(max-width: 375px) 100vw, 375px\" title=\"FABRICATION DE MASTERBATCHES\" alt=\"FABRICATION DE MASTERBATCHES\" \t\tclass=\"so-widget-image\"\/>\n\t\t\t<\/a><\/div>\n\n<\/div><\/div><\/div><div id=\"panel-w6453ffd0c886c-0-1-1\" class=\"so-panel widget widget_sow-headline panel-last-child\" data-index=\"3\" ><div class=\"panel-widget-style panel-widget-style-for-w6453ffd0c886c-0-1-1\" ><div\n\t\t\t\n\t\t\tclass=\"so-widget-sow-headline so-widget-sow-headline-default-434190a5a924 so-widget-fittext-wrapper\"\n\t\t\t data-fit-text-compressor=\"0.85\"\n\t\t><div class=\"sow-headline-container \">\n\t\t\t\t\t\t\t<h3 class=\"sow-headline\">\n\t\t\t\t\t\t\t\t\t\t\t\t\t<a href=\"https:\/\/www.plasnor.com\/fr\/extrusion\/fabrication-de-masterbatch\/\" >\n\t\t\t\t\t\t\t\tFABRICATION DE MASTERBATCHES<\/a>\t\t\t\t\t\t<\/h3>\n\t\t\t\t\t\t\t\t\t\t\t\t<p class=\"sow-sub-headline\">\n\t\t\t\t\t\tSp\u00e9cialistes de la couleur : contretypage et fabrication de masterbatches int\u00e9gr\u00e9s.\t\t\t\t\t\t<\/p>\n\t\t\t\t\t\t<\/div>\n<\/div><\/div><\/div><\/div><\/div><div id=\"pgc-w6453ffd0c886c-0-2\"  class=\"panel-grid-cell\" ><div class=\"panel-cell-style panel-cell-style-for-w6453ffd0c886c-0-2\" ><div id=\"panel-w6453ffd0c886c-0-2-0\" class=\"so-panel widget widget_sow-image panel-first-child\" data-index=\"4\" ><div class=\"panel-widget-style panel-widget-style-for-w6453ffd0c886c-0-2-0\" ><div\n\t\t\t\n\t\t\tclass=\"so-widget-sow-image so-widget-sow-image-default-334eeca80698\"\n\t\t\t\n\t\t>\n<div class=\"sow-image-container\">\n\t\t\t<a href=\"https:\/\/www.plasnor.com\/fr\/extrusion\/equipements-et-installations\/\"\n\t\t\t\t\t>\n\t\t\t<img \n\tsrc=\"https:\/\/www.plasnor.com\/wp-content\/uploads\/2023\/04\/rodillos2.jpg\" width=\"375\" height=\"170\" srcset=\"https:\/\/www.plasnor.com\/wp-content\/uploads\/2023\/04\/rodillos2.jpg 375w, https:\/\/www.plasnor.com\/wp-content\/uploads\/2023\/04\/rodillos2-300x136.jpg 300w\" sizes=\"(max-width: 375px) 100vw, 375px\" title=\"\u00c9QUIPEMENTS ET INSTALLATIONS\" alt=\"\u00c9QUIPEMENTS ET INSTALLATIONS\" \t\tclass=\"so-widget-image\"\/>\n\t\t\t<\/a><\/div>\n\n<\/div><\/div><\/div><div id=\"panel-w6453ffd0c886c-0-2-1\" class=\"so-panel widget widget_sow-headline panel-last-child\" data-index=\"5\" ><div class=\"panel-widget-style panel-widget-style-for-w6453ffd0c886c-0-2-1\" ><div\n\t\t\t\n\t\t\tclass=\"so-widget-sow-headline so-widget-sow-headline-default-434190a5a924 so-widget-fittext-wrapper\"\n\t\t\t data-fit-text-compressor=\"0.85\"\n\t\t><div class=\"sow-headline-container \">\n\t\t\t\t\t\t\t<h3 class=\"sow-headline\">\n\t\t\t\t\t\t\t\t\t\t\t\t\t<a href=\"https:\/\/www.plasnor.com\/fr\/extrusion\/equipements-et-installations\/\" >\n\t\t\t\t\t\t\t\t\u00c9QUIPEMENTS ET INSTALLATIONS<\/a>\t\t\t\t\t\t<\/h3>\n\t\t\t\t\t\t\t\t\t\t\t\t<p class=\"sow-sub-headline\">\n\t\t\t\t\t\tMachines d\u2019extrusion ultramodernes\t\t\t\t\t\t<\/p>\n\t\t\t\t\t\t<\/div>\n<\/div><\/div><\/div><\/div><\/div><\/div><\/div><\/div><\/div><\/div><\/div><div id=\"pg-17104-3\"  class=\"panel-grid panel-has-style\" ><div class=\"box-contactar siteorigin-panels-stretch panel-row-style panel-row-style-for-17104-3\" data-stretch-type=\"full\" ><div id=\"pgc-17104-3-0\"  class=\"panel-grid-cell\" ><div id=\"panel-17104-3-0-0\" class=\"so-panel widget widget_sow-features panel-first-child panel-last-child\" data-index=\"5\" ><div class=\"info-bandejas-forestales panel-widget-style panel-widget-style-for-17104-3-0-0\" ><div\n\t\t\t\n\t\t\tclass=\"so-widget-sow-features so-widget-sow-features-default-e119e9c0e550-17104\"\n\t\t\t\n\t\t><ul\n\tclass=\"sow-features-list\n\tsow-features-responsive\">\n\n\t\t\t<li\n\t\t\tclass=\"sow-features-feature sow-icon-container-position-right\"\n\t\t\tstyle=\"display: flex; flex-direction: row; width: calc(100% - 25px);\"\n\t\t>\n\t\t\t\n\t\t\t\t\t\t<a\t\t\t\tclass=\"sow-icon-container sow-container-round\"\n\t\t\t\tstyle=\"color: #3654aa; \"\n\t\t\t\t\n\t\t\t\t\t\t\t\t\thref=\"https:\/\/www.plasnor.com\/fr\/extrusion\/consultation\/\"\n\t\t\t\t\t\t\t\t>\n\t\t\t\t<span class=\"sow-icon-typicons\" data-sow-icon=\"&#xe091;\"\n\t\tstyle=\"font-size: 60px; color: #fff\" \n\t\taria-hidden=\"true\"><\/span>\t\t\t<\/a>\n\n\t\t\t<div class=\"textwidget\">\n\t\t\t\t\n\t\t\t\t\t\t\t\t\t<h3 class=\"sow-features-feature-title\">\n\t\t\t\t\t\tConseil Technique et Attention au Client\t\t\t\t\t<\/h3>\n\t\t\t\t\n\t\t\t\t\t\t\t\t\t<div class=\"sow-features-feature-text\">\n\t\t\t\t\t<p><em>Contactez-nous.<\/em><\/p>\n\t\t\t\t\t<\/div>\n\t\t\t\t\t\t\t\t<\/div>\n\t\t\t\t\t\t\t\t<\/li>\n\n\t<\/ul>\n<\/div><\/div><\/div><\/div><div id=\"pgc-17104-3-1\"  class=\"panel-grid-cell\" ><div id=\"panel-17104-3-1-0\" class=\"so-panel widget widget_sow-button panel-first-child panel-last-child\" data-index=\"6\" ><div\n\t\t\t\n\t\t\tclass=\"so-widget-sow-button so-widget-sow-button-flat-532f188b6dac-17104\"\n\t\t\t\n\t\t><div class=\"ow-button-base ow-button-align-center\"\n>\n\t\t\t<a\n\t\t\t\t\thref=\"https:\/\/www.plasnor.com\/fr\/extrusion\/consultation\/\"\n\t\t\t\t\tclass=\"sowb-button ow-icon-placement-left ow-button-hover\" \t>\n\t\t<span>\n\t\t\t\n\t\t\tContact\t\t<\/span>\n\t\t\t<\/a>\n\t<\/div>\n<\/div><\/div><\/div><\/div><\/div><div id=\"pg-17104-4\"  class=\"panel-grid panel-has-style\" ><div class=\"siteorigin-panels-stretch panel-row-style panel-row-style-for-17104-4\" data-stretch-type=\"full\" ><div id=\"pgc-17104-4-0\"  class=\"panel-grid-cell\" ><div id=\"panel-17104-4-0-0\" class=\"so-panel widget widget_sow-headline panel-first-child\" data-index=\"7\" ><div\n\t\t\t\n\t\t\tclass=\"so-widget-sow-headline so-widget-sow-headline-default-a2e02094e65b-17104 so-widget-fittext-wrapper\"\n\t\t\t data-fit-text-compressor=\"0.85\"\n\t\t><div class=\"sow-headline-container \">\n\t\t\t\t\t\t\t<h2 class=\"sow-headline\">\n\t\t\t\t\t\tNos s\u00e9ries sp\u00e9ciales\t\t\t\t\t\t<\/h2>\n\t\t\t\t\t\t\t\t\t\t\t<div class=\"decoration\">\n\t\t\t\t\t\t<div class=\"decoration-inside\"><\/div>\n\t\t\t\t\t<\/div>\n\t\t\t\t\t<\/div>\n<\/div><\/div><div id=\"panel-17104-4-0-1\" class=\"so-panel widget widget_siteorigin-panels-builder panel-last-child\" data-index=\"8\" ><div class=\"panel-widget-style panel-widget-style-for-17104-4-0-1\" ><div id=\"pl-w64540a45105cf\"  class=\"panel-layout\" ><div id=\"pg-w64540a45105cf-0\"  class=\"panel-grid panel-no-style\" ><div id=\"pgc-w64540a45105cf-0-0\"  class=\"panel-grid-cell\" ><div class=\"panel-cell-style panel-cell-style-for-w64540a45105cf-0-0\" ><div id=\"panel-w64540a45105cf-0-0-0\" class=\"so-panel widget widget_sow-headline panel-first-child\" data-index=\"0\" ><div\n\t\t\t\n\t\t\tclass=\"so-widget-sow-headline so-widget-sow-headline-default-b5eceb0782b5 so-widget-fittext-wrapper\"\n\t\t\t data-fit-text-compressor=\"0.85\"\n\t\t><div class=\"sow-headline-container \">\n\t\t\t\t\t\t\t<h3 class=\"sow-headline\">\n\t\t\t\t\t\tNORSAN SUPERMAT\t\t\t\t\t\t<\/h3>\n\t\t\t\t\t\t<\/div>\n<\/div><\/div><div id=\"panel-w64540a45105cf-0-0-1\" class=\"so-panel widget widget_sow-image\" data-index=\"1\" ><div class=\"panel-widget-style panel-widget-style-for-w64540a45105cf-0-0-1\" ><div\n\t\t\t\n\t\t\tclass=\"so-widget-sow-image so-widget-sow-image-default-113ccd71f3e6\"\n\t\t\t\n\t\t>\n<div class=\"sow-image-container\">\n\t\t<img \n\tsrc=\"https:\/\/www.plasnor.com\/wp-content\/uploads\/2023\/04\/norsan-logo.gif\" width=\"300\" height=\"57\" sizes=\"(max-width: 300px) 100vw, 300px\" title=\"NORSAN SUPERMAT\" alt=\"NORSAN SUPERMAT\" \t\tclass=\"so-widget-image\"\/>\n\t<\/div>\n\n<\/div><\/div><\/div><div id=\"panel-w64540a45105cf-0-0-2\" class=\"so-panel widget widget_sow-editor panel-last-child\" data-index=\"2\" ><div\n\t\t\t\n\t\t\tclass=\"so-widget-sow-editor so-widget-sow-editor-base\"\n\t\t\t\n\t\t>\n<div class=\"siteorigin-widget-tinymce textwidget\">\n\t<p style=\"text-align: center;\">Mat\u00e9riau d\u2019aspect tr\u00e8s mat et facile \u00e0 thermoformer, sp\u00e9cialement con\u00e7u pour le secteur du mobilier de salles de bains et sanitaires. \u00c9galement apte aux applications ext\u00e9rieures.<\/p>\n<\/div>\n<\/div><\/div><\/div><\/div><div id=\"pgc-w64540a45105cf-0-1\"  class=\"panel-grid-cell\" ><div class=\"panel-cell-style panel-cell-style-for-w64540a45105cf-0-1\" ><div id=\"panel-w64540a45105cf-0-1-0\" class=\"so-panel widget widget_sow-headline panel-first-child\" data-index=\"3\" ><div\n\t\t\t\n\t\t\tclass=\"so-widget-sow-headline so-widget-sow-headline-default-b5eceb0782b5 so-widget-fittext-wrapper\"\n\t\t\t data-fit-text-compressor=\"0.85\"\n\t\t><div class=\"sow-headline-container \">\n\t\t\t\t\t\t\t<h3 class=\"sow-headline\">\n\t\t\t\t\t\tALUMINIUM IMITATION\t\t\t\t\t\t<\/h3>\n\t\t\t\t\t\t<\/div>\n<\/div><\/div><div id=\"panel-w64540a45105cf-0-1-1\" class=\"so-panel widget widget_sow-image\" data-index=\"4\" ><div class=\"panel-widget-style panel-widget-style-for-w64540a45105cf-0-1-1\" ><div\n\t\t\t\n\t\t\tclass=\"so-widget-sow-image so-widget-sow-image-default-113ccd71f3e6\"\n\t\t\t\n\t\t>\n<div class=\"sow-image-container\">\n\t\t<img \n\tsrc=\"https:\/\/www.plasnor.com\/wp-content\/uploads\/2023\/04\/norsan-highgloss-logo.gif\" width=\"300\" height=\"57\" sizes=\"(max-width: 300px) 100vw, 300px\" title=\"ALUMINIUM IMITATION\" alt=\"ALUMINIUM IMITATION\" \t\tclass=\"so-widget-image\"\/>\n\t<\/div>\n\n<\/div><\/div><\/div><div id=\"panel-w64540a45105cf-0-1-2\" class=\"so-panel widget widget_sow-editor panel-last-child\" data-index=\"5\" ><div\n\t\t\t\n\t\t\tclass=\"so-widget-sow-editor so-widget-sow-editor-base\"\n\t\t\t\n\t\t>\n<div class=\"siteorigin-widget-tinymce textwidget\">\n\t<p style=\"text-align: center;\">Mat\u00e9riau thermoformable imitant l\u2019aluminium, id\u00e9al pour remplacer des pi\u00e8ces m\u00e9talliques par du plastique.<\/p>\n<\/div>\n<\/div><\/div><\/div><\/div><div id=\"pgc-w64540a45105cf-0-2\"  class=\"panel-grid-cell\" ><div class=\"panel-cell-style panel-cell-style-for-w64540a45105cf-0-2\" ><div id=\"panel-w64540a45105cf-0-2-0\" class=\"so-panel widget widget_sow-headline panel-first-child\" data-index=\"6\" ><div\n\t\t\t\n\t\t\tclass=\"so-widget-sow-headline so-widget-sow-headline-default-b5eceb0782b5 so-widget-fittext-wrapper\"\n\t\t\t data-fit-text-compressor=\"0.85\"\n\t\t><div class=\"sow-headline-container \">\n\t\t\t\t\t\t\t<h3 class=\"sow-headline\">\n\t\t\t\t\t\tNORSAN ICE\t\t\t\t\t\t<\/h3>\n\t\t\t\t\t\t<\/div>\n<\/div><\/div><div id=\"panel-w64540a45105cf-0-2-1\" class=\"so-panel widget widget_sow-image\" data-index=\"7\" ><div class=\"panel-widget-style panel-widget-style-for-w64540a45105cf-0-2-1\" ><div\n\t\t\t\n\t\t\tclass=\"so-widget-sow-image so-widget-sow-image-default-113ccd71f3e6\"\n\t\t\t\n\t\t>\n<div class=\"sow-image-container\">\n\t\t<img \n\tsrc=\"https:\/\/www.plasnor.com\/wp-content\/uploads\/2023\/04\/norsan-ice-logo.gif\" width=\"300\" height=\"57\" sizes=\"(max-width: 300px) 100vw, 300px\" title=\"NORSAN ICE\" alt=\"NORSAN ICE\" \t\tclass=\"so-widget-image\"\/>\n\t<\/div>\n\n<\/div><\/div><\/div><div id=\"panel-w64540a45105cf-0-2-2\" class=\"so-panel widget widget_sow-editor panel-last-child\" data-index=\"8\" ><div\n\t\t\t\n\t\t\tclass=\"so-widget-sow-editor so-widget-sow-editor-base\"\n\t\t\t\n\t\t>\n<div class=\"siteorigin-widget-tinymce textwidget\">\n\t<p style=\"text-align: center;\">Mat\u00e9riau imitant la glace, facile \u00e0 thermoformer. Sa bonne r\u00e9sistance aux rayures et aux rayons UV et sa facilit\u00e9 de lavage le convertissent en une solution contre le vandalisme.<\/p>\n<\/div>\n<\/div><\/div><\/div><\/div><\/div><\/div><\/div><\/div><\/div><\/div><\/div><\/div>","protected":false},"excerpt":{"rendered":"<p>Sp\u00e9cialistes en extrusion de plaque et de bobine sur mesure Mat\u00e9riaux Caract\u00e9ristiques des principaux mat\u00e9riaux thermoplastiques. FINITIONS Diff\u00e9rents &#8230; <a title=\"Extrusion\" class=\"read-more\" href=\"https:\/\/www.plasnor.com\/fr\/extrusion\/\" aria-label=\"En savoir plus sur Extrusion\">[ + info ]<\/a><\/p>\n","protected":false},"author":1,"featured_media":0,"parent":0,"menu_order":0,"comment_status":"closed","ping_status":"closed","template":"","meta":{"footnotes":""},"categories":[470],"tags":[],"class_list":{"0":"post-17104","1":"page","2":"type-page","3":"status-publish","5":"category-pages-home-fr"},"_links":{"self":[{"href":"https:\/\/www.plasnor.com\/fr\/wp-json\/wp\/v2\/pages\/17104","targetHints":{"allow":["GET"]}}],"collection":[{"href":"https:\/\/www.plasnor.com\/fr\/wp-json\/wp\/v2\/pages"}],"about":[{"href":"https:\/\/www.plasnor.com\/fr\/wp-json\/wp\/v2\/types\/page"}],"author":[{"embeddable":true,"href":"https:\/\/www.plasnor.com\/fr\/wp-json\/wp\/v2\/users\/1"}],"replies":[{"embeddable":true,"href":"https:\/\/www.plasnor.com\/fr\/wp-json\/wp\/v2\/comments?post=17104"}],"version-history":[{"count":0,"href":"https:\/\/www.plasnor.com\/fr\/wp-json\/wp\/v2\/pages\/17104\/revisions"}],"wp:attachment":[{"href":"https:\/\/www.plasnor.com\/fr\/wp-json\/wp\/v2\/media?parent=17104"}],"wp:term":[{"taxonomy":"category","embeddable":true,"href":"https:\/\/www.plasnor.com\/fr\/wp-json\/wp\/v2\/categories?post=17104"},{"taxonomy":"post_tag","embeddable":true,"href":"https:\/\/www.plasnor.com\/fr\/wp-json\/wp\/v2\/tags?post=17104"}],"curies":[{"name":"wp","href":"https:\/\/api.w.org\/{rel}","templated":true}]}}