{"id":17106,"date":"2023-04-20T16:18:45","date_gmt":"2023-04-20T14:18:45","guid":{"rendered":"https:\/\/www.plasnor.com\/about-us\/"},"modified":"2024-03-12T12:49:11","modified_gmt":"2024-03-12T11:49:11","slug":"presentation","status":"publish","type":"page","link":"https:\/\/www.plasnor.com\/fr\/presentation\/","title":{"rendered":"Pr\u00e9sentation"},"content":{"rendered":"<div id=\"pl-17106\"  class=\"panel-layout\" ><div id=\"pg-17106-0\"  class=\"panel-grid panel-has-style\" ><div class=\"section-interior panel-row-style panel-row-style-for-17106-0\" ><div id=\"pgc-17106-0-0\"  class=\"panel-grid-cell\" ><div id=\"panel-17106-0-0-0\" class=\"so-panel widget widget_sow-image panel-first-child panel-last-child\" data-index=\"0\" ><div\n\t\t\t\n\t\t\tclass=\"so-widget-sow-image so-widget-sow-image-default-8b5b6f678277-17106\"\n\t\t\t\n\t\t>\n<div class=\"sow-image-container\">\n\t\t<img \n\tsrc=\"https:\/\/www.plasnor.com\/wp-content\/uploads\/2023\/04\/plasnor-quienes-somos.jpg\" width=\"370\" height=\"130\" srcset=\"https:\/\/www.plasnor.com\/wp-content\/uploads\/2023\/04\/plasnor-quienes-somos.jpg 370w, https:\/\/www.plasnor.com\/wp-content\/uploads\/2023\/04\/plasnor-quienes-somos-300x105.jpg 300w\" sizes=\"(max-width: 370px) 100vw, 370px\" title=\"Plasnor\" alt=\"Plasnor\" \t\tclass=\"so-widget-image\"\/>\n\t<\/div>\n\n<\/div><\/div><\/div><div id=\"pgc-17106-0-1\"  class=\"panel-grid-cell\" ><div id=\"panel-17106-0-1-0\" class=\"so-panel widget widget_sow-headline panel-first-child panel-last-child\" data-index=\"1\" ><div\n\t\t\t\n\t\t\tclass=\"so-widget-sow-headline so-widget-sow-headline-default-d382a4f31426-17106 so-widget-fittext-wrapper\"\n\t\t\t data-fit-text-compressor=\"0.85\"\n\t\t><div class=\"sow-headline-container \">\n\t\t\t\t\t\t\t<h2 class=\"sow-headline\">\n\t\t\t\t\t\tPR\u00c9SENTATION\t\t\t\t\t\t<\/h2>\n\t\t\t\t\t\t\t\t\t\t\t\t<p class=\"sow-sub-headline\">\n\t\t\t\t\t\tLes principaux \u00e9l\u00e9ments qui font l\u2019identit\u00e9 de PLASNOR sont:\t\t\t\t\t\t<\/p>\n\t\t\t\t\t\t<\/div>\n<\/div><\/div><\/div><\/div><\/div><div id=\"pg-17106-1\"  class=\"panel-grid panel-has-style\" ><div class=\"section-interior panel-row-style panel-row-style-for-17106-1\" ><div id=\"pgc-17106-1-0\"  class=\"panel-grid-cell\" ><div id=\"panel-17106-1-0-0\" class=\"so-panel widget widget_sow-image panel-first-child panel-last-child\" data-index=\"2\" ><div\n\t\t\t\n\t\t\tclass=\"so-widget-sow-image so-widget-sow-image-default-8b5b6f678277-17106\"\n\t\t\t\n\t\t>\n<div class=\"sow-image-container\">\n\t\t<img \n\tsrc=\"https:\/\/www.plasnor.com\/wp-content\/uploads\/2023\/04\/equipo-humano-quienes-somos.jpg\" width=\"500\" height=\"333\" srcset=\"https:\/\/www.plasnor.com\/wp-content\/uploads\/2023\/04\/equipo-humano-quienes-somos.jpg 500w, https:\/\/www.plasnor.com\/wp-content\/uploads\/2023\/04\/equipo-humano-quienes-somos-300x200.jpg 300w\" sizes=\"(max-width: 500px) 100vw, 500px\" title=\"L\u2019\u00c9QUIPE HUMAINE\" alt=\"L\u2019\u00c9QUIPE HUMAINE\" \t\tclass=\"so-widget-image\"\/>\n\t<\/div>\n\n<\/div><\/div><\/div><div id=\"pgc-17106-1-1\"  class=\"panel-grid-cell\" ><div id=\"panel-17106-1-1-0\" class=\"so-panel widget widget_sow-editor panel-first-child panel-last-child\" data-index=\"3\" ><div\n\t\t\t\n\t\t\tclass=\"so-widget-sow-editor so-widget-sow-editor-base\"\n\t\t\t\n\t\t>\n<div class=\"siteorigin-widget-tinymce textwidget\">\n\t<p><img decoding=\"async\" class=\"alignnone wp-image-15452 size-full\" src=\"https:\/\/www.plasnor.com\/wp-content\/uploads\/2023\/04\/1staff.svg\" alt=\"L\u2019\u00c9QUIPE HUMAINE\" title=\"\"><\/p>\n<h3>L\u2019\u00c9QUIPE HUMAINE<\/h3>\n<p>Au sein de PLASNOR, nous avons plac\u00e9 l\u2019\u00c9QUIPE HUMAINE et le KNOW-HOW des personnes qui la forment, au centre de notre D\u00c9FI COMP\u00c9TITIF.<br \/>\nNous travaillons ensemble \u00e0 l\u2019accomplissement de notre MISSION et de notre STRAT\u00c9GIE.<br \/>\nNOTRE MISSION: \u00catre une r\u00e9f\u00e9rence dans les domaines de production o\u00f9 nous d\u00e9veloppons notre activit\u00e9: l\u2019EXTRUSION et le THERMOFORMAGE<\/p>\n<\/div>\n<\/div><\/div><\/div><\/div><\/div><div id=\"pg-17106-2\"  class=\"panel-grid panel-has-style\" ><div class=\"section-interior panel-row-style panel-row-style-for-17106-2\" ><div id=\"pgc-17106-2-0\"  class=\"panel-grid-cell\" ><div id=\"panel-17106-2-0-0\" class=\"so-panel widget widget_sow-image panel-first-child panel-last-child\" data-index=\"4\" ><div\n\t\t\t\n\t\t\tclass=\"so-widget-sow-image so-widget-sow-image-default-8b5b6f678277-17106\"\n\t\t\t\n\t\t>\n<div class=\"sow-image-container\">\n\t\t<img \n\tsrc=\"https:\/\/www.plasnor.com\/wp-content\/uploads\/2023\/04\/fachada-plasnor-quienes-somos2.jpg\" width=\"370\" height=\"237\" srcset=\"https:\/\/www.plasnor.com\/wp-content\/uploads\/2023\/04\/fachada-plasnor-quienes-somos2.jpg 370w, https:\/\/www.plasnor.com\/wp-content\/uploads\/2023\/04\/fachada-plasnor-quienes-somos2-300x192.jpg 300w\" sizes=\"(max-width: 370px) 100vw, 370px\" title=\"NOTRE EXP\u00c9RIENCE\" alt=\"NOTRE EXP\u00c9RIENCE\" \t\tclass=\"so-widget-image\"\/>\n\t<\/div>\n\n<\/div><\/div><\/div><div id=\"pgc-17106-2-1\"  class=\"panel-grid-cell\" ><div id=\"panel-17106-2-1-0\" class=\"so-panel widget widget_sow-editor panel-first-child panel-last-child\" data-index=\"5\" ><div\n\t\t\t\n\t\t\tclass=\"so-widget-sow-editor so-widget-sow-editor-base\"\n\t\t\t\n\t\t>\n<div class=\"siteorigin-widget-tinymce textwidget\">\n\t<p><img loading=\"lazy\" decoding=\"async\" class=\"alignnone wp-image-15460\" src=\"https:\/\/www.plasnor.com\/wp-content\/uploads\/2024\/03\/50years-cortado.png\" alt=\"NOTRE EXP\u00c9RIENCE\" width=\"166\" height=\"49\" title=\"\"><\/p>\n<h3>NOTRE EXP\u00c9RIENCE<\/h3>\n<p>Nous attestons 50 ANS d\u2019exp\u00e9rience dans la fabrication de plastiques. Tout au long de sa trajectoire, PLASNOR a suivi une strat\u00e9gie de diversification sectorielle qui lui a permis de s\u2019adapter aux n\u00e9cessit\u00e9s du moment.<\/p>\n<p>UNE VOLONT\u00c9 DE PERMANENCE : Notre objectif est de parier sur l\u2019AVENIR pour assurer la continuit\u00e9 du PROJET PLASNOR.<\/p>\n<\/div>\n<\/div><\/div><\/div><\/div><\/div><div id=\"pg-17106-3\"  class=\"panel-grid panel-has-style\" ><div class=\"section-interior panel-row-style panel-row-style-for-17106-3\" ><div id=\"pgc-17106-3-0\"  class=\"panel-grid-cell\" ><div id=\"panel-17106-3-0-0\" class=\"so-panel widget widget_sow-image panel-first-child panel-last-child\" data-index=\"6\" ><div\n\t\t\t\n\t\t\tclass=\"so-widget-sow-image so-widget-sow-image-default-8b5b6f678277-17106\"\n\t\t\t\n\t\t>\n<div class=\"sow-image-container\">\n\t\t<img \n\tsrc=\"https:\/\/www.plasnor.com\/wp-content\/uploads\/2023\/04\/plasnor-mecanizado-02-2.jpg\" width=\"500\" height=\"352\" srcset=\"https:\/\/www.plasnor.com\/wp-content\/uploads\/2023\/04\/plasnor-mecanizado-02-2.jpg 500w, https:\/\/www.plasnor.com\/wp-content\/uploads\/2023\/04\/plasnor-mecanizado-02-2-300x211.jpg 300w\" sizes=\"(max-width: 500px) 100vw, 500px\" title=\"TECHNOLOGIE &amp; INSTALLATIONS\" alt=\"TECHNOLOGIE &amp; INSTALLATIONS\" \t\tclass=\"so-widget-image\"\/>\n\t<\/div>\n\n<\/div><\/div><\/div><div id=\"pgc-17106-3-1\"  class=\"panel-grid-cell\" ><div id=\"panel-17106-3-1-0\" class=\"so-panel widget widget_sow-editor panel-first-child panel-last-child\" data-index=\"7\" ><div\n\t\t\t\n\t\t\tclass=\"so-widget-sow-editor so-widget-sow-editor-base\"\n\t\t\t\n\t\t>\n<div class=\"siteorigin-widget-tinymce textwidget\">\n\t<p><img decoding=\"async\" class=\"alignnone wp-image-15472 size-full\" src=\"https:\/\/www.plasnor.com\/wp-content\/uploads\/2023\/04\/2technologies-1.svg\" alt=\"TECHNOLOGIE &amp; INSTALLATIONS\" title=\"\"><\/p>\n<h3>TECHNOLOGIE & INSTALLATIONS<\/h3>\n<p>Nous disposons de deux usines de production situ\u00e9es \u00e0 Legazpi et Urretxu, qui \u00e0 elles deux couvrent une superficie totale de 11.000 m2, parfaitement am\u00e9nag\u00e9e pour mener \u00e0 bien les processus productifs d\u2019EXTRUSION et de THERMOFORMAGE, et toute une s\u00e9rie de PROCESSUS COMPL\u00c9MENTAIRES.<\/p>\n<\/div>\n<\/div><\/div><\/div><\/div><\/div><div id=\"pg-17106-4\"  class=\"panel-grid panel-has-style\" ><div class=\"section-interior panel-row-style panel-row-style-for-17106-4\" ><div id=\"pgc-17106-4-0\"  class=\"panel-grid-cell\" ><div id=\"panel-17106-4-0-0\" class=\"so-panel widget widget_sow-image panel-first-child panel-last-child\" data-index=\"8\" ><div\n\t\t\t\n\t\t\tclass=\"so-widget-sow-image so-widget-sow-image-default-8b5b6f678277-17106\"\n\t\t\t\n\t\t>\n<div class=\"sow-image-container\">\n\t\t<img \n\tsrc=\"https:\/\/www.plasnor.com\/wp-content\/uploads\/2023\/04\/mapa-internacionalizacion-quienes-somos.jpg\" width=\"370\" height=\"237\" srcset=\"https:\/\/www.plasnor.com\/wp-content\/uploads\/2023\/04\/mapa-internacionalizacion-quienes-somos.jpg 370w, https:\/\/www.plasnor.com\/wp-content\/uploads\/2023\/04\/mapa-internacionalizacion-quienes-somos-300x192.jpg 300w\" sizes=\"(max-width: 370px) 100vw, 370px\" title=\"INTERNATIONALISATION\" alt=\"INTERNATIONALISATION\" \t\tclass=\"so-widget-image\"\/>\n\t<\/div>\n\n<\/div><\/div><\/div><div id=\"pgc-17106-4-1\"  class=\"panel-grid-cell\" ><div id=\"panel-17106-4-1-0\" class=\"so-panel widget widget_sow-editor panel-first-child panel-last-child\" data-index=\"9\" ><div\n\t\t\t\n\t\t\tclass=\"so-widget-sow-editor so-widget-sow-editor-base\"\n\t\t\t\n\t\t>\n<div class=\"siteorigin-widget-tinymce textwidget\">\n\t<p><img decoding=\"async\" class=\"alignnone wp-image-15456\" src=\"https:\/\/www.plasnor.com\/wp-content\/uploads\/2023\/04\/3inter.svg\" alt=\"INTERNATIONALISATION\" width=\"200\" title=\"\"><\/p>\n<h3>INTERNATIONALISATION<\/h3>\n<p>Actuellement, PLASNOR EXPORTE PLUS DE 70% DE SES VENTES dans les CINQ CONTINENTS. Depuis de nombreuses ann\u00e9es, PLASNOR a mis\u00e9 sur une strat\u00e9gie d\u2019INTERNATIONALISATION et de DIVERSIFICATION DES MARCH\u00c9S qui a permis \u00e0 nos produits d\u2019\u00eatre pr\u00e9sents et comp\u00e9titifs sur le march\u00e9 mondial.<\/p>\n<\/div>\n<\/div><\/div><\/div><\/div><\/div><div id=\"pg-17106-5\"  class=\"panel-grid panel-has-style\" ><div class=\"section-interior panel-row-style panel-row-style-for-17106-5\" ><div id=\"pgc-17106-5-0\"  class=\"panel-grid-cell\" ><div id=\"panel-17106-5-0-0\" class=\"so-panel widget widget_sow-image panel-first-child panel-last-child\" data-index=\"10\" ><div\n\t\t\t\n\t\t\tclass=\"so-widget-sow-image so-widget-sow-image-default-8b5b6f678277-17106\"\n\t\t\t\n\t\t>\n<div class=\"sow-image-container\">\n\t\t<img \n\tsrc=\"https:\/\/www.plasnor.com\/wp-content\/uploads\/2023\/04\/tecno-instal1-quienes-somos-1.jpg\" width=\"370\" height=\"237\" srcset=\"https:\/\/www.plasnor.com\/wp-content\/uploads\/2023\/04\/tecno-instal1-quienes-somos-1.jpg 370w, https:\/\/www.plasnor.com\/wp-content\/uploads\/2023\/04\/tecno-instal1-quienes-somos-1-300x192.jpg 300w\" sizes=\"(max-width: 370px) 100vw, 370px\" title=\"NOS CLIENTS\" alt=\"NOS CLIENTS\" \t\tclass=\"so-widget-image\"\/>\n\t<\/div>\n\n<\/div><\/div><\/div><div id=\"pgc-17106-5-1\"  class=\"panel-grid-cell\" ><div id=\"panel-17106-5-1-0\" class=\"so-panel widget widget_sow-editor panel-first-child panel-last-child\" data-index=\"11\" ><div\n\t\t\t\n\t\t\tclass=\"so-widget-sow-editor so-widget-sow-editor-base\"\n\t\t\t\n\t\t>\n<div class=\"siteorigin-widget-tinymce textwidget\">\n\t<p>&nbsp;<\/p>\n<h3>NOS CLIENTS<\/h3>\n<p>Nous comptons parmi nos clients des ENTREPRISES LEADERS dans des SECTEURS DE POINTE.<\/p>\n<p>Notre OBJECTIF est de consolider avec nos clients des RELATIONS \u00c0 LONG TERME, afin de pouvoir collaborer \u00e0 des projets communs en privil\u00e9giant une relation client-PARTENAIRE, plut\u00f4t que client-fournisseur.<\/p>\n<\/div>\n<\/div><\/div><\/div><\/div><\/div><div id=\"pg-17106-6\"  class=\"panel-grid panel-has-style\" ><div class=\"section-interior panel-row-style panel-row-style-for-17106-6\" ><div id=\"pgc-17106-6-0\"  class=\"panel-grid-cell\" ><div id=\"panel-17106-6-0-0\" class=\"so-panel widget widget_sow-image panel-first-child panel-last-child\" data-index=\"12\" ><div\n\t\t\t\n\t\t\tclass=\"so-widget-sow-image so-widget-sow-image-default-8b5b6f678277-17106\"\n\t\t\t\n\t\t>\n<div class=\"sow-image-container\">\n\t\t<img \n\tsrc=\"https:\/\/www.plasnor.com\/wp-content\/uploads\/2023\/04\/servicio-quienes-somos.jpg\" width=\"370\" height=\"237\" srcset=\"https:\/\/www.plasnor.com\/wp-content\/uploads\/2023\/04\/servicio-quienes-somos.jpg 370w, https:\/\/www.plasnor.com\/wp-content\/uploads\/2023\/04\/servicio-quienes-somos-300x192.jpg 300w\" sizes=\"(max-width: 370px) 100vw, 370px\" title=\"SERVICE &amp; SOUPLESSE\" alt=\"SERVICE &amp; SOUPLESSE\" \t\tclass=\"so-widget-image\"\/>\n\t<\/div>\n\n<\/div><\/div><\/div><div id=\"pgc-17106-6-1\"  class=\"panel-grid-cell\" ><div id=\"panel-17106-6-1-0\" class=\"so-panel widget widget_sow-editor panel-first-child panel-last-child\" data-index=\"13\" ><div\n\t\t\t\n\t\t\tclass=\"so-widget-sow-editor so-widget-sow-editor-base\"\n\t\t\t\n\t\t>\n<div class=\"siteorigin-widget-tinymce textwidget\">\n\t<p>&nbsp;<\/p>\n<h3>SERVICE & SOUPLESSE<\/h3>\n<p>Consid\u00e9rant que l\u2019ORIENTATION CLIENT est une n\u00e9cessit\u00e9 \u00e9vidente et indispensable, nous nous distinguons par notre SOUPLESSE et notre CAPACIT\u00c9 DE SERVICE.<\/p>\n<p>NOTRE OBJECTIF est de PR\u00caTER UN SERVICE DE QUALIT\u00c9 et de SATISFAIRE LES BESOINS DE NOS CLIENTS.<\/p>\n<\/div>\n<\/div><\/div><\/div><\/div><\/div><div id=\"pg-17106-7\"  class=\"panel-grid panel-has-style\" ><div class=\"section-interior panel-row-style panel-row-style-for-17106-7\" ><div id=\"pgc-17106-7-0\"  class=\"panel-grid-cell\" ><div id=\"panel-17106-7-0-0\" class=\"so-panel widget widget_sow-image panel-first-child panel-last-child\" data-index=\"14\" ><div\n\t\t\t\n\t\t\tclass=\"so-widget-sow-image so-widget-sow-image-default-8b5b6f678277-17106\"\n\t\t\t\n\t\t>\n<div class=\"sow-image-container\">\n\t\t<img \n\tsrc=\"https:\/\/www.plasnor.com\/wp-content\/uploads\/2023\/04\/idi-quienes-somos.jpg\" width=\"370\" height=\"237\" srcset=\"https:\/\/www.plasnor.com\/wp-content\/uploads\/2023\/04\/idi-quienes-somos.jpg 370w, https:\/\/www.plasnor.com\/wp-content\/uploads\/2023\/04\/idi-quienes-somos-300x192.jpg 300w\" sizes=\"(max-width: 370px) 100vw, 370px\" title=\"R&amp;D+innovation\" alt=\"R&amp;D+innovation\" \t\tclass=\"so-widget-image\"\/>\n\t<\/div>\n\n<\/div><\/div><\/div><div id=\"pgc-17106-7-1\"  class=\"panel-grid-cell\" ><div id=\"panel-17106-7-1-0\" class=\"so-panel widget widget_sow-editor panel-first-child panel-last-child\" data-index=\"15\" ><div\n\t\t\t\n\t\t\tclass=\"so-widget-sow-editor so-widget-sow-editor-base\"\n\t\t\t\n\t\t>\n<div class=\"siteorigin-widget-tinymce textwidget\">\n\t<p><img loading=\"lazy\" decoding=\"async\" class=\"alignnone wp-image-15464\" src=\"https:\/\/www.plasnor.com\/wp-content\/uploads\/2023\/04\/5rdi.svg\" alt=\"I+D+i\" width=\"167\" height=\"30\" title=\"\"><\/p>\n<h3>R&D+innovation<\/h3>\n<p>La recherche, le d\u00e9veloppement et l\u2019innovation sont une PART ESSENTIELLE DE LA STRAT\u00c9GIE D\u2019ENTREPRISE de PLASNOR, un pari pour l\u2019avenir et un facteur indispensable \u00e0 l\u2019am\u00e9lioration continue.<\/p>\n<p>Nous disposons de notre PROPRE D\u00c9PARTEMENT de R&D+innovation et nous collaborons avec des CENTRES TECHNOLOGIQUES au d\u00e9veloppement de produits dans DIVERS PROJETS EUROP\u00c9ENS.<\/p>\n<\/div>\n<\/div><\/div><\/div><\/div><\/div><div id=\"pg-17106-8\"  class=\"panel-grid panel-has-style\" ><div class=\"section-interior panel-row-style panel-row-style-for-17106-8\" ><div id=\"pgc-17106-8-0\"  class=\"panel-grid-cell\" ><div id=\"panel-17106-8-0-0\" class=\"so-panel widget widget_sow-image panel-first-child panel-last-child\" data-index=\"16\" ><div\n\t\t\t\n\t\t\tclass=\"so-widget-sow-image so-widget-sow-image-default-8b5b6f678277-17106\"\n\t\t\t\n\t\t>\n<div class=\"sow-image-container\">\n\t\t<img \n\tsrc=\"https:\/\/www.plasnor.com\/wp-content\/uploads\/2023\/04\/calidad-quienes-somos.jpg\" width=\"370\" height=\"237\" srcset=\"https:\/\/www.plasnor.com\/wp-content\/uploads\/2023\/04\/calidad-quienes-somos.jpg 370w, https:\/\/www.plasnor.com\/wp-content\/uploads\/2023\/04\/calidad-quienes-somos-300x192.jpg 300w\" sizes=\"(max-width: 370px) 100vw, 370px\" title=\"Quality\" alt=\"Quality\" \t\tclass=\"so-widget-image\"\/>\n\t<\/div>\n\n<\/div><\/div><\/div><div id=\"pgc-17106-8-1\"  class=\"panel-grid-cell\" ><div id=\"panel-17106-8-1-0\" class=\"so-panel widget widget_sow-editor panel-first-child panel-last-child\" data-index=\"17\" ><div\n\t\t\t\n\t\t\tclass=\"so-widget-sow-editor so-widget-sow-editor-base\"\n\t\t\t\n\t\t>\n<div class=\"siteorigin-widget-tinymce textwidget\">\n\t<p><img loading=\"lazy\" decoding=\"async\" class=\"alignnone wp-image-15544 size-full\" src=\"https:\/\/www.plasnor.com\/wp-content\/uploads\/2023\/04\/icono-calidad.png\" alt=\"Quality\" width=\"167\" height=\"30\" title=\"\"><\/p>\n<h3>Quality<\/h3>\n<p> La politique de gestion de notre soci\u00e9t\u00e9 est \u00e0 votre disposition:<\/p>\n<p><a class=\"pdf\" href=\"\/documents\/ISO9001-2015-Certificate-SPANISH-ENGLISH-expirate-date-2021-11-08.pdf\" target=\"_blank\" rel=\"noopener noreferrer\"><img decoding=\"async\" class=\"alignnone size-full\" src=\"\/wp-content\/uploads\/2023\/04\/icono-pdf2.png\" alt=\"\" title=\"\"><u>  ISO Certificate 9001:2015<\/u><\/a><\/p>\n<\/div>\n<\/div><\/div><\/div><\/div><\/div><\/div>","protected":false},"excerpt":{"rendered":"<p>L\u2019\u00c9QUIPE HUMAINE Au sein de PLASNOR, nous avons plac\u00e9 l\u2019\u00c9QUIPE HUMAINE et le KNOW-HOW des personnes qui la &#8230; <a title=\"Pr\u00e9sentation\" class=\"read-more\" href=\"https:\/\/www.plasnor.com\/fr\/presentation\/\" aria-label=\"En savoir plus sur Pr\u00e9sentation\">[ + info ]<\/a><\/p>\n","protected":false},"author":1,"featured_media":0,"parent":0,"menu_order":0,"comment_status":"closed","ping_status":"closed","template":"","meta":{"footnotes":""},"categories":[470],"tags":[],"class_list":{"0":"post-17106","1":"page","2":"type-page","3":"status-publish","5":"category-pages-home-fr"},"_links":{"self":[{"href":"https:\/\/www.plasnor.com\/fr\/wp-json\/wp\/v2\/pages\/17106","targetHints":{"allow":["GET"]}}],"collection":[{"href":"https:\/\/www.plasnor.com\/fr\/wp-json\/wp\/v2\/pages"}],"about":[{"href":"https:\/\/www.plasnor.com\/fr\/wp-json\/wp\/v2\/types\/page"}],"author":[{"embeddable":true,"href":"https:\/\/www.plasnor.com\/fr\/wp-json\/wp\/v2\/users\/1"}],"replies":[{"embeddable":true,"href":"https:\/\/www.plasnor.com\/fr\/wp-json\/wp\/v2\/comments?post=17106"}],"version-history":[{"count":0,"href":"https:\/\/www.plasnor.com\/fr\/wp-json\/wp\/v2\/pages\/17106\/revisions"}],"wp:attachment":[{"href":"https:\/\/www.plasnor.com\/fr\/wp-json\/wp\/v2\/media?parent=17106"}],"wp:term":[{"taxonomy":"category","embeddable":true,"href":"https:\/\/www.plasnor.com\/fr\/wp-json\/wp\/v2\/categories?post=17106"},{"taxonomy":"post_tag","embeddable":true,"href":"https:\/\/www.plasnor.com\/fr\/wp-json\/wp\/v2\/tags?post=17106"}],"curies":[{"name":"wp","href":"https:\/\/api.w.org\/{rel}","templated":true}]}}